{"id":360075,"date":"2000-11-10T23:35:33","date_gmt":"2000-11-10T22:35:33","guid":{"rendered":"https:\/\/mnxsportswear.com\/product\/mnx-mesh-shorts-yellow\/"},"modified":"2026-03-01T18:55:42","modified_gmt":"2026-03-01T17:55:42","slug":"mnx-mesh-shorts-yellow","status":"publish","type":"product","link":"https:\/\/mnxsportswear.com\/es\/product\/mnx-mesh-shorts-yellow\/","title":{"rendered":"MNX Pantalones cortos de malla amarillo"},"content":{"rendered":"<p>MNX pantalones cortos de malla en amarillo.<\/p>\n<p><strong>Material:<\/strong> 100% poli\u00e9ster<br \/>\n<strong>Color:<\/strong> como se muestra<br \/>\n<strong>Tallas:<\/strong> S, M, L, XL, XXL, 3XL<\/p>\n<p>El modelo de la foto (185 cm, 110 kg) lleva la talla XL.<\/p>\n","protected":false},"excerpt":{"rendered":"<p>Pantal\u00f3n corto MNX amarillo, confeccionado en tejido de malla transpirable para una sensaci\u00f3n s\u00faper suave. Ajuste holgado para un uso m\u00e1s c\u00f3modo. Cinturilla el\u00e1stica con cord\u00f3n interior rojo para un ajuste regulable. Con bolsillos con cremallera a ambos lados. Disponible en tallas S-3XL.<\/p>\n","protected":false},"featured_media":365051,"comment_status":"open","ping_status":"closed","template":"","meta":[],"product_brand":[],"product_cat":[2494,2505],"product_tag":[],"class_list":{"0":"post-360075","1":"product","2":"type-product","3":"status-publish","4":"has-post-thumbnail","6":"product_cat-hombres","7":"product_cat-pantalones-cortos","9":"first","10":"outofstock","11":"sale","12":"taxable","13":"shipping-taxable","14":"purchasable","15":"product-type-variable"},"exclude_global_add_ons":[],"addons":[],"_links":{"self":[{"href":"https:\/\/mnxsportswear.com\/es\/wp-json\/wp\/v2\/product\/360075","targetHints":{"allow":["GET"]}}],"collection":[{"href":"https:\/\/mnxsportswear.com\/es\/wp-json\/wp\/v2\/product"}],"about":[{"href":"https:\/\/mnxsportswear.com\/es\/wp-json\/wp\/v2\/types\/product"}],"replies":[{"embeddable":true,"href":"https:\/\/mnxsportswear.com\/es\/wp-json\/wp\/v2\/comments?post=360075"}],"version-history":[{"count":0,"href":"https:\/\/mnxsportswear.com\/es\/wp-json\/wp\/v2\/product\/360075\/revisions"}],"wp:featuredmedia":[{"embeddable":true,"href":"https:\/\/mnxsportswear.com\/es\/wp-json\/wp\/v2\/media\/365051"}],"wp:attachment":[{"href":"https:\/\/mnxsportswear.com\/es\/wp-json\/wp\/v2\/media?parent=360075"}],"wp:term":[{"taxonomy":"product_brand","embeddable":true,"href":"https:\/\/mnxsportswear.com\/es\/wp-json\/wp\/v2\/product_brand?post=360075"},{"taxonomy":"product_cat","embeddable":true,"href":"https:\/\/mnxsportswear.com\/es\/wp-json\/wp\/v2\/product_cat?post=360075"},{"taxonomy":"product_tag","embeddable":true,"href":"https:\/\/mnxsportswear.com\/es\/wp-json\/wp\/v2\/product_tag?post=360075"}],"curies":[{"name":"wp","href":"https:\/\/api.w.org\/{rel}","templated":true}]}}