{"id":360128,"date":"2000-11-10T23:35:33","date_gmt":"2000-11-10T22:35:33","guid":{"rendered":"https:\/\/mnxsportswear.com\/product\/mnx-football-jersey-no-45\/"},"modified":"2026-03-01T18:00:06","modified_gmt":"2026-03-01T17:00:06","slug":"mnx-football-jersey-no-45","status":"publish","type":"product","link":"https:\/\/mnxsportswear.com\/es\/product\/mnx-football-jersey-no-45\/","title":{"rendered":"MNX Jersey de f\u00fatbol No. 45"},"content":{"rendered":"<p>MNX <span data-sheets-root=\"1\" data-sheets-value=\"{&quot;1&quot;:2,&quot;2&quot;:&quot;TEE de f\u00fatbol No. 45&quot;}\" data-sheets-userformat=\"{&quot;2&quot;:30722,&quot;4&quot;:{&quot;1&quot;:2,&quot;2&quot;:16777215},&quot;14&quot;:{&quot;1&quot;:2,&quot;2&quot;:2236962},&quot;15&quot;:&quot;-apple-system, system-ui, BlinkMacSystemFont, \\&quot;Segoe UI\\&quot;, Helvetica, Arial, sans-serif, \\&quot;Apple Color Emoji\\&quot;, \\&quot;Segoe UI Emoji\\&quot;, \\&quot;Segoe UI Symbol\\&quot;&quot;,&quot;16&quot;:13,&quot;17&quot;:1}\" data-sheets-formula=\"= GoogleTranslate (R[-3]C[-1]; R[0]C[2];R[0]C[1])\">TEE de f\u00fatbol No. 45<\/span><\/p>\n<p><span data-sheets-root=\"1\" data-sheets-value=\"{&quot;1&quot;:2,&quot;2&quot;:&quot;Material: 100% poli\u00e9ster&quot;}\" data-sheets-userformat=\"{&quot;2&quot;:30722,&quot;4&quot;:{&quot;1&quot;:2,&quot;2&quot;:16777215},&quot;14&quot;:{&quot;1&quot;:2,&quot;2&quot;:2236962},&quot;15&quot;:&quot;-apple-system, system-ui, BlinkMacSystemFont, \\&quot;Segoe UI\\&quot;, Helvetica, Arial, sans-serif, \\&quot;Apple Color Emoji\\&quot;, \\&quot;Segoe UI Emoji\\&quot;, \\&quot;Segoe UI Symbol\\&quot;&quot;,&quot;16&quot;:13,&quot;17&quot;:1}\" data-sheets-formula=\"= GoogleTranslate (R[-3]C[-1]; R[0]C[2];R[0]C[1])\">Material: 100% poli\u00e9ster<\/span><br \/>\n<span data-sheets-root=\"1\" data-sheets-value=\"{&quot;1&quot;:2,&quot;2&quot;:&quot;Color: como se muestra&quot;}\" data-sheets-userformat=\"{&quot;2&quot;:30722,&quot;4&quot;:{&quot;1&quot;:2,&quot;2&quot;:16777215},&quot;14&quot;:{&quot;1&quot;:2,&quot;2&quot;:2236962},&quot;15&quot;:&quot;-apple-system, system-ui, BlinkMacSystemFont, \\&quot;Segoe UI\\&quot;, Helvetica, Arial, sans-serif, \\&quot;Apple Color Emoji\\&quot;, \\&quot;Segoe UI Emoji\\&quot;, \\&quot;Segoe UI Symbol\\&quot;&quot;,&quot;16&quot;:13,&quot;17&quot;:1}\" data-sheets-formula=\"= GoogleTranslate (R[-3]C[-1]; R[0]C[2];R[0]C[1])\">Color: como se muestra<\/span><br \/>\n<span data-sheets-root=\"1\" data-sheets-value=\"{&quot;1&quot;:2,&quot;2&quot;:&quot;Estilo: de gran tama\u00f1o&quot;}\" data-sheets-userformat=\"{&quot;2&quot;:30722,&quot;4&quot;:{&quot;1&quot;:2,&quot;2&quot;:16777215},&quot;14&quot;:{&quot;1&quot;:2,&quot;2&quot;:2236962},&quot;15&quot;:&quot;-apple-system, system-ui, BlinkMacSystemFont, \\&quot;Segoe UI\\&quot;, Helvetica, Arial, sans-serif, \\&quot;Apple Color Emoji\\&quot;, \\&quot;Segoe UI Emoji\\&quot;, \\&quot;Segoe UI Symbol\\&quot;&quot;,&quot;16&quot;:13,&quot;17&quot;:1}\" data-sheets-formula=\"= GoogleTranslate (R[-3]C[-1]; R[0]C[2];R[0]C[1])\">Estilo: de gran tama\u00f1o<\/span><br \/>\n<span data-sheets-root=\"1\" data-sheets-value=\"{&quot;1&quot;:2,&quot;2&quot;:&quot;Tama\u00f1os:&quot;}\" data-sheets-userformat=\"{&quot;2&quot;:30722,&quot;4&quot;:{&quot;1&quot;:2,&quot;2&quot;:16777215},&quot;14&quot;:{&quot;1&quot;:2,&quot;2&quot;:2236962},&quot;15&quot;:&quot;-apple-system, system-ui, BlinkMacSystemFont, \\&quot;Segoe UI\\&quot;, Helvetica, Arial, sans-serif, \\&quot;Apple Color Emoji\\&quot;, \\&quot;Segoe UI Emoji\\&quot;, \\&quot;Segoe UI Symbol\\&quot;&quot;,&quot;16&quot;:13,&quot;17&quot;:1}\" data-sheets-formula=\"= GoogleTranslate (R[-3]C[-1]; R[0]C[2];R[0]C[1])\">Tama\u00f1os: <\/span>S, M, L, XL, XXL, 3XL, 4XL, 5XL<\/p>\n<p><span data-sheets-root=\"1\" data-sheets-value=\"{&quot;1&quot;:2,&quot;2&quot;:&quot;El modelo en la foto (185 cm\/110 kg) usa xxl.&quot;}\" data-sheets-userformat=\"{&quot;2&quot;:30722,&quot;4&quot;:{&quot;1&quot;:2,&quot;2&quot;:16777215},&quot;14&quot;:{&quot;1&quot;:2,&quot;2&quot;:2236962},&quot;15&quot;:&quot;-apple-system, system-ui, BlinkMacSystemFont, \\&quot;Segoe UI\\&quot;, Helvetica, Arial, sans-serif, \\&quot;Apple Color Emoji\\&quot;, \\&quot;Segoe UI Emoji\\&quot;, \\&quot;Segoe UI Symbol\\&quot;&quot;,&quot;16&quot;:13,&quot;17&quot;:1}\" data-sheets-formula=\"= GoogleTranslate (R[-3]C[-1]; R[0]C[2];R[0]C[1])\">El modelo en la foto (185 cm\/110 kg) usa xxl.<\/span><\/p>\n","protected":false},"excerpt":{"rendered":"<p><span data-sheets-root=\"1\" data-sheets-value=\"{&quot;1&quot;:2,&quot;2&quot;:&quot;Jersey MNX Special No. 45 para todos los amantes de las camisetas de estilo de f\u00fatbol americano. Hecho de tela suave con secciones de malla tricot transpirables agregadas para la m\u00e1xima comodidad. Totalmente impreso con gr\u00e1ficos MNX perfectos. Patches MNX bordados especiales. Disponible en tama\u00f1os S-5XL.&quot;}\" data-sheets-userformat=\"{&quot;2&quot;:30722,&quot;4&quot;:{&quot;1&quot;:2,&quot;2&quot;:16777215},&quot;14&quot;:{&quot;1&quot;:2,&quot;2&quot;:2236962},&quot;15&quot;:&quot;-apple-system, system-ui, BlinkMacSystemFont, \\&quot;Segoe UI\\&quot;, Helvetica, Arial, sans-serif, \\&quot;Apple Color Emoji\\&quot;, \\&quot;Segoe UI Emoji\\&quot;, \\&quot;Segoe UI Symbol\\&quot;&quot;,&quot;16&quot;:13,&quot;17&quot;:1}\" data-sheets-formula=\"= GoogleTranslate (R[-3]C[-1]; R[0]C[2];R[0]C[1])\">Jersey MNX Special No. 45 para todos los amantes de las camisetas de estilo de f\u00fatbol americano. Hecho de tela suave con secciones de malla tricot transpirables agregadas para la m\u00e1xima comodidad. Totalmente impreso con gr\u00e1ficos MNX perfectos. Patches MNX bordados especiales. Disponible en tama\u00f1os S-5XL.<\/span><\/p>\n","protected":false},"featured_media":359004,"comment_status":"open","ping_status":"closed","template":"","meta":[],"product_brand":[],"product_cat":[2493,2494],"product_tag":[],"class_list":{"0":"post-360128","1":"product","2":"type-product","3":"status-publish","4":"has-post-thumbnail","6":"product_cat-camiseta-de-futbol","7":"product_cat-hombres","9":"first","10":"instock","11":"sale","12":"taxable","13":"shipping-taxable","14":"purchasable","15":"product-type-variable"},"exclude_global_add_ons":[],"addons":[],"_links":{"self":[{"href":"https:\/\/mnxsportswear.com\/es\/wp-json\/wp\/v2\/product\/360128","targetHints":{"allow":["GET"]}}],"collection":[{"href":"https:\/\/mnxsportswear.com\/es\/wp-json\/wp\/v2\/product"}],"about":[{"href":"https:\/\/mnxsportswear.com\/es\/wp-json\/wp\/v2\/types\/product"}],"replies":[{"embeddable":true,"href":"https:\/\/mnxsportswear.com\/es\/wp-json\/wp\/v2\/comments?post=360128"}],"version-history":[{"count":0,"href":"https:\/\/mnxsportswear.com\/es\/wp-json\/wp\/v2\/product\/360128\/revisions"}],"wp:featuredmedia":[{"embeddable":true,"href":"https:\/\/mnxsportswear.com\/es\/wp-json\/wp\/v2\/media\/359004"}],"wp:attachment":[{"href":"https:\/\/mnxsportswear.com\/es\/wp-json\/wp\/v2\/media?parent=360128"}],"wp:term":[{"taxonomy":"product_brand","embeddable":true,"href":"https:\/\/mnxsportswear.com\/es\/wp-json\/wp\/v2\/product_brand?post=360128"},{"taxonomy":"product_cat","embeddable":true,"href":"https:\/\/mnxsportswear.com\/es\/wp-json\/wp\/v2\/product_cat?post=360128"},{"taxonomy":"product_tag","embeddable":true,"href":"https:\/\/mnxsportswear.com\/es\/wp-json\/wp\/v2\/product_tag?post=360128"}],"curies":[{"name":"wp","href":"https:\/\/api.w.org\/{rel}","templated":true}]}}