{"id":360205,"date":"2000-11-10T23:35:33","date_gmt":"2000-11-10T22:35:33","guid":{"rendered":"https:\/\/mnxsportswear.com\/product\/ribbed-tank-top-black-02\/"},"modified":"2026-03-01T18:55:42","modified_gmt":"2026-03-01T17:55:42","slug":"ribbed-tank-top-black-02","status":"publish","type":"product","link":"https:\/\/mnxsportswear.com\/es\/product\/ribbed-tank-top-black-02\/","title":{"rendered":"Camiseta sin mangas Canal\u00e9 Negro 02"},"content":{"rendered":"<p>Camiseta sin mangas en cl\u00e1sico tejido el\u00e1stico de canal\u00e9.<\/p>\n<p><strong>Material:<\/strong> 100% algod\u00f3n<br \/>\n<strong>Color:<\/strong> como se muestra<br \/>\n<strong>Estilo:<\/strong> corte ajustado<br \/>\n<strong>Peso<\/strong> aproximado. 180 gramos<br \/>\n<strong>Tallas:<\/strong> S, M, L, XL, 2XL, 3XL, 4XL<\/p>\n<p><em>Modelos en la foto<\/em><br \/>\n<em>&#8211; 185 cm, 110 kg, lleva la talla XL.<\/em><br \/>\n<em>&#8211; 189 cm, 92 kg, usa talla M.<\/em><\/p>\n","protected":false},"excerpt":{"rendered":"<p>Camiseta MNX Ribbed Tank en color negro, confeccionada en 100% algod\u00f3n suave que se adapta bien a tu cuerpo. Tejido de malla transpirable en ambos lados y logos MNX de goma. Esta camiseta sin mangas es perfecta para tu look casual.<\/p>\n","protected":false},"featured_media":359050,"comment_status":"open","ping_status":"closed","template":"","meta":[],"product_brand":[],"product_cat":[3092,2511,2494],"product_tag":[],"class_list":{"0":"post-360205","1":"product","2":"type-product","3":"status-publish","4":"has-post-thumbnail","6":"product_cat-acanalada","7":"product_cat-camisetas-sin-mangas","8":"product_cat-hombres","10":"first","11":"outofstock","12":"sale","13":"taxable","14":"shipping-taxable","15":"purchasable","16":"product-type-variable"},"exclude_global_add_ons":[],"addons":[],"_links":{"self":[{"href":"https:\/\/mnxsportswear.com\/es\/wp-json\/wp\/v2\/product\/360205","targetHints":{"allow":["GET"]}}],"collection":[{"href":"https:\/\/mnxsportswear.com\/es\/wp-json\/wp\/v2\/product"}],"about":[{"href":"https:\/\/mnxsportswear.com\/es\/wp-json\/wp\/v2\/types\/product"}],"replies":[{"embeddable":true,"href":"https:\/\/mnxsportswear.com\/es\/wp-json\/wp\/v2\/comments?post=360205"}],"version-history":[{"count":0,"href":"https:\/\/mnxsportswear.com\/es\/wp-json\/wp\/v2\/product\/360205\/revisions"}],"wp:featuredmedia":[{"embeddable":true,"href":"https:\/\/mnxsportswear.com\/es\/wp-json\/wp\/v2\/media\/359050"}],"wp:attachment":[{"href":"https:\/\/mnxsportswear.com\/es\/wp-json\/wp\/v2\/media?parent=360205"}],"wp:term":[{"taxonomy":"product_brand","embeddable":true,"href":"https:\/\/mnxsportswear.com\/es\/wp-json\/wp\/v2\/product_brand?post=360205"},{"taxonomy":"product_cat","embeddable":true,"href":"https:\/\/mnxsportswear.com\/es\/wp-json\/wp\/v2\/product_cat?post=360205"},{"taxonomy":"product_tag","embeddable":true,"href":"https:\/\/mnxsportswear.com\/es\/wp-json\/wp\/v2\/product_tag?post=360205"}],"curies":[{"name":"wp","href":"https:\/\/api.w.org\/{rel}","templated":true}]}}