{"id":361163,"date":"2000-11-10T23:35:36","date_gmt":"2000-11-10T22:35:36","guid":{"rendered":"https:\/\/mnxsportswear.com\/product\/mnx-mens-hoodie-athletic-sea-blue\/"},"modified":"2026-03-02T03:53:30","modified_gmt":"2026-03-02T02:53:30","slug":"mnx-mens-hoodie-athletic-sea-blue","status":"publish","type":"product","link":"https:\/\/mnxsportswear.com\/es\/product\/mnx-mens-hoodie-athletic-sea-blue\/","title":{"rendered":"MNX Men&#8217;s hoodie Athletic, azul marino"},"content":{"rendered":"<p>Sudadera con capucha MNX Athletic sin cremallera<\/p>\n<p><strong>Material:<\/strong> 80% algod\u00f3n, 20% poli\u00e9ster (5% encogimiento)<br \/>\n<strong>Color:<\/strong> como se muestra<br \/>\n<strong>Estilo:<\/strong> de gran tama\u00f1o<br \/>\n<strong>Peso<\/strong> aproximado. 590 gramos (talla L)<br \/>\n<strong>Tallas:<\/strong> S, M, L, XL, XXL, 3XL, 4XL<\/p>\n<p>El modelo de la foto (107 kg \/ 181 cm) lleva la talla XL.<\/p>\n<p><strong>Instrucciones de cuidado:<\/strong><br \/>\nLavar a 30\u00b0C, lavado normal, no usar lej\u00eda, no secar en secadora, no planchar en caliente (110\u00b0C), tener cuidado al planchar con vapor, no lavar en seco.<\/p>\n","protected":false},"excerpt":{"rendered":"<p>Wrap yourself in this MNX hoodie and feel comfortable at every moment. Neckline with a drawcord for the special look and a cangaroo pocket. MNX branding at the front and on the back. Combine this hoodie with the <em><strong>Athletic pants<\/strong><\/em> and create yourself a perfect outfit.<\/p>\n<p>Envu\u00e9lvete en esta sudadera con capucha MNX y si\u00e9ntete c\u00f3modo en cada momento. Escote con cord\u00f3n para un look especial y bolsillo canguro. Marca MNX en la parte delantera y trasera. Combina esta sudadera con capucha con los pantalones Athletic y crea un outfit perfecto.<\/p>\n","protected":false},"featured_media":359476,"comment_status":"open","ping_status":"closed","template":"","meta":[],"product_brand":[],"product_cat":[2512],"product_tag":[],"class_list":{"0":"post-361163","1":"product","2":"type-product","3":"status-publish","4":"has-post-thumbnail","6":"product_cat-sudaderas","8":"first","9":"instock","10":"taxable","11":"shipping-taxable","12":"product-type-variable"},"exclude_global_add_ons":[],"addons":[],"_links":{"self":[{"href":"https:\/\/mnxsportswear.com\/es\/wp-json\/wp\/v2\/product\/361163","targetHints":{"allow":["GET"]}}],"collection":[{"href":"https:\/\/mnxsportswear.com\/es\/wp-json\/wp\/v2\/product"}],"about":[{"href":"https:\/\/mnxsportswear.com\/es\/wp-json\/wp\/v2\/types\/product"}],"replies":[{"embeddable":true,"href":"https:\/\/mnxsportswear.com\/es\/wp-json\/wp\/v2\/comments?post=361163"}],"version-history":[{"count":0,"href":"https:\/\/mnxsportswear.com\/es\/wp-json\/wp\/v2\/product\/361163\/revisions"}],"wp:featuredmedia":[{"embeddable":true,"href":"https:\/\/mnxsportswear.com\/es\/wp-json\/wp\/v2\/media\/359476"}],"wp:attachment":[{"href":"https:\/\/mnxsportswear.com\/es\/wp-json\/wp\/v2\/media?parent=361163"}],"wp:term":[{"taxonomy":"product_brand","embeddable":true,"href":"https:\/\/mnxsportswear.com\/es\/wp-json\/wp\/v2\/product_brand?post=361163"},{"taxonomy":"product_cat","embeddable":true,"href":"https:\/\/mnxsportswear.com\/es\/wp-json\/wp\/v2\/product_cat?post=361163"},{"taxonomy":"product_tag","embeddable":true,"href":"https:\/\/mnxsportswear.com\/es\/wp-json\/wp\/v2\/product_tag?post=361163"}],"curies":[{"name":"wp","href":"https:\/\/api.w.org\/{rel}","templated":true}]}}