{"id":363547,"date":"2023-12-29T11:11:43","date_gmt":"2023-12-29T10:11:43","guid":{"rendered":"https:\/\/mnxsportswear.com\/?post_type=product&#038;p=363547"},"modified":"2026-03-02T03:07:01","modified_gmt":"2026-03-02T02:07:01","slug":"mnx-football-jersey-10th-anniversary-limited-edition","status":"publish","type":"product","link":"https:\/\/mnxsportswear.com\/es\/product\/mnx-football-jersey-10th-anniversary-limited-edition\/","title":{"rendered":"MNX Football jersey 10th anniversary *LIMITED EDITION*"},"content":{"rendered":"<p><strong>Camiseta de f\u00fatbol.<br \/>\n<\/strong><\/p>\n<ul>\n<li>hecho de tejido de micromalla transpirable,<\/li>\n<li>secciones de malla tricot transpirable en ambos lados,<\/li>\n<li>perfecto para tu entrenamiento o ropa casual,<\/li>\n<li>Dise\u00f1o y detalles exclusivos de MNX.<\/li>\n<\/ul>\n<p><strong>Material:<\/strong> 100% poli\u00e9ster<br \/>\n<strong>Color: <\/strong>Como se muestra<br \/>\n<strong>Estilo:<\/strong> Ajuste de gran tama\u00f1o<br \/>\n<strong>Tallas:<\/strong> S, M, L, XL, XXL, 3XL, 4XL, 5XL.<\/p>\n","protected":false},"excerpt":{"rendered":"<p><span style=\"color: #ff0000;\"><strong>\u00a1MNX ha estado en escena durante una d\u00e9cada!<\/strong> <\/span>Celebre 10 a\u00f1os de existencia con nosotros con esta camiseta de f\u00fatbol edici\u00f3n aniversario en color dorado y n\u00famero 10. <strong>Disponible en cantidades limitadas<\/strong>. Confeccionado en tejido suave para m\u00e1xima comodidad. Con parche especial MNX y estampado del d\u00e9cimo aniversario.<\/p>\n","protected":false},"featured_media":363575,"comment_status":"open","ping_status":"closed","template":"","meta":[],"product_brand":[],"product_cat":[2493,2494],"product_tag":[],"class_list":{"0":"post-363547","1":"product","2":"type-product","3":"status-publish","4":"has-post-thumbnail","6":"product_cat-camiseta-de-futbol","7":"product_cat-hombres","9":"first","10":"instock","11":"sale","12":"taxable","13":"shipping-taxable","14":"purchasable","15":"product-type-variable"},"exclude_global_add_ons":[],"addons":[],"_links":{"self":[{"href":"https:\/\/mnxsportswear.com\/es\/wp-json\/wp\/v2\/product\/363547","targetHints":{"allow":["GET"]}}],"collection":[{"href":"https:\/\/mnxsportswear.com\/es\/wp-json\/wp\/v2\/product"}],"about":[{"href":"https:\/\/mnxsportswear.com\/es\/wp-json\/wp\/v2\/types\/product"}],"replies":[{"embeddable":true,"href":"https:\/\/mnxsportswear.com\/es\/wp-json\/wp\/v2\/comments?post=363547"}],"version-history":[{"count":0,"href":"https:\/\/mnxsportswear.com\/es\/wp-json\/wp\/v2\/product\/363547\/revisions"}],"wp:featuredmedia":[{"embeddable":true,"href":"https:\/\/mnxsportswear.com\/es\/wp-json\/wp\/v2\/media\/363575"}],"wp:attachment":[{"href":"https:\/\/mnxsportswear.com\/es\/wp-json\/wp\/v2\/media?parent=363547"}],"wp:term":[{"taxonomy":"product_brand","embeddable":true,"href":"https:\/\/mnxsportswear.com\/es\/wp-json\/wp\/v2\/product_brand?post=363547"},{"taxonomy":"product_cat","embeddable":true,"href":"https:\/\/mnxsportswear.com\/es\/wp-json\/wp\/v2\/product_cat?post=363547"},{"taxonomy":"product_tag","embeddable":true,"href":"https:\/\/mnxsportswear.com\/es\/wp-json\/wp\/v2\/product_tag?post=363547"}],"curies":[{"name":"wp","href":"https:\/\/api.w.org\/{rel}","templated":true}]}}