{"id":365560,"date":"2024-02-09T12:51:51","date_gmt":"2024-02-09T11:51:51","guid":{"rendered":"https:\/\/mnxsportswear.com\/?post_type=product&#038;p=365560"},"modified":"2026-03-02T03:53:17","modified_gmt":"2026-03-02T02:53:17","slug":"camiseta-motivacional-personalizada-jersey","status":"publish","type":"product","link":"https:\/\/mnxsportswear.com\/es\/product\/camiseta-motivacional-personalizada-jersey\/","title":{"rendered":"Camiseta Motivacional Personalizada Jersey"},"content":{"rendered":"<p>\u00a1Dise\u00f1a tu propia camiseta!<\/p>\n<ul>\n<li>hecho de tela de micromalla transpirable,<\/li>\n<li>secciones de malla de tricot transpirable en ambos lados,<\/li>\n<li>perfecto para tu entrenamiento o ropa casual,<\/li>\n<li>dise\u00f1o y detalles \u00fanicos de MNX.<\/li>\n<\/ul>\n<p><strong>Fuentes:<\/strong> puedes elegir entre 2 fuentes.<\/p>\n<p><strong>Ancho del n\u00famero y nombre en el reverso:<\/strong> m\u00e1x. 30 centimetros<\/p>\n<p><strong>Material:<\/strong> 100% poli\u00e9ster (5% encogimiento)<br \/>\n<strong>Color:<\/strong> como se muestra<br \/>\n<strong>Estilo:<\/strong> de gran tama\u00f1o<br \/>\n<strong>Tallas:<\/strong> S, M, L, XL, XXL, 3XL<\/p>\n","protected":false},"excerpt":{"rendered":"<p>\u00a1Personaliza tu propia camiseta de f\u00fatbol \u00fanica con un logotipo explosivo para una m\u00e1xima motivaci\u00f3n durante el entrenamiento! Crea tu propia camiseta \u00fanica eligiendo el logotipo, el n\u00famero, el nombre, el color de impresi\u00f3n, el color de la camiseta y el estilo de fuente. El logo estar\u00e1 impreso en el frente y su nombre y n\u00famero en la parte posterior.<\/p>\n<p><em>Nota: Le recomendamos que ingrese palabras cortas. Cuanto m\u00e1s largas escribas las palabras, m\u00e1s peque\u00f1os se volver\u00e1n los caracteres para ajustarse al ancho de la camiseta.<\/em><\/p>\n","protected":false},"featured_media":365841,"comment_status":"open","ping_status":"closed","template":"","meta":[],"product_brand":[],"product_cat":[2494,2525],"product_tag":[],"class_list":{"0":"post-365560","1":"product","2":"type-product","3":"status-publish","4":"has-post-thumbnail","6":"product_cat-hombres","7":"product_cat-ropa-personalizada","8":"yith_product_brand-mnx-es","10":"first","11":"outofstock","12":"taxable","13":"shipping-taxable","14":"purchasable","15":"product-type-variable"},"exclude_global_add_ons":true,"addons":[{"name":"N\u00daMERO","type":"custom_text","position":0,"required":false,"title_format":"label","default":"","description_enable":false,"description":"","placeholder_enable":false,"placeholder":"","display":"select","restrictions_type":"only_numbers","adjust_price":false,"price":"4","price_type":"quantity_based","restrictions":true,"min":"0","max":"2","options":[],"id":1708097132},{"name":"NOMBRE","type":"custom_text","position":1,"required":false,"title_format":"label","default":"","description_enable":false,"description":"","placeholder_enable":false,"placeholder":"","display":"select","restrictions_type":"only_letters_numbers","adjust_price":false,"price":"2","price_type":"quantity_based","restrictions":true,"min":"0","max":"14","options":[],"id":1708097133}],"_links":{"self":[{"href":"https:\/\/mnxsportswear.com\/es\/wp-json\/wp\/v2\/product\/365560","targetHints":{"allow":["GET"]}}],"collection":[{"href":"https:\/\/mnxsportswear.com\/es\/wp-json\/wp\/v2\/product"}],"about":[{"href":"https:\/\/mnxsportswear.com\/es\/wp-json\/wp\/v2\/types\/product"}],"replies":[{"embeddable":true,"href":"https:\/\/mnxsportswear.com\/es\/wp-json\/wp\/v2\/comments?post=365560"}],"version-history":[{"count":0,"href":"https:\/\/mnxsportswear.com\/es\/wp-json\/wp\/v2\/product\/365560\/revisions"}],"wp:featuredmedia":[{"embeddable":true,"href":"https:\/\/mnxsportswear.com\/es\/wp-json\/wp\/v2\/media\/365841"}],"wp:attachment":[{"href":"https:\/\/mnxsportswear.com\/es\/wp-json\/wp\/v2\/media?parent=365560"}],"wp:term":[{"taxonomy":"product_brand","embeddable":true,"href":"https:\/\/mnxsportswear.com\/es\/wp-json\/wp\/v2\/product_brand?post=365560"},{"taxonomy":"product_cat","embeddable":true,"href":"https:\/\/mnxsportswear.com\/es\/wp-json\/wp\/v2\/product_cat?post=365560"},{"taxonomy":"product_tag","embeddable":true,"href":"https:\/\/mnxsportswear.com\/es\/wp-json\/wp\/v2\/product_tag?post=365560"}],"curies":[{"name":"wp","href":"https:\/\/api.w.org\/{rel}","templated":true}]}}