{"id":376290,"date":"2024-09-02T09:03:12","date_gmt":"2024-09-02T07:03:12","guid":{"rendered":"https:\/\/new24.mnxsportswear.com\/?post_type=product&#038;p=376290"},"modified":"2026-03-01T18:23:38","modified_gmt":"2026-03-01T17:23:38","slug":"mnx-sudadera-con-capucha-motion-sky-blu","status":"publish","type":"product","link":"https:\/\/mnxsportswear.com\/es\/product\/mnx-sudadera-con-capucha-motion-sky-blu\/","title":{"rendered":"MNX sudadera con capucha Motion, sky blu"},"content":{"rendered":"<p>Sudadera con capucha MNX Motion.<\/p>\n<ul>\n<li>tela suave de algod\u00f3n,<\/li>\n<li>perfecto para entrenamiento o tiempo libre,<\/li>\n<li>marca MNX original,<\/li>\n<li>pu\u00f1os y dobladillo de canal\u00e9.<\/li>\n<\/ul>\n<p><strong>Material:<\/strong> 80% algod\u00f3n, 20% poli\u00e9ster (5% encogimiento)<br \/>\n<strong>Color:<\/strong> como se muestra<br \/>\n<strong>Peso<\/strong> aproximado. 450 gramos<br \/>\n<strong>Tallas:<\/strong> S, M, L, XL, XXL, 3XL, 4XL<br \/>\n<strong>Estilo:<\/strong> corte holgado<\/p>\n<p><em>El modelo en las fotograf\u00edas de estudio lleva la talla M (178 cm, 87 kg).<\/em><\/p>\n","protected":false},"excerpt":{"rendered":"<p>Lo urbano se encuentra con lo deportivo en nuestra colecci\u00f3n Motion. Con esta sudadera con capucha MNX tienes la combinaci\u00f3n de estilo cl\u00e1sico y look informal para ir a cualquier parte. Con un nuevo parche con el logo MNX original en el frente, marca minimalista en la manga y debajo de la capucha, pu\u00f1os el\u00e1sticos y una mezcla de tela suave. Disponible en varios colores. Consulta tambi\u00e9n los pantalones Motion y crea un outfit perfecto.<\/p>\n","protected":false},"featured_media":367269,"comment_status":"open","ping_status":"closed","template":"","meta":[],"product_brand":[],"product_cat":[2494,2512,3071],"product_tag":[],"class_list":{"0":"post-376290","1":"product","2":"type-product","3":"status-publish","4":"has-post-thumbnail","6":"product_cat-hombres","7":"product_cat-sudaderas","8":"product_cat-sudaderas-con-capucha","9":"yith_product_brand-mnx-es","10":"yith_product_brand-motion-es","12":"first","13":"instock","14":"taxable","15":"shipping-taxable","16":"purchasable","17":"product-type-variable"},"exclude_global_add_ons":[],"addons":[],"_links":{"self":[{"href":"https:\/\/mnxsportswear.com\/es\/wp-json\/wp\/v2\/product\/376290","targetHints":{"allow":["GET"]}}],"collection":[{"href":"https:\/\/mnxsportswear.com\/es\/wp-json\/wp\/v2\/product"}],"about":[{"href":"https:\/\/mnxsportswear.com\/es\/wp-json\/wp\/v2\/types\/product"}],"replies":[{"embeddable":true,"href":"https:\/\/mnxsportswear.com\/es\/wp-json\/wp\/v2\/comments?post=376290"}],"version-history":[{"count":1,"href":"https:\/\/mnxsportswear.com\/es\/wp-json\/wp\/v2\/product\/376290\/revisions"}],"predecessor-version":[{"id":406975,"href":"https:\/\/mnxsportswear.com\/es\/wp-json\/wp\/v2\/product\/376290\/revisions\/406975"}],"wp:featuredmedia":[{"embeddable":true,"href":"https:\/\/mnxsportswear.com\/es\/wp-json\/wp\/v2\/media\/367269"}],"wp:attachment":[{"href":"https:\/\/mnxsportswear.com\/es\/wp-json\/wp\/v2\/media?parent=376290"}],"wp:term":[{"taxonomy":"product_brand","embeddable":true,"href":"https:\/\/mnxsportswear.com\/es\/wp-json\/wp\/v2\/product_brand?post=376290"},{"taxonomy":"product_cat","embeddable":true,"href":"https:\/\/mnxsportswear.com\/es\/wp-json\/wp\/v2\/product_cat?post=376290"},{"taxonomy":"product_tag","embeddable":true,"href":"https:\/\/mnxsportswear.com\/es\/wp-json\/wp\/v2\/product_tag?post=376290"}],"curies":[{"name":"wp","href":"https:\/\/api.w.org\/{rel}","templated":true}]}}