{"id":376296,"date":"2024-09-02T09:03:11","date_gmt":"2024-09-02T07:03:11","guid":{"rendered":"https:\/\/new24.mnxsportswear.com\/?post_type=product&#038;p=376296"},"modified":"2026-03-20T01:50:33","modified_gmt":"2026-03-20T00:50:33","slug":"mnx-pantalon-motion-negro","status":"publish","type":"product","link":"https:\/\/mnxsportswear.com\/es\/product\/mnx-pantalon-motion-negro\/","title":{"rendered":"MNX Pantal\u00f3n Motion, negro"},"content":{"rendered":"<p>Pantal\u00f3n deportivo MNX <em>Motion<\/em>.<\/p>\n<ul>\n<li>Tela suave de algod\u00f3n,<\/li>\n<li>perfecto para entrenamiento o tiempo libre,<\/li>\n<li>marca MNX original,<\/li>\n<li>cintura el\u00e1stica con cord\u00f3n interior,<\/li>\n<li>bolsillos laterales y traseros.<\/li>\n<\/ul>\n<p><strong>Material:<\/strong> 80% algod\u00f3n, 20% poli\u00e9ster (5% encogimiento)<br \/>\n<strong>Color:<\/strong> como se muestra<br \/>\n<strong>Peso aproximado.<\/strong> 600 gramos<br \/>\n<strong>Tallas:<\/strong> S, M, L, XL, 2XL, 3XL, 4XL<br \/>\n<strong>Estilo:<\/strong> corte holgado<\/p>\n<p><em>El modelo en las fotograf\u00edas de estudio lleva la talla M (178 cm, 87 kg).<\/em><\/p>\n","protected":false},"excerpt":{"rendered":"<p>Lo urbano se encuentra con lo deportivo en nuestra colecci\u00f3n Motion. Con estos pantalones MNX Motion tienes la combinaci\u00f3n de estilo cl\u00e1sico y look casual para ir a cualquier parte. Con nuevo parche con el logo MNX original en el frente, marca minimalista en la pierna derecha y en la espalda, bolsillos, pu\u00f1os el\u00e1sticos con cord\u00f3n ajustable y mezcla de tela suave. Disponible en varios colores. Consulta tambi\u00e9n la <a href=\"https:\/\/mnxsportswear.com\/product-category\/men\/hoodies-sweatshirts\/\">sudadera con capucha Motion<\/a> y crea un outfit perfecto.<\/p>\n","protected":false},"featured_media":367211,"comment_status":"open","ping_status":"closed","template":"","meta":[],"product_brand":[],"product_cat":[3080,2494,2513,3588],"product_tag":[],"class_list":{"0":"post-376296","1":"product","2":"type-product","3":"status-publish","4":"has-post-thumbnail","6":"product_cat-corte-holgado","7":"product_cat-hombres","8":"product_cat-pantalones-largos","9":"product_cat-repoblar","10":"yith_product_brand-mnx-es","11":"yith_product_brand-motion-es","13":"first","14":"instock","15":"taxable","16":"shipping-taxable","17":"purchasable","18":"product-type-variable"},"exclude_global_add_ons":[],"addons":[],"_links":{"self":[{"href":"https:\/\/mnxsportswear.com\/es\/wp-json\/wp\/v2\/product\/376296","targetHints":{"allow":["GET"]}}],"collection":[{"href":"https:\/\/mnxsportswear.com\/es\/wp-json\/wp\/v2\/product"}],"about":[{"href":"https:\/\/mnxsportswear.com\/es\/wp-json\/wp\/v2\/types\/product"}],"replies":[{"embeddable":true,"href":"https:\/\/mnxsportswear.com\/es\/wp-json\/wp\/v2\/comments?post=376296"}],"version-history":[{"count":1,"href":"https:\/\/mnxsportswear.com\/es\/wp-json\/wp\/v2\/product\/376296\/revisions"}],"predecessor-version":[{"id":406982,"href":"https:\/\/mnxsportswear.com\/es\/wp-json\/wp\/v2\/product\/376296\/revisions\/406982"}],"wp:featuredmedia":[{"embeddable":true,"href":"https:\/\/mnxsportswear.com\/es\/wp-json\/wp\/v2\/media\/367211"}],"wp:attachment":[{"href":"https:\/\/mnxsportswear.com\/es\/wp-json\/wp\/v2\/media?parent=376296"}],"wp:term":[{"taxonomy":"product_brand","embeddable":true,"href":"https:\/\/mnxsportswear.com\/es\/wp-json\/wp\/v2\/product_brand?post=376296"},{"taxonomy":"product_cat","embeddable":true,"href":"https:\/\/mnxsportswear.com\/es\/wp-json\/wp\/v2\/product_cat?post=376296"},{"taxonomy":"product_tag","embeddable":true,"href":"https:\/\/mnxsportswear.com\/es\/wp-json\/wp\/v2\/product_tag?post=376296"}],"curies":[{"name":"wp","href":"https:\/\/api.w.org\/{rel}","templated":true}]}}