{"id":376298,"date":"2024-09-02T09:03:11","date_gmt":"2024-09-02T07:03:11","guid":{"rendered":"https:\/\/new24.mnxsportswear.com\/?post_type=product&#038;p=376298"},"modified":"2026-03-01T18:23:38","modified_gmt":"2026-03-01T17:23:38","slug":"chaqueta-de-bombardero-mnx-era-dorada-dark-green","status":"publish","type":"product","link":"https:\/\/mnxsportswear.com\/es\/product\/chaqueta-de-bombardero-mnx-era-dorada-dark-green\/","title":{"rendered":"Chaqueta de bombardero MNX Era dorada, dark green"},"content":{"rendered":"<p>Chaqueta bomber MNX de la \u00e9poca dorada.<\/p>\n<ul>\n<li>Dise\u00f1o y marca inspirados en la Era Dorada.<\/li>\n<li>bolsillos laterales e interiores con cremallera,<\/li>\n<li>ajuste holgado,<\/li>\n<li>pu\u00f1os y dobladillo de canal\u00e9.<\/li>\n<\/ul>\n<p><strong>Material:<\/strong> 100% poli\u00e9ster (5% encogimiento)<br \/>\n<strong>Color:<\/strong> como se muestra<br \/>\n<strong>Peso aproximado.<\/strong> 760 gramos<br \/>\n<strong>Tallas:<\/strong> XS\/S, S\/M, L\/XL, 2XL\/3XL, 4XL\/5XL<br \/>\n<strong>Estilo:<\/strong> corte holgado<\/p>\n<p><em>El modelo en las fotograf\u00edas de estudio lleva la talla S\/M (178 cm, 87 kg).<\/em><\/p>\n","protected":false},"excerpt":{"rendered":"<p>Prep\u00e1rate para el clima fresco con esta llamativa chaqueta bomber MNX, inspirada en la \u00e9poca dorada del fitness. Con pu\u00f1os y cuello acanalados cl\u00e1sicos en contraste de colores, logotipo bordado en la parte delantera y un gran logotipo de la \u00e9poca dorada en la parte posterior, bolsillos laterales e interiores con cremallera. Disponible en varios colores. Consulta tambi\u00e9n nuestra <a href=\"https:\/\/mnxsportswear.com\/product-category\/men\/golden-era\/\">colecci\u00f3n Golden Era<\/a> para ver ropa de gimnasio m\u00e1s elegante.<\/p>\n","protected":false},"featured_media":367410,"comment_status":"open","ping_status":"closed","template":"","meta":[],"product_brand":[],"product_cat":[3196,2494,4059,2512],"product_tag":[],"class_list":{"0":"post-376298","1":"product","2":"type-product","3":"status-publish","4":"has-post-thumbnail","6":"product_cat-golden-era-es-2","7":"product_cat-hombres","8":"product_cat-jacket-es","9":"product_cat-sudaderas","10":"pa_double-sizes-4xl-5xl-es","11":"pa_double-sizes-l-xl-es","12":"pa_double-sizes-s-m-es","13":"pa_double-sizes-xs-s-es","14":"pa_double-sizes-xxl-3xl-es","15":"yith_product_brand-mnx-es","17":"first","18":"instock","19":"taxable","20":"shipping-taxable","21":"purchasable","22":"product-type-variable"},"exclude_global_add_ons":[],"addons":[],"_links":{"self":[{"href":"https:\/\/mnxsportswear.com\/es\/wp-json\/wp\/v2\/product\/376298","targetHints":{"allow":["GET"]}}],"collection":[{"href":"https:\/\/mnxsportswear.com\/es\/wp-json\/wp\/v2\/product"}],"about":[{"href":"https:\/\/mnxsportswear.com\/es\/wp-json\/wp\/v2\/types\/product"}],"replies":[{"embeddable":true,"href":"https:\/\/mnxsportswear.com\/es\/wp-json\/wp\/v2\/comments?post=376298"}],"version-history":[{"count":1,"href":"https:\/\/mnxsportswear.com\/es\/wp-json\/wp\/v2\/product\/376298\/revisions"}],"predecessor-version":[{"id":407007,"href":"https:\/\/mnxsportswear.com\/es\/wp-json\/wp\/v2\/product\/376298\/revisions\/407007"}],"wp:featuredmedia":[{"embeddable":true,"href":"https:\/\/mnxsportswear.com\/es\/wp-json\/wp\/v2\/media\/367410"}],"wp:attachment":[{"href":"https:\/\/mnxsportswear.com\/es\/wp-json\/wp\/v2\/media?parent=376298"}],"wp:term":[{"taxonomy":"product_brand","embeddable":true,"href":"https:\/\/mnxsportswear.com\/es\/wp-json\/wp\/v2\/product_brand?post=376298"},{"taxonomy":"product_cat","embeddable":true,"href":"https:\/\/mnxsportswear.com\/es\/wp-json\/wp\/v2\/product_cat?post=376298"},{"taxonomy":"product_tag","embeddable":true,"href":"https:\/\/mnxsportswear.com\/es\/wp-json\/wp\/v2\/product_tag?post=376298"}],"curies":[{"name":"wp","href":"https:\/\/api.w.org\/{rel}","templated":true}]}}