{"id":376303,"date":"2024-09-02T09:03:10","date_gmt":"2024-09-02T07:03:10","guid":{"rendered":"https:\/\/new24.mnxsportswear.com\/?post_type=product&#038;p=376303"},"modified":"2026-03-01T18:22:43","modified_gmt":"2026-03-01T17:22:43","slug":"mnx-workout-top-golden-era-purpura","status":"publish","type":"product","link":"https:\/\/mnxsportswear.com\/es\/product\/mnx-workout-top-golden-era-purpura\/","title":{"rendered":"MNX Workout Top Golden Era, p\u00farpura"},"content":{"rendered":"<p>Top de entrenamiento MNX Era Dorada<\/p>\n<ul>\n<li>hecho de una mezcla de algod\u00f3n suave y c\u00e1lida para una m\u00e1xima comodidad,<\/li>\n<li>Impresi\u00f3n y parche originales de MNX,<\/li>\n<li>ajuste de gran tama\u00f1o.<\/li>\n<\/ul>\n<p><strong>Material:<\/strong> 100% algod\u00f3n (5% encogimiento)<br \/>\n<strong>Color:<\/strong> como se muestra<br \/>\n<strong>Estilo:<\/strong> de gran tama\u00f1o<br \/>\n<strong>Peso<\/strong> aproximado. 450 gramos<br \/>\n<strong>Tallas:<\/strong> S\/M, L\/XL, XXL\/3XL, 4XL\/5XL<\/p>\n<p><em>El modelo en las fotos de estudio lleva la talla S\/M (178 cm, 87 kg).<\/em><\/p>\n","protected":false},"excerpt":{"rendered":"<p>Prep\u00e1rate para ir al gimnasio con esta llamativa camiseta de entrenamiento Golden Era, hecha de algod\u00f3n suave y c\u00e1lido. Con estampado original MNX, parche bordado y pu\u00f1os rotos. Disponible en varios colores.<\/p>\n","protected":false},"featured_media":367609,"comment_status":"open","ping_status":"closed","template":"","meta":[],"product_brand":[],"product_cat":[2507,3059,3196,2494],"product_tag":[],"class_list":{"0":"post-376303","1":"product","2":"type-product","3":"status-publish","4":"has-post-thumbnail","6":"product_cat-camisetas","7":"product_cat-de-gran-tamano","8":"product_cat-golden-era-es-2","9":"product_cat-hombres","10":"pa_double-sizes-4xl-5xl-es","11":"pa_double-sizes-l-xl-es","12":"pa_double-sizes-s-m-es","13":"pa_double-sizes-xxl-3xl-es","14":"yith_product_brand-mnx-es","16":"first","17":"instock","18":"taxable","19":"shipping-taxable","20":"purchasable","21":"product-type-variable"},"exclude_global_add_ons":[],"addons":[],"_links":{"self":[{"href":"https:\/\/mnxsportswear.com\/es\/wp-json\/wp\/v2\/product\/376303","targetHints":{"allow":["GET"]}}],"collection":[{"href":"https:\/\/mnxsportswear.com\/es\/wp-json\/wp\/v2\/product"}],"about":[{"href":"https:\/\/mnxsportswear.com\/es\/wp-json\/wp\/v2\/types\/product"}],"replies":[{"embeddable":true,"href":"https:\/\/mnxsportswear.com\/es\/wp-json\/wp\/v2\/comments?post=376303"}],"version-history":[{"count":0,"href":"https:\/\/mnxsportswear.com\/es\/wp-json\/wp\/v2\/product\/376303\/revisions"}],"wp:featuredmedia":[{"embeddable":true,"href":"https:\/\/mnxsportswear.com\/es\/wp-json\/wp\/v2\/media\/367609"}],"wp:attachment":[{"href":"https:\/\/mnxsportswear.com\/es\/wp-json\/wp\/v2\/media?parent=376303"}],"wp:term":[{"taxonomy":"product_brand","embeddable":true,"href":"https:\/\/mnxsportswear.com\/es\/wp-json\/wp\/v2\/product_brand?post=376303"},{"taxonomy":"product_cat","embeddable":true,"href":"https:\/\/mnxsportswear.com\/es\/wp-json\/wp\/v2\/product_cat?post=376303"},{"taxonomy":"product_tag","embeddable":true,"href":"https:\/\/mnxsportswear.com\/es\/wp-json\/wp\/v2\/product_tag?post=376303"}],"curies":[{"name":"wp","href":"https:\/\/api.w.org\/{rel}","templated":true}]}}