{"id":376312,"date":"2024-09-02T09:02:02","date_gmt":"2024-09-02T07:02:02","guid":{"rendered":"https:\/\/new24.mnxsportswear.com\/?post_type=product&#038;p=376312"},"modified":"2026-03-01T18:22:43","modified_gmt":"2026-03-01T17:22:43","slug":"mnx-workout-top-hammer-3-0-negro","status":"publish","type":"product","link":"https:\/\/mnxsportswear.com\/es\/product\/mnx-workout-top-hammer-3-0-negro\/","title":{"rendered":"MNX Workout Top Hammer 3.0, negro"},"content":{"rendered":"<p>Top de entrenamiento MNX, hecho de tejido ribeteado.<\/p>\n<ul>\n<li>Tejido ribeteado suave,<\/li>\n<li>estilo holgado,<\/li>\n<li>parches tejidos,<\/li>\n<li>estampado en 3D de goma.<\/li>\n<\/ul>\n<p><strong>Material:<\/strong> 50% algod\u00f3n, 50% poli\u00e9ster<br \/>\n<strong>Color:<\/strong> como se muestra<br \/>\n<strong>Peso:<\/strong> aproximadamente 350 gramos<br \/>\n<strong>Tallas:<\/strong> S\/M, L\/XL, XXL\/3XL, 4XL\/5XL<\/p>\n<p><em>El modelo en las fotos de estudio lleva la talla S\/M (178 cm, 87 kg).<\/em><\/p>\n","protected":false},"excerpt":{"rendered":"<p class=\"western\" lang=\"en-US\">Esta camiseta de entrenamiento es una mezcla contempor\u00e1nea de ropa para culturismo y moda urbana. Est\u00e1 hecha de un tejido ribeteado m\u00e1s suave con un ajuste holgado y relajado. Presenta un moderno estampado en 3D de goma en los hombros y el frente. Combina esta camiseta de entrenamiento con la <a href=\"https:\/\/mnxsportswear.com\/product-category\/men\/hammer\/\"><em>colecci\u00f3n Hammer<\/em><\/a> para crear el conjunto perfecto.<\/p>\n","protected":false},"featured_media":374579,"comment_status":"open","ping_status":"closed","template":"","meta":[],"product_brand":[],"product_cat":[2507,3059,3162,2494,3588],"product_tag":[],"class_list":{"0":"post-376312","1":"product","2":"type-product","3":"status-publish","4":"has-post-thumbnail","6":"product_cat-camisetas","7":"product_cat-de-gran-tamano","8":"product_cat-hammer-es","9":"product_cat-hombres","10":"product_cat-repoblar","11":"pa_double-sizes-4xl-5xl-es","12":"pa_double-sizes-l-xl-es","13":"pa_double-sizes-s-m-es","14":"pa_double-sizes-xxl-3xl-es","15":"yith_product_brand-hammer-es","16":"yith_product_brand-mnx-es","18":"first","19":"instock","20":"sale","21":"taxable","22":"shipping-taxable","23":"purchasable","24":"product-type-variable"},"exclude_global_add_ons":[],"addons":[],"_links":{"self":[{"href":"https:\/\/mnxsportswear.com\/es\/wp-json\/wp\/v2\/product\/376312","targetHints":{"allow":["GET"]}}],"collection":[{"href":"https:\/\/mnxsportswear.com\/es\/wp-json\/wp\/v2\/product"}],"about":[{"href":"https:\/\/mnxsportswear.com\/es\/wp-json\/wp\/v2\/types\/product"}],"replies":[{"embeddable":true,"href":"https:\/\/mnxsportswear.com\/es\/wp-json\/wp\/v2\/comments?post=376312"}],"version-history":[{"count":1,"href":"https:\/\/mnxsportswear.com\/es\/wp-json\/wp\/v2\/product\/376312\/revisions"}],"predecessor-version":[{"id":406951,"href":"https:\/\/mnxsportswear.com\/es\/wp-json\/wp\/v2\/product\/376312\/revisions\/406951"}],"wp:featuredmedia":[{"embeddable":true,"href":"https:\/\/mnxsportswear.com\/es\/wp-json\/wp\/v2\/media\/374579"}],"wp:attachment":[{"href":"https:\/\/mnxsportswear.com\/es\/wp-json\/wp\/v2\/media?parent=376312"}],"wp:term":[{"taxonomy":"product_brand","embeddable":true,"href":"https:\/\/mnxsportswear.com\/es\/wp-json\/wp\/v2\/product_brand?post=376312"},{"taxonomy":"product_cat","embeddable":true,"href":"https:\/\/mnxsportswear.com\/es\/wp-json\/wp\/v2\/product_cat?post=376312"},{"taxonomy":"product_tag","embeddable":true,"href":"https:\/\/mnxsportswear.com\/es\/wp-json\/wp\/v2\/product_tag?post=376312"}],"curies":[{"name":"wp","href":"https:\/\/api.w.org\/{rel}","templated":true}]}}