{"id":376313,"date":"2024-09-02T09:02:02","date_gmt":"2024-09-02T07:02:02","guid":{"rendered":"https:\/\/new24.mnxsportswear.com\/?post_type=product&#038;p=376313"},"modified":"2026-03-01T18:22:43","modified_gmt":"2026-03-01T17:22:43","slug":"mnx-ribbed-shorts-hammer-3-0-gris-oscuro","status":"publish","type":"product","link":"https:\/\/mnxsportswear.com\/es\/product\/mnx-ribbed-shorts-hammer-3-0-gris-oscuro\/","title":{"rendered":"MNX Ribbed shorts Hammer 3.0, gris oscuro"},"content":{"rendered":"<p>Pantalones cortos MNX Hammer.<\/p>\n<ul>\n<li>Fabricados en tejido acanalado,<\/li>\n<li>bolsillos laterales con cremallera,<\/li>\n<li>cintura el\u00e1stica con cord\u00f3n interior ajustable,<\/li>\n<li>parches especiales MNX,<\/li>\n<li>impresi\u00f3n 3D de goma.<\/li>\n<\/ul>\n<p><strong>Material:<\/strong> 50 % algod\u00f3n, 50 % poli\u00e9ster<br \/>\n<strong>Color:<\/strong> como se muestra<br \/>\n<strong>Tallas:<\/strong> S, M, L, XL, XXL, 3XL, 4XL, 5XL<br \/>\n<strong>Estilo:<\/strong> corte holgado<br \/>\n<strong>Peso:<\/strong> aprox. 350 gramos<\/p>\n<p><em>La modelo de las fotos de estudio lleva la talla M (178 cm, 87 kg).<\/em><\/p>\n","protected":false},"excerpt":{"rendered":"<p class=\"western\" lang=\"en-US\">Pantalones cortos c\u00f3modos confeccionados en tejido acanalado suave, perfectos para hacer deporte o para uso casual. Cuentan con bolsillos laterales con cremallera, cintura el\u00e1stica con cord\u00f3n interior ajustable y parches MNX \u00fanicos. Con un estampado 3D de goma en ambas piernas para un efecto especial. Disponibles en varios colores. Combina estos pantalones cortos con la <em><a href=\"https:\/\/mnxsportswear.com\/product-category\/men\/hammer\/\">colecci\u00f3n Hammer<\/a><\/em> para crear el conjunto perfecto.<\/p>\n","protected":false},"featured_media":368020,"comment_status":"open","ping_status":"closed","template":"","meta":[],"product_brand":[],"product_cat":[3162,2494,2505,3588],"product_tag":[],"class_list":{"0":"post-376313","1":"product","2":"type-product","3":"status-publish","4":"has-post-thumbnail","6":"product_cat-hammer-es","7":"product_cat-hombres","8":"product_cat-pantalones-cortos","9":"product_cat-repoblar","10":"yith_product_brand-hammer-es","11":"yith_product_brand-mnx-es","13":"first","14":"instock","15":"taxable","16":"shipping-taxable","17":"purchasable","18":"product-type-variable"},"exclude_global_add_ons":[],"addons":[],"_links":{"self":[{"href":"https:\/\/mnxsportswear.com\/es\/wp-json\/wp\/v2\/product\/376313","targetHints":{"allow":["GET"]}}],"collection":[{"href":"https:\/\/mnxsportswear.com\/es\/wp-json\/wp\/v2\/product"}],"about":[{"href":"https:\/\/mnxsportswear.com\/es\/wp-json\/wp\/v2\/types\/product"}],"replies":[{"embeddable":true,"href":"https:\/\/mnxsportswear.com\/es\/wp-json\/wp\/v2\/comments?post=376313"}],"version-history":[{"count":1,"href":"https:\/\/mnxsportswear.com\/es\/wp-json\/wp\/v2\/product\/376313\/revisions"}],"predecessor-version":[{"id":406952,"href":"https:\/\/mnxsportswear.com\/es\/wp-json\/wp\/v2\/product\/376313\/revisions\/406952"}],"wp:featuredmedia":[{"embeddable":true,"href":"https:\/\/mnxsportswear.com\/es\/wp-json\/wp\/v2\/media\/368020"}],"wp:attachment":[{"href":"https:\/\/mnxsportswear.com\/es\/wp-json\/wp\/v2\/media?parent=376313"}],"wp:term":[{"taxonomy":"product_brand","embeddable":true,"href":"https:\/\/mnxsportswear.com\/es\/wp-json\/wp\/v2\/product_brand?post=376313"},{"taxonomy":"product_cat","embeddable":true,"href":"https:\/\/mnxsportswear.com\/es\/wp-json\/wp\/v2\/product_cat?post=376313"},{"taxonomy":"product_tag","embeddable":true,"href":"https:\/\/mnxsportswear.com\/es\/wp-json\/wp\/v2\/product_tag?post=376313"}],"curies":[{"name":"wp","href":"https:\/\/api.w.org\/{rel}","templated":true}]}}