{"id":376318,"date":"2024-09-02T09:02:01","date_gmt":"2024-09-02T07:02:01","guid":{"rendered":"https:\/\/new24.mnxsportswear.com\/?post_type=product&#038;p=376318"},"modified":"2026-03-01T18:23:11","modified_gmt":"2026-03-01T17:23:11","slug":"mnx-golden-era-cotton-shorts-rosewood","status":"publish","type":"product","link":"https:\/\/mnxsportswear.com\/es\/product\/mnx-golden-era-cotton-shorts-rosewood\/","title":{"rendered":"MNX Golden Era Cotton shorts, rosewood"},"content":{"rendered":"<p>Pantalones cortos de algod\u00f3n Golden Era.<\/p>\n<ul>\n<li>Fabricados en una mezcla de tejidos suaves,<\/li>\n<li>Bolsillos laterales con cremallera,<\/li>\n<li>Cintura el\u00e1stica con cord\u00f3n interior ajustable,<\/li>\n<li>Parche especial Golden Era,<\/li>\n<li>Bordes rasgados.<\/li>\n<\/ul>\n<p><strong>Material:<\/strong> 80 % algod\u00f3n, 20 % poli\u00e9ster<br \/>\n<strong>Color:<\/strong> como se muestra<br \/>\n<strong>Tallas:<\/strong> S, M, L, XL, XXL, 3XL<br \/>\n<strong>Estilo:<\/strong> corte holgado<br \/>\n<strong>Peso:<\/strong> aprox. 300 gramos<\/p>\n<p><em>La modelo de las fotos de estudio lleva la talla S (184 cm, 84 kg).<\/em><\/p>\n","protected":false},"excerpt":{"rendered":"<p class=\"western\" lang=\"en-US\">Los c\u00f3modos pantalones cortos MNX de la colecci\u00f3n Golden Era son una excelente opci\u00f3n para el estilo diario. Estos pantalones cortos cuentan con un popular parche Golden Era en la pierna derecha y bordes rasgados distintivos que recuerdan a la \u00e9poca dorada del culturismo. Los pantalones cortos tambi\u00e9n tienen pr\u00e1cticos bolsillos laterales y una cintura el\u00e1stica. Disponibles en varios colores. Combina estos pantalones cortos con otras prendas de la <em><a href=\"https:\/\/mnxsportswear.com\/product-category\/men\/golden-era\/\">colecci\u00f3n Golden Era<\/a><\/em> para crear el conjunto perfecto.<\/p>\n","protected":false},"featured_media":368145,"comment_status":"open","ping_status":"closed","template":"","meta":[],"product_brand":[],"product_cat":[3196,2494,2505],"product_tag":[],"class_list":{"0":"post-376318","1":"product","2":"type-product","3":"status-publish","4":"has-post-thumbnail","6":"product_cat-golden-era-es-2","7":"product_cat-hombres","8":"product_cat-pantalones-cortos","9":"yith_product_brand-golden-era-es","10":"yith_product_brand-mnx-es","12":"first","13":"instock","14":"taxable","15":"shipping-taxable","16":"purchasable","17":"product-type-variable"},"exclude_global_add_ons":[],"addons":[],"_links":{"self":[{"href":"https:\/\/mnxsportswear.com\/es\/wp-json\/wp\/v2\/product\/376318","targetHints":{"allow":["GET"]}}],"collection":[{"href":"https:\/\/mnxsportswear.com\/es\/wp-json\/wp\/v2\/product"}],"about":[{"href":"https:\/\/mnxsportswear.com\/es\/wp-json\/wp\/v2\/types\/product"}],"replies":[{"embeddable":true,"href":"https:\/\/mnxsportswear.com\/es\/wp-json\/wp\/v2\/comments?post=376318"}],"version-history":[{"count":1,"href":"https:\/\/mnxsportswear.com\/es\/wp-json\/wp\/v2\/product\/376318\/revisions"}],"predecessor-version":[{"id":406986,"href":"https:\/\/mnxsportswear.com\/es\/wp-json\/wp\/v2\/product\/376318\/revisions\/406986"}],"wp:featuredmedia":[{"embeddable":true,"href":"https:\/\/mnxsportswear.com\/es\/wp-json\/wp\/v2\/media\/368145"}],"wp:attachment":[{"href":"https:\/\/mnxsportswear.com\/es\/wp-json\/wp\/v2\/media?parent=376318"}],"wp:term":[{"taxonomy":"product_brand","embeddable":true,"href":"https:\/\/mnxsportswear.com\/es\/wp-json\/wp\/v2\/product_brand?post=376318"},{"taxonomy":"product_cat","embeddable":true,"href":"https:\/\/mnxsportswear.com\/es\/wp-json\/wp\/v2\/product_cat?post=376318"},{"taxonomy":"product_tag","embeddable":true,"href":"https:\/\/mnxsportswear.com\/es\/wp-json\/wp\/v2\/product_tag?post=376318"}],"curies":[{"name":"wp","href":"https:\/\/api.w.org\/{rel}","templated":true}]}}