{"id":376322,"date":"2024-09-02T09:02:01","date_gmt":"2024-09-02T07:02:01","guid":{"rendered":"https:\/\/new24.mnxsportswear.com\/?post_type=product&#038;p=376322"},"modified":"2026-03-01T18:23:11","modified_gmt":"2026-03-01T17:23:11","slug":"mnx-dynamic-camiseta-de-algodon-oyster-grey","status":"publish","type":"product","link":"https:\/\/mnxsportswear.com\/es\/product\/mnx-dynamic-camiseta-de-algodon-oyster-grey\/","title":{"rendered":"MNX Dynamic Camiseta de algod\u00f3n, oyster grey"},"content":{"rendered":"<p>Camiseta holgada MNX Dynamic<\/p>\n<ul>\n<li>Fabricada en una suave mezcla de algod\u00f3n para una m\u00e1xima comodidad,<\/li>\n<li>Dise\u00f1o minimalista MNX,<\/li>\n<li>Con mangas m\u00e1s anchas,<\/li>\n<li>Corte holgado.<\/li>\n<\/ul>\n<p><strong>Material:<\/strong> 100 % algod\u00f3n (5 % de encogimiento)<br \/>\n<strong>Color:<\/strong> como se muestra<br \/>\n<strong>Estilo:<\/strong> cl\u00e1sico<br \/>\n<strong>Peso:<\/strong> aprox. 250 gramos<br \/>\n<strong>Tallas:<\/strong> S, M, L, XL, XXL, 3XL<\/p>\n<p><em>La modelo de las fotos de estudio lleva la talla L (184 cm, 84 kg).<\/em><\/p>\n","protected":false},"excerpt":{"rendered":"<p>La camiseta MNX <em>Dynamic<\/em>, confeccionada en 100 % algod\u00f3n, presenta un corte holgado y c\u00f3modo. Las mangas m\u00e1s anchas brindan libertad de movimiento durante el entrenamiento y mejoran la ventilaci\u00f3n. La camiseta est\u00e1 adornada con una puntada en &#8220;X&#8221; en el cuello y cuenta con un dise\u00f1o minimalista. Disponible en varios colores.<\/p>\n","protected":false},"featured_media":374674,"comment_status":"open","ping_status":"closed","template":"","meta":[],"product_brand":[],"product_cat":[2507,3083,2494],"product_tag":[],"class_list":{"0":"post-376322","1":"product","2":"type-product","3":"status-publish","4":"has-post-thumbnail","6":"product_cat-camisetas","7":"product_cat-classic-es","8":"product_cat-hombres","9":"yith_product_brand-mnx-es","11":"first","12":"instock","13":"taxable","14":"shipping-taxable","15":"purchasable","16":"product-type-variable"},"exclude_global_add_ons":[],"addons":[],"_links":{"self":[{"href":"https:\/\/mnxsportswear.com\/es\/wp-json\/wp\/v2\/product\/376322","targetHints":{"allow":["GET"]}}],"collection":[{"href":"https:\/\/mnxsportswear.com\/es\/wp-json\/wp\/v2\/product"}],"about":[{"href":"https:\/\/mnxsportswear.com\/es\/wp-json\/wp\/v2\/types\/product"}],"replies":[{"embeddable":true,"href":"https:\/\/mnxsportswear.com\/es\/wp-json\/wp\/v2\/comments?post=376322"}],"version-history":[{"count":0,"href":"https:\/\/mnxsportswear.com\/es\/wp-json\/wp\/v2\/product\/376322\/revisions"}],"wp:featuredmedia":[{"embeddable":true,"href":"https:\/\/mnxsportswear.com\/es\/wp-json\/wp\/v2\/media\/374674"}],"wp:attachment":[{"href":"https:\/\/mnxsportswear.com\/es\/wp-json\/wp\/v2\/media?parent=376322"}],"wp:term":[{"taxonomy":"product_brand","embeddable":true,"href":"https:\/\/mnxsportswear.com\/es\/wp-json\/wp\/v2\/product_brand?post=376322"},{"taxonomy":"product_cat","embeddable":true,"href":"https:\/\/mnxsportswear.com\/es\/wp-json\/wp\/v2\/product_cat?post=376322"},{"taxonomy":"product_tag","embeddable":true,"href":"https:\/\/mnxsportswear.com\/es\/wp-json\/wp\/v2\/product_tag?post=376322"}],"curies":[{"name":"wp","href":"https:\/\/api.w.org\/{rel}","templated":true}]}}