{"id":392790,"date":"2025-07-09T11:17:20","date_gmt":"2025-07-09T09:17:20","guid":{"rendered":"https:\/\/mnxsportswear.com\/?post_type=product&#038;p=392790"},"modified":"2026-03-21T08:52:22","modified_gmt":"2026-03-21T07:52:22","slug":"mnx-shaker-600-ml","status":"publish","type":"product","link":"https:\/\/mnxsportswear.com\/es\/product\/mnx-shaker-600-ml\/","title":{"rendered":"MNX Shaker 600 ml"},"content":{"rendered":"<p><strong>Especificaciones:<\/strong><br \/>\n\u2022\u202fCapacidad: 600 ml<br \/>\n\u2022\u202fPeso: 140 g<br \/>\n\u2022\u202fColor: negro transparente<br \/>\n\u2022\u202fMaterial: pl\u00e1stico resistente sin BPA<br \/>\n\u2022\u202fInstrucciones de cuidado: Lavar antes del primer uso y despu\u00e9s de cada uso.<\/p>\n","protected":false},"excerpt":{"rendered":"<p>Prep\u00e1rate para tu entrenamiento con este moderno <strong>shaker MNX<\/strong> en color negro transparente. Su dise\u00f1o deportivo y din\u00e1mico se adapta c\u00f3modamente a la mano, mientras que el material resistente y libre de BPA garantiza un uso seguro incluso con entrenamientos diarios. El shaker incluye un colador extra\u00edble para una mezcla f\u00e1cil y r\u00e1pida.<\/p>\n","protected":false},"featured_media":392816,"comment_status":"open","ping_status":"closed","template":"","meta":[],"product_brand":[],"product_cat":[2520,3376],"product_tag":[],"class_list":{"0":"post-392790","1":"product","2":"type-product","3":"status-publish","4":"has-post-thumbnail","6":"product_cat-accesorios-es","7":"product_cat-los-recien-llegados","8":"yith_product_brand-mnx-es","10":"first","11":"instock","12":"sale","13":"taxable","14":"shipping-taxable","15":"purchasable","16":"product-type-simple"},"exclude_global_add_ons":[],"addons":[],"_links":{"self":[{"href":"https:\/\/mnxsportswear.com\/es\/wp-json\/wp\/v2\/product\/392790","targetHints":{"allow":["GET"]}}],"collection":[{"href":"https:\/\/mnxsportswear.com\/es\/wp-json\/wp\/v2\/product"}],"about":[{"href":"https:\/\/mnxsportswear.com\/es\/wp-json\/wp\/v2\/types\/product"}],"replies":[{"embeddable":true,"href":"https:\/\/mnxsportswear.com\/es\/wp-json\/wp\/v2\/comments?post=392790"}],"version-history":[{"count":1,"href":"https:\/\/mnxsportswear.com\/es\/wp-json\/wp\/v2\/product\/392790\/revisions"}],"predecessor-version":[{"id":392820,"href":"https:\/\/mnxsportswear.com\/es\/wp-json\/wp\/v2\/product\/392790\/revisions\/392820"}],"wp:featuredmedia":[{"embeddable":true,"href":"https:\/\/mnxsportswear.com\/es\/wp-json\/wp\/v2\/media\/392816"}],"wp:attachment":[{"href":"https:\/\/mnxsportswear.com\/es\/wp-json\/wp\/v2\/media?parent=392790"}],"wp:term":[{"taxonomy":"product_brand","embeddable":true,"href":"https:\/\/mnxsportswear.com\/es\/wp-json\/wp\/v2\/product_brand?post=392790"},{"taxonomy":"product_cat","embeddable":true,"href":"https:\/\/mnxsportswear.com\/es\/wp-json\/wp\/v2\/product_cat?post=392790"},{"taxonomy":"product_tag","embeddable":true,"href":"https:\/\/mnxsportswear.com\/es\/wp-json\/wp\/v2\/product_tag?post=392790"}],"curies":[{"name":"wp","href":"https:\/\/api.w.org\/{rel}","templated":true}]}}