{"id":393165,"date":"2025-07-30T14:39:07","date_gmt":"2025-07-30T12:39:07","guid":{"rendered":"https:\/\/mnxsportswear.com\/?post_type=product&#038;p=393165"},"modified":"2026-03-01T18:26:54","modified_gmt":"2026-03-01T17:26:54","slug":"mnx-pantalones-acanalados-hammer-3-0-light-grey","status":"publish","type":"product","link":"https:\/\/mnxsportswear.com\/es\/product\/mnx-pantalones-acanalados-hammer-3-0-light-grey\/","title":{"rendered":"MNX Pantalones acanalados Hammer 3.0 light, grey"},"content":{"rendered":"<p>Pantal\u00f3n MNX Hammer.<\/p>\n<ul>\n<li>hecho de tela de algod\u00f3n acanalado,<\/li>\n<li>bolsillos laterales,<\/li>\n<li>cintura el\u00e1stica con cord\u00f3n interior ajustable,<\/li>\n<li>logotipo de goma &#8220;3D&#8221; masivo,<\/li>\n<li>Detalles especiales y \u00fanicos.<\/li>\n<\/ul>\n<p><strong>Material:<\/strong> 65% algod\u00f3n, 35% poli\u00e9ster<br \/>\n<strong>Color:<\/strong> como se muestra<br \/>\n<strong>Tallas:<\/strong>\u00a0S, M, L, XL, 2XL, 3XL<\/p>\n<p><em>La modelo en las fotos del estudio lleva la talla M (178 cm, 84 kg).<\/em><\/p>\n","protected":false},"excerpt":{"rendered":"<p>Descubre la m\u00e1xima comodidad con el \u00faltimo modelo de pantalones HAMMER, confeccionados en un suave tejido acanalado de mezcla de algod\u00f3n que ofrece flexibilidad y una sensaci\u00f3n de alta calidad. Dise\u00f1ados para el deporte o el tiempo libre, estos pantalones cuentan con bolsillos laterales, cintura el\u00e1stica con cord\u00f3n ajustable interior y est\u00e1n rematados con un atrevido logotipo de goma MNX y parches bordados exclusivos. Disponibles en tres colores de moda para adaptarse a tu estilo.<\/p>\n","protected":false},"featured_media":394049,"comment_status":"open","ping_status":"closed","template":"","meta":[],"product_brand":[],"product_cat":[3080,3162,2494,3376,2513],"product_tag":[],"class_list":{"0":"post-393165","1":"product","2":"type-product","3":"status-publish","4":"has-post-thumbnail","6":"product_cat-corte-holgado","7":"product_cat-hammer-es","8":"product_cat-hombres","9":"product_cat-los-recien-llegados","10":"product_cat-pantalones-largos","11":"yith_product_brand-hammer-es","12":"yith_product_brand-mnx-es","14":"first","15":"instock","16":"taxable","17":"shipping-taxable","18":"purchasable","19":"product-type-variable"},"exclude_global_add_ons":[],"addons":[],"_links":{"self":[{"href":"https:\/\/mnxsportswear.com\/es\/wp-json\/wp\/v2\/product\/393165","targetHints":{"allow":["GET"]}}],"collection":[{"href":"https:\/\/mnxsportswear.com\/es\/wp-json\/wp\/v2\/product"}],"about":[{"href":"https:\/\/mnxsportswear.com\/es\/wp-json\/wp\/v2\/types\/product"}],"replies":[{"embeddable":true,"href":"https:\/\/mnxsportswear.com\/es\/wp-json\/wp\/v2\/comments?post=393165"}],"version-history":[{"count":3,"href":"https:\/\/mnxsportswear.com\/es\/wp-json\/wp\/v2\/product\/393165\/revisions"}],"predecessor-version":[{"id":395574,"href":"https:\/\/mnxsportswear.com\/es\/wp-json\/wp\/v2\/product\/393165\/revisions\/395574"}],"wp:featuredmedia":[{"embeddable":true,"href":"https:\/\/mnxsportswear.com\/es\/wp-json\/wp\/v2\/media\/394049"}],"wp:attachment":[{"href":"https:\/\/mnxsportswear.com\/es\/wp-json\/wp\/v2\/media?parent=393165"}],"wp:term":[{"taxonomy":"product_brand","embeddable":true,"href":"https:\/\/mnxsportswear.com\/es\/wp-json\/wp\/v2\/product_brand?post=393165"},{"taxonomy":"product_cat","embeddable":true,"href":"https:\/\/mnxsportswear.com\/es\/wp-json\/wp\/v2\/product_cat?post=393165"},{"taxonomy":"product_tag","embeddable":true,"href":"https:\/\/mnxsportswear.com\/es\/wp-json\/wp\/v2\/product_tag?post=393165"}],"curies":[{"name":"wp","href":"https:\/\/api.w.org\/{rel}","templated":true}]}}