{"id":393314,"date":"2025-07-30T14:39:06","date_gmt":"2025-07-30T12:39:06","guid":{"rendered":"https:\/\/mnxsportswear.com\/?post_type=product&#038;p=393314"},"modified":"2026-03-01T19:52:35","modified_gmt":"2026-03-01T18:52:35","slug":"mnx-bemudas-golden-era-2-0-red","status":"publish","type":"product","link":"https:\/\/mnxsportswear.com\/es\/product\/mnx-bemudas-golden-era-2-0-red\/","title":{"rendered":"MNX bemudas Golden Era 2.0, red"},"content":{"rendered":"<p>Pantalones cortos MNX <em>Golden Era<\/em>.<\/p>\n<ul>\n<li>tejido ligero y c\u00f3modo,<\/li>\n<li>ajuste regular,<\/li>\n<li>perfecto para el entrenamiento o el tiempo libre,<\/li>\n<li>marca MNX original,<\/li>\n<li>bolsillos laterales y cinturilla el\u00e1stica con cord\u00f3n interior.<\/li>\n<\/ul>\n<p><strong>Material:<\/strong> 100% poli\u00e9ster (5% encogimiento)<br \/>\n<strong>Color:<\/strong> como se muestra<br \/>\n<strong>Peso<\/strong> aproximado. 170 gramos<br \/>\n<strong>Tallas:<\/strong> S\/M, L\/XL, XXL\/3XL, 4XL\/5XL<br \/>\n<strong>Estilo:<\/strong> ajuste regular<\/p>\n<p><em>El modelo en las fotos de estudio lleva la talla S\/M (1<\/em><em>78<\/em><em> cm, 84 kg).<\/em><\/p>\n","protected":false},"excerpt":{"rendered":"<p>Entra al gimnasio con confianza con el modelo actualizado 2.0 de nuestra popular colecci\u00f3n Golden Era. Estos pantalones cortos de estilo cl\u00e1sico combinan una est\u00e9tica vintage con la comodidad moderna. Cuentan con aberturas laterales para una mayor libertad de movimiento, bolsillos laterales funcionales y una c\u00f3moda cinturilla el\u00e1stica blanca. Completados con el logotipo original de MNX, est\u00e1n disponibles en varios colores para adaptarse a tu estilo retro.<\/p>\n","protected":false},"featured_media":393934,"comment_status":"open","ping_status":"closed","template":"","meta":[],"product_brand":[],"product_cat":[3196,2494,3376,2505],"product_tag":[],"class_list":{"0":"post-393314","1":"product","2":"type-product","3":"status-publish","4":"has-post-thumbnail","6":"product_cat-golden-era-es-2","7":"product_cat-hombres","8":"product_cat-los-recien-llegados","9":"product_cat-pantalones-cortos","10":"pa_double-sizes-4xl-5xl-es","11":"pa_double-sizes-l-xl-es","12":"pa_double-sizes-s-m-es","13":"pa_double-sizes-xxl-3xl-es","14":"yith_product_brand-golden-era-es","15":"yith_product_brand-mnx-es","17":"first","18":"instock","19":"taxable","20":"shipping-taxable","21":"purchasable","22":"product-type-variable"},"exclude_global_add_ons":[],"addons":[],"_links":{"self":[{"href":"https:\/\/mnxsportswear.com\/es\/wp-json\/wp\/v2\/product\/393314","targetHints":{"allow":["GET"]}}],"collection":[{"href":"https:\/\/mnxsportswear.com\/es\/wp-json\/wp\/v2\/product"}],"about":[{"href":"https:\/\/mnxsportswear.com\/es\/wp-json\/wp\/v2\/types\/product"}],"replies":[{"embeddable":true,"href":"https:\/\/mnxsportswear.com\/es\/wp-json\/wp\/v2\/comments?post=393314"}],"version-history":[{"count":3,"href":"https:\/\/mnxsportswear.com\/es\/wp-json\/wp\/v2\/product\/393314\/revisions"}],"predecessor-version":[{"id":395580,"href":"https:\/\/mnxsportswear.com\/es\/wp-json\/wp\/v2\/product\/393314\/revisions\/395580"}],"wp:featuredmedia":[{"embeddable":true,"href":"https:\/\/mnxsportswear.com\/es\/wp-json\/wp\/v2\/media\/393934"}],"wp:attachment":[{"href":"https:\/\/mnxsportswear.com\/es\/wp-json\/wp\/v2\/media?parent=393314"}],"wp:term":[{"taxonomy":"product_brand","embeddable":true,"href":"https:\/\/mnxsportswear.com\/es\/wp-json\/wp\/v2\/product_brand?post=393314"},{"taxonomy":"product_cat","embeddable":true,"href":"https:\/\/mnxsportswear.com\/es\/wp-json\/wp\/v2\/product_cat?post=393314"},{"taxonomy":"product_tag","embeddable":true,"href":"https:\/\/mnxsportswear.com\/es\/wp-json\/wp\/v2\/product_tag?post=393314"}],"curies":[{"name":"wp","href":"https:\/\/api.w.org\/{rel}","templated":true}]}}