{"id":395291,"date":"2025-07-30T14:38:53","date_gmt":"2025-07-30T12:38:53","guid":{"rendered":"https:\/\/mnxsportswear.com\/?post_type=product&#038;p=395291"},"modified":"2026-03-02T05:25:15","modified_gmt":"2026-03-02T04:25:15","slug":"camiseta-de-algodon-mnx-basix-rosa-pastel","status":"publish","type":"product","link":"https:\/\/mnxsportswear.com\/es\/product\/camiseta-de-algodon-mnx-basix-rosa-pastel\/","title":{"rendered":"Camiseta de algod\u00f3n MNX Basix, rosa pastel"},"content":{"rendered":"<p data-start=\"1416\" data-end=\"1447\"><strong data-start=\"1416\" data-end=\"1447\">Camiseta MNX Medio Oversize<\/strong><\/p>\n<ul>\n<li>Confeccionada en mezcla de algod\u00f3n suave para m\u00e1xima comodidad,<\/li>\n<li>dise\u00f1o minimalista de MNX,<\/li>\n<li>con mangas cortas,<\/li>\n<li>ajuste holgado.<\/li>\n<\/ul>\n<p data-start=\"1584\" data-end=\"1749\"><strong data-start=\"1584\" data-end=\"1596\">Material<\/strong>: 100 % algod\u00f3n (5 % de encogimiento)<br data-start=\"1633\" data-end=\"1636\" \/><strong data-start=\"1636\" data-end=\"1645\">Color<\/strong>: como se muestra<br data-start=\"1662\" data-end=\"1665\" \/><strong data-start=\"1665\" data-end=\"1675\">Estilo<\/strong>: cl\u00e1sico<br data-start=\"1684\" data-end=\"1687\" \/><strong data-start=\"1687\" data-end=\"1695\">Peso<\/strong>: aprox. 300 gramos<br data-start=\"1714\" data-end=\"1717\" \/><strong data-start=\"1717\" data-end=\"1727\">Tallas<\/strong>: S\/M, L\/XL, XXL\/3XL<\/p>\n<p data-start=\"1751\" data-end=\"1818\"><em>El modelo en las fotos de estudio lleva talla L\/XL (184 cm, 84 kg).<\/em><\/p>\n","protected":false},"excerpt":{"rendered":"<p>Prep\u00e1rate, entrena duro y mu\u00e9vete con confianza con esta camiseta de algod\u00f3n de ajuste medio oversize, con dobladillo ligeramente redondeado y aberturas laterales. Su dise\u00f1o minimalista incluye un peque\u00f1o logo de goma MNX en el frente y un parche Basix en la parte trasera. Disponible en varios colores.<\/p>\n","protected":false},"featured_media":394229,"comment_status":"open","ping_status":"closed","template":"","meta":[],"product_brand":[],"product_cat":[2507,3059,2494,3376],"product_tag":[],"class_list":{"0":"post-395291","1":"product","2":"type-product","3":"status-publish","4":"has-post-thumbnail","6":"product_cat-camisetas","7":"product_cat-de-gran-tamano","8":"product_cat-hombres","9":"product_cat-los-recien-llegados","10":"yith_product_brand-mnx-es","12":"first","13":"instock","14":"taxable","15":"shipping-taxable","16":"purchasable","17":"product-type-variable"},"exclude_global_add_ons":[],"addons":[],"_links":{"self":[{"href":"https:\/\/mnxsportswear.com\/es\/wp-json\/wp\/v2\/product\/395291","targetHints":{"allow":["GET"]}}],"collection":[{"href":"https:\/\/mnxsportswear.com\/es\/wp-json\/wp\/v2\/product"}],"about":[{"href":"https:\/\/mnxsportswear.com\/es\/wp-json\/wp\/v2\/types\/product"}],"replies":[{"embeddable":true,"href":"https:\/\/mnxsportswear.com\/es\/wp-json\/wp\/v2\/comments?post=395291"}],"version-history":[{"count":1,"href":"https:\/\/mnxsportswear.com\/es\/wp-json\/wp\/v2\/product\/395291\/revisions"}],"predecessor-version":[{"id":395321,"href":"https:\/\/mnxsportswear.com\/es\/wp-json\/wp\/v2\/product\/395291\/revisions\/395321"}],"wp:featuredmedia":[{"embeddable":true,"href":"https:\/\/mnxsportswear.com\/es\/wp-json\/wp\/v2\/media\/394229"}],"wp:attachment":[{"href":"https:\/\/mnxsportswear.com\/es\/wp-json\/wp\/v2\/media?parent=395291"}],"wp:term":[{"taxonomy":"product_brand","embeddable":true,"href":"https:\/\/mnxsportswear.com\/es\/wp-json\/wp\/v2\/product_brand?post=395291"},{"taxonomy":"product_cat","embeddable":true,"href":"https:\/\/mnxsportswear.com\/es\/wp-json\/wp\/v2\/product_cat?post=395291"},{"taxonomy":"product_tag","embeddable":true,"href":"https:\/\/mnxsportswear.com\/es\/wp-json\/wp\/v2\/product_tag?post=395291"}],"curies":[{"name":"wp","href":"https:\/\/api.w.org\/{rel}","templated":true}]}}