{"id":405193,"date":"2026-01-01T13:16:45","date_gmt":"2026-01-01T12:16:45","guid":{"rendered":"https:\/\/mnxsportswear.com\/?post_type=product&#038;p=405193"},"modified":"2026-03-25T22:22:16","modified_gmt":"2026-03-25T21:22:16","slug":"mnx-pantalones-sweat-edge-gris-melange","status":"publish","type":"product","link":"https:\/\/mnxsportswear.com\/es\/product\/mnx-pantalones-sweat-edge-gris-melange\/","title":{"rendered":"MNX Pantalones Sweat Edge, gris melange"},"content":{"rendered":"<ul>\n<li data-start=\"3013\" data-end=\"3040\">\n<p data-start=\"3015\" data-end=\"3040\">Estilo deportivo-casual<\/p>\n<\/li>\n<li data-start=\"3041\" data-end=\"3087\">\n<p data-start=\"3043\" data-end=\"3087\">Fabricados en tejido de algod\u00f3n resistente<\/p>\n<\/li>\n<li data-start=\"3088\" data-end=\"3134\">\n<p data-start=\"3090\" data-end=\"3134\">Gran bolsillo lateral con cierre de velcro<\/p>\n<\/li>\n<li data-start=\"3135\" data-end=\"3184\">\n<p data-start=\"3137\" data-end=\"3184\">Bolsillo trasero para funcionalidad adicional<\/p>\n<\/li>\n<li data-start=\"3185\" data-end=\"3240\">\n<p data-start=\"3187\" data-end=\"3240\">Cintura el\u00e1stica con cord\u00f3n para un ajuste perfecto<\/p>\n<\/li>\n<li data-start=\"3241\" data-end=\"3299\">\n<p data-start=\"3243\" data-end=\"3299\"><strong>Material:<\/strong> 80% algod\u00f3n, 20% poli\u00e9ster (5% encogimiento)<\/p>\n<\/li>\n<li data-start=\"3300\" data-end=\"3327\">\n<p data-start=\"3302\" data-end=\"3327\"><strong>Peso:<\/strong> aprox. 750 gramos<\/p>\n<\/li>\n<li data-start=\"3328\" data-end=\"3395\">\n<p data-start=\"3330\" data-end=\"3395\"><em>El modelo en las fotos de estudio lleva talla M (178 cm, 87 kg)<\/em><\/p>\n<\/li>\n<\/ul>\n","protected":false},"excerpt":{"rendered":"<p>Los <strong data-start=\"2255\" data-end=\"2275\">Edge Sweat Pants<\/strong> son ideales para el tiempo libre relajado y actividades deportivas. Estos pantalones deportivos y casuales de algod\u00f3n de la nueva colecci\u00f3n Edge est\u00e1n hechos de <strong data-start=\"2437\" data-end=\"2469\">tejido resistente y duradero<\/strong>. Un gran bolsillo lateral con cierre de velcro y un bolsillo trasero ofrecen espacio para todos tus objetos esenciales, mientras que la cintura el\u00e1stica con cord\u00f3n garantiza un ajuste perfecto. Los pantalones cuentan con un <strong data-start=\"2694\" data-end=\"2729\">gran parche urbano en la pierna<\/strong>, con dos parches m\u00e1s peque\u00f1os en la cintura y en el bolsillo trasero para un aspecto moderno y reconocible. Disponibles en <strong data-start=\"2853\" data-end=\"2882\">tres colores de tendencia<\/strong>, se combinan perfectamente con la <a href=\"\/?product_cat=sudaderas\"><strong>sudadera Edge<\/strong><\/a> para crear un conjunto streetwear completo.<\/p>\n","protected":false},"featured_media":405642,"comment_status":"open","ping_status":"closed","template":"","meta":[],"product_brand":[],"product_cat":[3080,2494,3376,2513],"product_tag":[],"class_list":{"0":"post-405193","1":"product","2":"type-product","3":"status-publish","4":"has-post-thumbnail","6":"product_cat-corte-holgado","7":"product_cat-hombres","8":"product_cat-los-recien-llegados","9":"product_cat-pantalones-largos","10":"yith_product_brand-edge","11":"yith_product_brand-mnx-es","13":"first","14":"instock","15":"taxable","16":"shipping-taxable","17":"purchasable","18":"product-type-variable"},"exclude_global_add_ons":[],"addons":[],"_links":{"self":[{"href":"https:\/\/mnxsportswear.com\/es\/wp-json\/wp\/v2\/product\/405193","targetHints":{"allow":["GET"]}}],"collection":[{"href":"https:\/\/mnxsportswear.com\/es\/wp-json\/wp\/v2\/product"}],"about":[{"href":"https:\/\/mnxsportswear.com\/es\/wp-json\/wp\/v2\/types\/product"}],"replies":[{"embeddable":true,"href":"https:\/\/mnxsportswear.com\/es\/wp-json\/wp\/v2\/comments?post=405193"}],"version-history":[{"count":2,"href":"https:\/\/mnxsportswear.com\/es\/wp-json\/wp\/v2\/product\/405193\/revisions"}],"predecessor-version":[{"id":405241,"href":"https:\/\/mnxsportswear.com\/es\/wp-json\/wp\/v2\/product\/405193\/revisions\/405241"}],"wp:featuredmedia":[{"embeddable":true,"href":"https:\/\/mnxsportswear.com\/es\/wp-json\/wp\/v2\/media\/405642"}],"wp:attachment":[{"href":"https:\/\/mnxsportswear.com\/es\/wp-json\/wp\/v2\/media?parent=405193"}],"wp:term":[{"taxonomy":"product_brand","embeddable":true,"href":"https:\/\/mnxsportswear.com\/es\/wp-json\/wp\/v2\/product_brand?post=405193"},{"taxonomy":"product_cat","embeddable":true,"href":"https:\/\/mnxsportswear.com\/es\/wp-json\/wp\/v2\/product_cat?post=405193"},{"taxonomy":"product_tag","embeddable":true,"href":"https:\/\/mnxsportswear.com\/es\/wp-json\/wp\/v2\/product_tag?post=405193"}],"curies":[{"name":"wp","href":"https:\/\/api.w.org\/{rel}","templated":true}]}}