{"id":405323,"date":"2026-01-01T13:16:41","date_gmt":"2026-01-01T12:16:41","guid":{"rendered":"https:\/\/mnxsportswear.com\/?post_type=product&#038;p=405323"},"modified":"2026-03-21T08:52:18","modified_gmt":"2026-03-21T07:52:18","slug":"mnx-hoodie-edge-morado","status":"publish","type":"product","link":"https:\/\/mnxsportswear.com\/es\/product\/mnx-hoodie-edge-morado\/","title":{"rendered":"MNX Hoodie Edge, morado"},"content":{"rendered":"<ul data-start=\"3289\" data-end=\"3575\">\n<li data-start=\"3289\" data-end=\"3324\">\n<p data-start=\"3291\" data-end=\"3324\">Estilo streetwear sporty-casual<\/p>\n<\/li>\n<li data-start=\"3325\" data-end=\"3373\">\n<p data-start=\"3327\" data-end=\"3373\">Fabricada con material resistente y duradero<\/p>\n<\/li>\n<li data-start=\"3374\" data-end=\"3409\">\n<p data-start=\"3376\" data-end=\"3409\">Cremallera de longitud completa<\/p>\n<\/li>\n<li data-start=\"3410\" data-end=\"3442\">\n<p data-start=\"3412\" data-end=\"3442\">Capucha con cord\u00f3n ajustable<\/p>\n<\/li>\n<li data-start=\"3443\" data-end=\"3475\">\n<p data-start=\"3445\" data-end=\"3475\">Gran parche de estilo urbano<\/p>\n<\/li>\n<li data-start=\"3476\" data-end=\"3544\">\n<p data-start=\"3478\" data-end=\"3544\">Parches adicionales m\u00e1s peque\u00f1os en la parte delantera y trasera<\/p>\n<\/li>\n<li data-start=\"3545\" data-end=\"3575\">\n<p data-start=\"3547\" data-end=\"3575\">Disponible en tres colores<\/p>\n<\/li>\n<\/ul>\n<p data-start=\"3577\" data-end=\"3662\"><strong>Material:<\/strong> 80% algod\u00f3n, 20% poli\u00e9ster (5% de encogimiento)<br data-start=\"3634\" data-end=\"3637\" \/><strong>Peso:<\/strong> aprox. 900 gramos<\/p>\n<p data-start=\"3664\" data-end=\"3730\" data-is-last-node=\"\" data-is-only-node=\"\"><em>El modelo en las fotos de estudio lleva la talla M (178 cm, 87 kg)<\/em><\/p>\n","protected":false},"excerpt":{"rendered":"<p>Edge Hoodie es una sudadera con capucha de estilo sporty-casual, dise\u00f1ada para un look streetwear moderno. Est\u00e1 confeccionada con un <strong>material resistente y duradero<\/strong>, que ofrece comodidad y una larga vida \u00fatil. Cuenta con cremallera de longitud completa, capucha con cord\u00f3n ajustable y un <strong>gran parche<\/strong> de estilo urbano, adem\u00e1s de <strong>parches m\u00e1s peque\u00f1os<\/strong> en la parte delantera y trasera para una apariencia distintiva y moderna. Disponible en <strong>tres colores<\/strong>, combina perfectamente con los <a href=\"\/?product_cat=pantalones-largos\"><strong>pantalones Edge<\/strong><\/a> para crear un conjunto completo.<\/p>\n","protected":false},"featured_media":405705,"comment_status":"open","ping_status":"closed","template":"","meta":[],"product_brand":[],"product_cat":[2494,3376,2512,3071],"product_tag":[],"class_list":{"0":"post-405323","1":"product","2":"type-product","3":"status-publish","4":"has-post-thumbnail","6":"product_cat-hombres","7":"product_cat-los-recien-llegados","8":"product_cat-sudaderas","9":"product_cat-sudaderas-con-capucha","10":"pa_double-sizes-4xl-5xl-es","11":"pa_double-sizes-l-xl-es","12":"pa_double-sizes-s-m-es","13":"pa_double-sizes-xxl-3xl-es","14":"yith_product_brand-edge","15":"yith_product_brand-mnx-es","17":"first","18":"instock","19":"taxable","20":"shipping-taxable","21":"purchasable","22":"product-type-variable"},"exclude_global_add_ons":[],"addons":[],"_links":{"self":[{"href":"https:\/\/mnxsportswear.com\/es\/wp-json\/wp\/v2\/product\/405323","targetHints":{"allow":["GET"]}}],"collection":[{"href":"https:\/\/mnxsportswear.com\/es\/wp-json\/wp\/v2\/product"}],"about":[{"href":"https:\/\/mnxsportswear.com\/es\/wp-json\/wp\/v2\/types\/product"}],"replies":[{"embeddable":true,"href":"https:\/\/mnxsportswear.com\/es\/wp-json\/wp\/v2\/comments?post=405323"}],"version-history":[{"count":2,"href":"https:\/\/mnxsportswear.com\/es\/wp-json\/wp\/v2\/product\/405323\/revisions"}],"predecessor-version":[{"id":405565,"href":"https:\/\/mnxsportswear.com\/es\/wp-json\/wp\/v2\/product\/405323\/revisions\/405565"}],"wp:featuredmedia":[{"embeddable":true,"href":"https:\/\/mnxsportswear.com\/es\/wp-json\/wp\/v2\/media\/405705"}],"wp:attachment":[{"href":"https:\/\/mnxsportswear.com\/es\/wp-json\/wp\/v2\/media?parent=405323"}],"wp:term":[{"taxonomy":"product_brand","embeddable":true,"href":"https:\/\/mnxsportswear.com\/es\/wp-json\/wp\/v2\/product_brand?post=405323"},{"taxonomy":"product_cat","embeddable":true,"href":"https:\/\/mnxsportswear.com\/es\/wp-json\/wp\/v2\/product_cat?post=405323"},{"taxonomy":"product_tag","embeddable":true,"href":"https:\/\/mnxsportswear.com\/es\/wp-json\/wp\/v2\/product_tag?post=405323"}],"curies":[{"name":"wp","href":"https:\/\/api.w.org\/{rel}","templated":true}]}}