{"id":221920,"date":"2014-01-16T07:19:24","date_gmt":"2014-01-16T06:19:24","guid":{"rendered":"https:\/\/beta.mnxsportswear.com\/chi-siamo\/"},"modified":"2024-01-05T11:16:45","modified_gmt":"2024-01-05T10:16:45","slug":"chi-siamo","status":"publish","type":"page","link":"https:\/\/mnxsportswear.com\/it\/chi-siamo\/","title":{"rendered":"Riguardo a noi"},"content":{"rendered":"\t\t<div data-elementor-type=\"wp-page\" data-elementor-id=\"221920\" class=\"elementor elementor-221920 elementor-384\">\n\t\t\t\t\t\t<section class=\"elementor-section elementor-top-section elementor-element elementor-element-47c5c1c elementor-section-stretched elementor-section-boxed elementor-section-height-default elementor-section-height-default\" data-id=\"47c5c1c\" data-element_type=\"section\" data-e-type=\"section\" data-settings=\"{&quot;stretch_section&quot;:&quot;section-stretched&quot;}\">\n\t\t\t\t\t\t<div class=\"elementor-container elementor-column-gap-default\">\n\t\t\t\t\t<div class=\"elementor-column elementor-col-100 elementor-top-column elementor-element elementor-element-d0d43b1\" data-id=\"d0d43b1\" data-element_type=\"column\" data-e-type=\"column\">\n\t\t\t<div class=\"elementor-widget-wrap elementor-element-populated\">\n\t\t\t\t\t\t<div class=\"elementor-element elementor-element-1e32d11 elementor-widget elementor-widget-text-editor\" data-id=\"1e32d11\" data-element_type=\"widget\" data-e-type=\"widget\" data-widget_type=\"text-editor.default\">\n\t\t\t\t<div class=\"elementor-widget-container\">\n\t\t\t\t\t\t\t\t\t<p>Il marchio MNX Sportswear \u00e8 stato fondato alla fine del 2013 in Slovenia per offrire abbigliamento e accessori per tutti i veri bodybuilders. Sin dall\u2019inizio ha consegnato prodotti di qualit\u00e0 e alla moda che sono stati testati prima di ogni uscita in diverse palestre per assicurarsi che soddisfino gli standard di bodybuilding.<br \/>I prodotti MNX Sportswear sono molto belli perch\u00e9 i nostri designers prendono cura di ogni dettaglio. Il nostro lavoro \u00e8 offrire non solo abbigliamento di qualit\u00e0, ma anche molto alla moda per l\u2019abbigliamento casual.<\/p><p>MNX Sportswear sponsorizza con orgoglio diversi atleti famosi come P\u00e9ter Moln\u00e1r, Brandon Curry, Nicolas Vullioud e molti altri. Collaboriamo con diversi team.<br \/>La nostra moto \u00e8 \u201cStriving for Excellence\u201d; non solo nel bodybuilding, ma anche in ogni aspetto della vita.<\/p><p><strong>AZIENDA:<\/strong><\/p><p>ARBOS d.o.o. (AZIENDA ATTIVA DAL 2013)<br \/>BATUJE 1F<br \/>5262 \u010cRNI\u010cE<br \/>SLOVENIA, EUROPE<br \/>P.IVA NUMERO: SI46328289<br \/>Numero di registrazione: 6430970000<br \/>CONTO BANCARIO:<br \/>IBAN SI56 0475 1000 2189 777 (Nova KBM d.d.)<br \/>SWIFT code (8 characters) KBMASI2X<br \/>Branch name<br \/>Address VITA KRAIGHERJA 4<br \/>City MARIBOR<br \/>Postal code \/ Location 2505 MARIBOR<br \/>Country SLOVENIA<br \/>BIC Code analysis 8-letter swift code: KBMASI2X<br \/>Branch code: XXX<br \/>Institution 4-letter code: KBMA<br \/>Country code: SI<br \/>Location code: 2X<\/p><p><strong>CONTACT<\/strong><br \/>Slovenian phone number: +386 51 899 599<br \/>E-mail: info@mnxsportswear.com<br \/>Skype: Doom3n (for bussines inquiry)<br \/>Whatsapp: +386 41 626 623<\/p><p><strong>Profili sociali UFFICIALI di MNX:<\/strong><br \/><a href=\"http:\/\/www.facebook.com\/mnxsportswear\" target=\"_blank\" rel=\"noopener noreferrer nofollow\">www.facebook.com\/mnxsportswear<\/a><br \/><a href=\"http:\/\/www.twitter.com\/mnxsportswear\" target=\"_blank\" rel=\"noopener noreferrer nofollow\">www.twitter.com\/mnxsportswear<\/a><br \/><a href=\"http:\/\/www.instagram.com\/mnxsportswear\" target=\"_blank\" rel=\"noopener noreferrer nofollow\">www.instagram.com\/mnxsportswear<\/a><br \/><a href=\"http:\/\/www.pinterest.com\/mnxsportswear\" target=\"_blank\" rel=\"noopener noreferrer nofollow\">www.pinterest.com\/mnxsportswear<\/a><br \/><a href=\"http:\/\/www.youtube.com\/channel\/UCeEXCxkz1Do8VTQ21noc0zw\" target=\"_blank\" rel=\"noopener noreferrer nofollow\">www.youtube.com\/channel\/UCeEXCxkz1Do8VTQ21noc0zw<\/a><\/p>\t\t\t\t\t\t\t\t<\/div>\n\t\t\t\t<\/div>\n\t\t\t\t\t<\/div>\n\t\t<\/div>\n\t\t\t\t\t<\/div>\n\t\t<\/section>\n\t\t\t\t<section class=\"elementor-section elementor-top-section elementor-element elementor-element-1afef8ba elementor-section-boxed elementor-section-height-default elementor-section-height-default\" data-id=\"1afef8ba\" data-element_type=\"section\" data-e-type=\"section\">\n\t\t\t\t\t\t<div class=\"elementor-container elementor-column-gap-default\">\n\t\t\t\t\t<div class=\"elementor-column elementor-col-100 elementor-top-column elementor-element elementor-element-4c9202f6\" data-id=\"4c9202f6\" data-element_type=\"column\" data-e-type=\"column\">\n\t\t\t<div class=\"elementor-widget-wrap elementor-element-populated\">\n\t\t\t\t\t\t\t<\/div>\n\t\t<\/div>\n\t\t\t\t\t<\/div>\n\t\t<\/section>\n\t\t\t\t<\/div>\n\t\t","protected":false},"excerpt":{"rendered":"<p>Benvenuti a MNX, dove le prestazioni incontrano lo stile! In MNX crediamo che lo sport e il fitness non siano solo attivit\u00e0, ma uno stile di vita. La nostra missione \u00e8 ispirare gli atleti e gli appassionati di fitness a liberare il loro vero potenziale, superando i limiti e abbattendo le barriere ad ogni passo. [&hellip;]<\/p>\n","protected":false},"author":1,"featured_media":0,"parent":0,"menu_order":0,"comment_status":"closed","ping_status":"closed","template":"","meta":{"footnotes":""},"class_list":["post-221920","page","type-page","status-publish","hentry"],"_links":{"self":[{"href":"https:\/\/mnxsportswear.com\/it\/wp-json\/wp\/v2\/pages\/221920","targetHints":{"allow":["GET"]}}],"collection":[{"href":"https:\/\/mnxsportswear.com\/it\/wp-json\/wp\/v2\/pages"}],"about":[{"href":"https:\/\/mnxsportswear.com\/it\/wp-json\/wp\/v2\/types\/page"}],"author":[{"embeddable":true,"href":"https:\/\/mnxsportswear.com\/it\/wp-json\/wp\/v2\/users\/1"}],"replies":[{"embeddable":true,"href":"https:\/\/mnxsportswear.com\/it\/wp-json\/wp\/v2\/comments?post=221920"}],"version-history":[{"count":0,"href":"https:\/\/mnxsportswear.com\/it\/wp-json\/wp\/v2\/pages\/221920\/revisions"}],"wp:attachment":[{"href":"https:\/\/mnxsportswear.com\/it\/wp-json\/wp\/v2\/media?parent=221920"}],"curies":[{"name":"wp","href":"https:\/\/api.w.org\/{rel}","templated":true}]}}