{"id":221939,"date":"2014-01-16T07:21:14","date_gmt":"2014-01-16T06:21:14","guid":{"rendered":"https:\/\/beta.mnxsportswear.com\/termini-e-condizioni\/"},"modified":"2026-01-15T10:35:44","modified_gmt":"2026-01-15T09:35:44","slug":"termini-e-condizioni","status":"publish","type":"page","link":"https:\/\/mnxsportswear.com\/it\/termini-e-condizioni\/","title":{"rendered":"Termini e condizioni"},"content":{"rendered":"<p><strong>TERMINI E CONDIZIONI<\/strong><\/p>\n<p>L\u2019uso di questo sito Web \u00e8 subordinato all\u2019accettazione da parte dell\u2019utente dei termini e delle condizioni qui contenuti. Tutti gli utenti di questo sito Web, con la presente, comprendono e accettano che l\u2019utilizzo di tale sito Web costituisce accettazione dei termini e delle condizioni stabiliti in questa nota legale. MNX SPORTSWEAR si riserva il diritto di modificare i termini e le condizioni in qualsiasi momento senza preavviso. Se non si accettano questi termini, non \u00e8 possibile utilizzare questo sito web. Il nome di dominio mnxsportswear.com \u00e8 di propriet\u00e0 di Arbos D.O.O.<\/p>\n<p>Questo sito Web contiene la propriet\u00e0 intellettuale di MNX SPORTSWEAR. Questa \u00e8 la propriet\u00e0 del rispettivo proprietario. L\u2019utente riconosce e riconosce la propriet\u00e0 di questi marchi e comprende che non acquisisce, attraverso l\u2019uso di questo sito web, alcun diritto, titolo o interesse nei marchi. L\u2019utente accetta che non cambier\u00e0, modificher\u00e0 e \/ o sfrutter\u00e0 i marchi, n\u00e9 parteciper\u00e0 a nessuna attivit\u00e0 che modifichi e \/ o sfrutti tali marchi. Tutti i diritti riservati. Qualsiasi uso dei marchi senza espressa autorizzazione scritta \u00e8 severamente vietato.<\/p>\n<p>Qualsiasi uso di questo sito Web per scopi illegali o discutibili \u00e8 severamente proibito. L\u2019utente accetta di non utilizzare questo sito Web per svolgere attivit\u00e0 che potrebbero essere considerate illegali o dannose per gli altri. Tali attivit\u00e0 includono, ma non sono limitate a:<\/p>\n<p>\u2013 attivit\u00e0 che implicano la trasmissione di informazioni illegali, minacciose, moleste, oscene, sessualmente esplicite, pornografiche, di odio, profane, diffamatorie o diffamatorie,<\/p>\n<p>\u2013 attivit\u00e0 che comportano la trasmissione di posta indesiderata o spamming,<\/p>\n<p>\u2013 attivit\u00e0 che comportano la promozione o l\u2019uso di virus,<\/p>\n<p>\u2013 attivit\u00e0 che violano qualsiasi legge, regolamento o statuto,<\/p>\n<p>\u2013 attivit\u00e0 che violano qualsiasi diritto di propriet\u00e0 legalmente protetto.<\/p>\n<p>MNX si riserva il diritto di monitorare le trasmissioni e indagare su qualsiasi uso presumibilmente proibito di questo sito Web e di divulgare tutte le informazioni relative a tale uso proibito. Qualsiasi violazione di questa o di qualsiasi altra sezione qui contenuta pu\u00f2 comportare la cessazione del servizio e \/ o qualsiasi altra azione che MNX ritenga appropriata in base alle circostanze.<\/p>\n<p><strong>2. COME EFFETTUARE UN ORDINE<\/strong><\/p>\n<p>Effettuare un ordine attraverso il sito Web MNX consiste nei seguenti passaggi:<\/p>\n<ol>\n<li>Scegli i prodotti che desideri e aggiungili a \u201cIl tuo carrello\u201d,<\/li>\n<li>Procedere al check out,<\/li>\n<li>Inserire la consegna e i dati di fatturazione,<\/li>\n<li>Accetta i nostri Termini di vendita facendo clic sulle caselle di controllo,<\/li>\n<li>Scegli un metodo di pagamento e clicca su \u201cInvia ordine\u201d,<\/li>\n<li>Effettua il pagamento.<\/li>\n<li>Se il pagamento \u00e8 autorizzato, il Cliente ricever\u00e0 una conferma della ricezione dell\u2019ordine. Questa conferma costituisce accettazione da parte dell\u2019ordine del cliente MNX e crea un accordo vincolante tra il Cliente e MNX.<\/li>\n<\/ol>\n<p>2.1 DISPONIBILIT\u00c0 DEI PRODOTTI<\/p>\n<p>Il completamento di un ordine tramite il sito Web \u00e8 soggetto alla disponibilit\u00e0 dei prodotti. MNX cerca di garantire lo stock di tutti i prodotti. Se il prodotto ordinato non \u00e8 disponibile o non ci sono scorte, il Cliente sar\u00e0 informato via e-mail e rimborsato l\u2019importo pagato.<\/p>\n<p>2.2 IL DIRITTO DI MNX PER ANNULLARE O NON ACCETTARE UN ORDINE<\/p>\n<p>MNX si riserva il diritto di rifiutare qualsiasi ordine e di annullare o non accettare un ordine confermato, tra gli altri, per i seguenti motivi:<\/p>\n<p>\u2013 C\u2019\u00e8 stato un errore tecnico o di prezzo sul sito web al momento della registrazione dell\u2019ordine,<\/p>\n<p>\u2013 Il prodotto ordinato non \u00e8 disponibile,<\/p>\n<p>\u2013 Le informazioni di fatturazione fornite erano errate o non verificabili,<\/p>\n<p>\u2013 I sistemi di sicurezza indicano che l\u2019ordine \u00e8 anormale o pu\u00f2 essere fraudolento,<\/p>\n<p>\u2013 MNX non \u00e8 stato in grado di consegnare l\u2019ordine sull\u2019indirizzo fornito.<\/p>\n<p>Se un ordine viene annullato per uno dei motivi sopra indicati, MNX rimborser\u00e0 (se \u00e8 stato pagato) il valore dell\u2019ordine. Le spese di spedizione non vengono mai rimborsate, salvo in determinate circostanze.<\/p>\n<p><strong>3. PREZZO E PAGAMENTO<\/strong><\/p>\n<p>I prezzi sono espressi in Euro. La modifica del Paese di consegna potrebbe avere un impatto sul prezzo finale.<\/p>\n<p>Per pagare l\u2019ordine, il Cliente pu\u00f2 utilizzare i seguenti metodi di pagamento: carta di credito, PayPal, bonifico bancario diretto e pagamento alla consegna (per alcuni paesi). L\u2019addebito verr\u00e0 effettuato dopo la conferma dell\u2019ordine.<\/p>\n<p>I prezzi indicati sul sito Web sono soggetti a modifiche. MNX si riserva il diritto di modificare i prezzi senza preavviso. Tuttavia, una volta ricevuta la ricevuta di un ordine da parte di MNX, il prezzo da pagare in relazione a tale ordine non verr\u00e0 modificato.<\/p>\n<p><strong>4. CONSEGNA DELL\u2019ORDINE<\/strong><\/p>\n<p>Le consegne sono effettuate dal luned\u00ec al venerd\u00ec. Nessun consegne vengono effettuate nei fine settimana o nelle festivit\u00e0 locali. Le consegne vengono effettuate durante l\u2019orario lavorativo. Pertanto, per facilitare la consegna, i clienti possono utilizzare il loro indirizzo di lavoro o qualsiasi altro indirizzo in cui potrebbe esserci qualcuno a ricevere il pacco.<\/p>\n<p>Gli ordini vengono solitamente consegnati entro 2-14 giorni lavorativi. Di solito il programma di consegna viene rispettato e, sebbene MNX non possa garantire la puntualit\u00e0, tutti gli ordini vengono consegnati entro 30 giorni dalla data di conferma della ricezione dell\u2019ordine, al pi\u00f9 tardi.<\/p>\n<p>Il Cliente deve verificare lo stato dell\u2019imballaggio dopo la consegna. Se il pacco \u00e8 danneggiato, il Cliente non deve accettare la consegna. L\u2019importo dell\u2019acquisto e i costi di consegna saranno rimborsati al Cliente una volta che il magazzino avr\u00e0 elaborato la restituzione dei prodotti. MNX informa che la consegna deve essere verificata entro un termine ragionevole dal ricevimento. Nel caso in cui nessun avviso di rifiuto dei prodotti venga ricevuto entro 14 giorni dalla consegna, MNX considerer\u00e0 il Cliente accettare la consegna.<\/p>\n<p><strong>5.\u00a0<\/strong>\u00a0<strong>RESTITUZIONE, SCAMBIO E CANCELLAZIONE DEGLI ORDINI<\/strong><\/p>\n<p>5.1 RESTITUZIONE DI UN PRODOTTO DANNEGGIATO<\/p>\n<p>Il Cliente ha il diritto di restituire i prodotti difettosi. Il Cliente ha 14 giorni dal momento in cui rileva la non conformit\u00e0 del prodotto per informare MNX del difetto o della mancanza di conformit\u00e0 e restituire il prodotto a MNX.<\/p>\n<p>Se il cliente restituisce un prodotto perch\u00e9 \u00e8 difettoso o non conforme e il ritorno \u00e8 approvato, MNX rimborser\u00e0 il valore del prodotto e le spese di spedizione, o scambio con uno nuovo, entro trenta (30) giorni di MNX ricezione del prodotto restituito.<\/p>\n<p>Il Cliente accetta che MNX non ha alcuna responsabilit\u00e0 per eventuali danni sui prodotti ottenuti con la gestione unappropriate dal Cliente, per esempio il lavaggio (senza seguire le istruzioni di lavaggio del produttore), asciuga essiccazione o stiratura. In caso di uso inappropriato dei prodotti MNX, MNX non \u00e8 obbligata ad accettare resi di tali prodotti.<\/p>\n<p>5.2 RESTITUZIONE DEI PRODOTTI PER QUALSIASI MOTIVO<\/p>\n<p>Se il Cliente non \u00e8 soddisfatto per qualsiasi motivo con i prodotti acquistati, avr\u00e0 30 giorni di calendario dalla data di consegna per restituire il prodotto senza necessit\u00e0 di spiegazioni di alcun tipo.<\/p>\n<p>Il Cliente pu\u00f2 restituire il prodotto acquistato, a condizione che:<\/p>\n<p>\u2013 Il prodotto non \u00e8 stato lavato o utilizzato in alcun modo (ad eccezione della ragionevole usura dovuta all\u2019esame e \/ o prova del prodotto).<\/p>\n<p>\u2013 Il prodotto non \u00e8 coperto da peli umani o animali.<\/p>\n<p>\u2013 Il prodotto \u00e8 completo (due elementi che formano una coppia devono essere restituiti insieme).<\/p>\n<p><em>Nota: non saranno accettati resi di prodotti personalizzati e biancheria intima.<\/em><strong><br \/>\n<\/strong><\/p>\n<p>Il prodotto deve essere restituito e il Cliente deve assumersi i costi di questo reso. I prodotti saranno restituiti con la loro confezione originale e l\u2019etichetta, insieme con la nota del cliente che contiene tutte le informazioni di base dell\u2019ordine. In seguito a un\u2019ispezione soddisfacente dei beni restituiti, MNX rimborser\u00e0 il prezzo del prodotto entro trenta (30) giorni dal ricevimento della cancellazione dell\u2019ordine e della notifica di restituzione del prodotto da parte del Cliente. Il cliente dovr\u00e0 pagare i costi di restituzione.<\/p>\n<p>MNX non rimborser\u00e0 fino alla ricezione del prodotto restituito e alla verifica delle condizioni del prodotto nel magazzino. Una volta verificata la condizione del prodotto restituito, il Cliente rimborser\u00e0 l\u2019importo in questione entro trenta (30) giorni dal ricevimento del prodotto restituito a MNX.<\/p>\n<p>Per la protezione del Cliente, si consiglia di effettuare una restituzione con il servizio di spedizione che fornisce al Cliente un numero di tracciamento. Tutti i resi devono essere inviati al seguente indirizzo:<\/p>\n<p>Ragione sociale: Arbos d.o.o.<br \/>\nIndirizzo: BATUJE 1F<br \/>\nCodice postale: 5262 \u010cRNI\u010cE<br \/>\nPaese: SLOVENIA, EUROPA<\/p>\n<p><strong>6. ORDINA DI PRODOTTI PERSONALIZZATI<\/strong><\/p>\n<p>L\u2019ordine del cliente del prodotto personalizzato viene elaborato subito dopo il suo inserimento. \u00c8 estremamente importante che il cliente riveda il suo ordine prima della conferma. Il cliente deve controllare attentamente l\u2019ortografia delle parole. Cancellazioni o modifiche di ordini non possono essere accettate una volta che il Cliente ha completato e effettuato un ordine. Il completamento dell\u2019ordine conferma e riconosce che il Cliente ha esaminato e verificato la correttezza del suo intero ordine prima di inviarlo.<\/p>\n<p>MNX non metter\u00e0 in produzione prodotti contenenti odio, contenuto esplicito o contenuto protetto da copyright di una terza parte. Il cliente sar\u00e0 invitato a modificare il tipo di contenuto. Se il cliente non \u00e8 d\u2019accordo con la modifica del contenuto, MNX non proceder\u00e0 alla produzione e annuller\u00e0 l\u2019ordine.<\/p>\n<p>6.1 RESTITUZIONE DEI PRODOTTI PERSONALIZZATI<\/p>\n<p>Gli articoli personalizzati non possono essere accettati per la restituzione, a meno che non vi sia un errore di produzione o un difetto del prodotto. Se il Cliente riscontra problemi di qualit\u00e0 con il suo ordine, dovr\u00e0 contattare MNX all\u2019indirizzo info@mnxsportswear.com entro 14 giorni. Il Cliente pu\u00f2 restituire un prodotto difettoso a MNX in una nuova condizione non utilizzata. MNX pu\u00f2 creare un nuovo articolo personalizzato in cambio o effettuare un rimborso sul conto del cliente.<\/p>\n<p><strong>7. LAVAGGIO E MANUTENZIONE DELL\u2019IMPIANTO MNX<\/strong><\/p>\n<p>Si prega di prestare molta attenzione alle istruzioni per la cura fornite con ciascun prodotto. Molti dei nostri prodotti non devono essere messi nell\u2019asciugatrice. In generale, lavare a 30 \u00b0 e stirare gli indumenti MNX per proteggere la grafica stampata e i ricami da eventuali danni. Alcuni dei nostri prodotti personalizzati richiedono solo il lavaggio a mano (prodotti con timbri in oro e argento).<\/p>\n<p><strong>8. CODICI PROMOZIONALI (SCONTI)<\/strong><\/p>\n<p>Quando i codici promozionali vengono utilizzati in base ai loro termini e condizioni, si applicano per uno sconto singolo su un acquisto di un singolo prodotto o uno sconto su un ordine per il tempo indicato dal codice promozionale.<\/p>\n<p>I codici promozionali possono essere utilizzati solo per gli acquisti sul sito web. Il Cliente non pu\u00f2 vendere, scambiare o assegnare il codice promozionale. Il codice promozionale non pu\u00f2 essere caricato o divulgato tramite siti Web o altri media mediante offerte pubbliche, regali, vendite o scambi. I codici promozionali non possono essere utilizzati per scopi commerciali.<\/p>\n<p>\u00c8 possibile utilizzare un solo codice promozionale per prodotto e per ordine. I codici promozionali non possono essere combinati con altre offerte speciali o promozioni. I codici promozionali non possono essere scambiati con denaro.<\/p>\n<p>MNX si riserva il diritto di annullare immediatamente un codice promozionale se sospetta che sia utilizzato in violazione di una delle condizioni di cui sopra o in qualsiasi altro modo improprio o se ha ragionevoli motivi per invalidarlo.<\/p>\n<p><strong>9. PROTEZIONE DEI DATI PERSONALI<\/strong><\/p>\n<p>Le informazioni sul trattamento dei dati personali del Partecipante sono incluse nell\u2019informativa sulla privacy disponibile al seguente link.<\/p>\n<p><strong>10. LEGISLAZIONE APPLICABILE<\/strong><\/p>\n<p>Gli acquisti effettuati tramite il sito Web MNX e in base ai presenti Termini e condizioni sono soggetti alla legge slovena.<\/p>\n<p><strong>11.CONTATTO<\/strong><\/p>\n<p>Per qualsiasi domanda o incidente relativo a un ordine, il Cliente pu\u00f2 contattare MNX da:<\/p>\n<p>\u2013 e-mail, indirizzando un messaggio a info@mnxsportswear.com,<\/p>\n<p>\u2013 attraverso la sezione Contatti del sito Web,<\/p>\n<p>\u2013 chiamando il numero +38651899599 dal luned\u00ec al venerd\u00ec (eccetto le festivit\u00e0 nazionali) dalle 9:00 alle 14:00 (CET).<\/p>\n<p>Batuje, 5.1.2024<\/p>\n","protected":false},"excerpt":{"rendered":"<p>TERMINI E CONDIZIONI L\u2019uso di questo sito Web \u00e8 subordinato all\u2019accettazione da parte dell\u2019utente dei termini e delle condizioni qui contenuti. Tutti gli utenti di questo sito Web, con la presente, comprendono e accettano che l\u2019utilizzo di tale sito Web costituisce accettazione dei termini e delle condizioni stabiliti in questa nota legale. MNX SPORTSWEAR si [&hellip;]<\/p>\n","protected":false},"author":1,"featured_media":0,"parent":0,"menu_order":0,"comment_status":"closed","ping_status":"closed","template":"","meta":{"footnotes":""},"class_list":["post-221939","page","type-page","status-publish","hentry"],"_links":{"self":[{"href":"https:\/\/mnxsportswear.com\/it\/wp-json\/wp\/v2\/pages\/221939","targetHints":{"allow":["GET"]}}],"collection":[{"href":"https:\/\/mnxsportswear.com\/it\/wp-json\/wp\/v2\/pages"}],"about":[{"href":"https:\/\/mnxsportswear.com\/it\/wp-json\/wp\/v2\/types\/page"}],"author":[{"embeddable":true,"href":"https:\/\/mnxsportswear.com\/it\/wp-json\/wp\/v2\/users\/1"}],"replies":[{"embeddable":true,"href":"https:\/\/mnxsportswear.com\/it\/wp-json\/wp\/v2\/comments?post=221939"}],"version-history":[{"count":1,"href":"https:\/\/mnxsportswear.com\/it\/wp-json\/wp\/v2\/pages\/221939\/revisions"}],"predecessor-version":[{"id":406061,"href":"https:\/\/mnxsportswear.com\/it\/wp-json\/wp\/v2\/pages\/221939\/revisions\/406061"}],"wp:attachment":[{"href":"https:\/\/mnxsportswear.com\/it\/wp-json\/wp\/v2\/media?parent=221939"}],"curies":[{"name":"wp","href":"https:\/\/api.w.org\/{rel}","templated":true}]}}