{"id":213790,"date":"2015-08-01T16:22:40","date_gmt":"2015-08-01T14:22:40","guid":{"rendered":"https:\/\/beta.mnxsportswear.com\/?post_type=product&#038;p=213790"},"modified":"2026-03-01T18:17:47","modified_gmt":"2026-03-01T17:17:47","slug":"mnx-felpa-con-cappuccio-classic","status":"publish","type":"product","link":"https:\/\/mnxsportswear.com\/it\/product\/mnx-felpa-con-cappuccio-classic\/","title":{"rendered":"MNX felpa con cappuccio Classic"},"content":{"rendered":"<p>Felpa con cappuccio MNX Classic con logo ricamato.<\/p>\n<ul>\n<li>realizzato in morbido e leggero misto cotone per il massimo comfort,<\/li>\n<li>con tasche,<\/li>\n<li>cappuccio con coulisse per una vestibilit\u00e0 regolabile,<\/li>\n<li>logo ricamato su petto e cappuccio.<\/li>\n<\/ul>\n<p><span class=\"tlid-translation translation\" lang=\"it\"><span class=\"\" title=\"\"><strong>Materiale:<\/strong> 80% cotone, 20% poliestere<\/span><br \/>\n<span class=\"\" title=\"\"><strong>Colore:<\/strong> come mostrato<\/span><br \/>\n<span title=\"\"><strong>Stile \/ modello:<\/strong> classico<\/span> &#8211; taglie Europee<br \/>\n<span title=\"\"><strong>Taglie:<\/strong> S, M, L, XL, 2XL, 3XL, 4XL<\/span><\/span><\/p>\n<p><em><span title=\"\">Modello su foto (185 cm, 110 kg) indossa taglia XL.<\/span><\/em><\/p>\n<p><strong>GUIDA TAGLIE\u00a0 (in cm):<\/strong><\/p>\n<table border=\"0\" cellspacing=\"0\">\n<colgroup width=\"174\"><\/colgroup>\n<colgroup span=\"6\" width=\"85\"><\/colgroup>\n<tbody>\n<tr>\n<td align=\"left\" height=\"20\"><\/td>\n<td align=\"right\"><b>S<\/b><\/td>\n<td align=\"right\"><b>M<\/b><\/td>\n<td align=\"right\"><b>L<\/b><\/td>\n<td align=\"right\"><strong>XL<\/strong><\/td>\n<td align=\"right\"><strong>XXL<\/strong><\/td>\n<td align=\"right\"><strong>3XL<\/strong><\/td>\n<\/tr>\n<tr>\n<td align=\"left\" height=\"23\">LUNGHEZZA<\/td>\n<td align=\"right\">96<\/td>\n<td align=\"right\">98<\/td>\n<td align=\"right\">102<\/td>\n<td align=\"right\">106<\/td>\n<td align=\"right\">111<\/td>\n<td align=\"right\">117<\/td>\n<\/tr>\n<tr>\n<td align=\"left\" height=\"24\">MEZZO PETTO<\/td>\n<td align=\"right\">57<\/td>\n<td align=\"right\">59<\/td>\n<td align=\"right\">61<\/td>\n<td align=\"right\">63<\/td>\n<td align=\"right\">65<\/td>\n<td align=\"right\">67<\/td>\n<\/tr>\n<tr>\n<td align=\"left\" height=\"21\">LUNGHEZZA DEL BRACCIO<\/td>\n<td align=\"right\">61<\/td>\n<td align=\"right\">63<\/td>\n<td align=\"right\">65<\/td>\n<td align=\"right\">67<\/td>\n<td align=\"right\">69<\/td>\n<td align=\"right\">71<\/td>\n<\/tr>\n<\/tbody>\n<\/table>\n","protected":false},"excerpt":{"rendered":"<p><span class=\"tlid-translation translation\" lang=\"it\">Felpa con cappuccio MNX Classic con una <strong>vestibilit\u00e0 comoda e quotidiana<\/strong>, diventer\u00e0 rapidamente il tuo punto di riferimento per l&#8217;abbigliamento casual per tutti gli usi. <strong>Realizzata in morbido e caldo misto cotone<\/strong> con <strong>tasche laterali<\/strong>, cappuccio con coulisse per una vestibilit\u00e0 personalizzata. Con <strong>loghi ricamati<\/strong> e materiale morbido di qualit\u00e0. \u00c8 ottimo per i climi pi\u00f9 freddi grazie al tessuto caldo.<br \/>\n<\/span><\/p>\n","protected":false},"featured_media":361367,"comment_status":"open","ping_status":"closed","template":"","meta":[],"product_brand":[],"product_cat":[2374,3070,2317],"product_tag":[],"class_list":{"0":"post-213790","1":"product","2":"type-product","3":"status-publish","4":"has-post-thumbnail","6":"product_cat-felpe","7":"product_cat-felpe-con-cappuccio","8":"product_cat-per-uomo","9":"yith_product_brand-mnx-it","11":"first","12":"outofstock","13":"sale","14":"taxable","15":"shipping-taxable","16":"purchasable","17":"product-type-variable"},"exclude_global_add_ons":[],"addons":[],"_links":{"self":[{"href":"https:\/\/mnxsportswear.com\/it\/wp-json\/wp\/v2\/product\/213790","targetHints":{"allow":["GET"]}}],"collection":[{"href":"https:\/\/mnxsportswear.com\/it\/wp-json\/wp\/v2\/product"}],"about":[{"href":"https:\/\/mnxsportswear.com\/it\/wp-json\/wp\/v2\/types\/product"}],"replies":[{"embeddable":true,"href":"https:\/\/mnxsportswear.com\/it\/wp-json\/wp\/v2\/comments?post=213790"}],"version-history":[{"count":1,"href":"https:\/\/mnxsportswear.com\/it\/wp-json\/wp\/v2\/product\/213790\/revisions"}],"predecessor-version":[{"id":391908,"href":"https:\/\/mnxsportswear.com\/it\/wp-json\/wp\/v2\/product\/213790\/revisions\/391908"}],"wp:featuredmedia":[{"embeddable":true,"href":"https:\/\/mnxsportswear.com\/it\/wp-json\/wp\/v2\/media\/361367"}],"wp:attachment":[{"href":"https:\/\/mnxsportswear.com\/it\/wp-json\/wp\/v2\/media?parent=213790"}],"wp:term":[{"taxonomy":"product_brand","embeddable":true,"href":"https:\/\/mnxsportswear.com\/it\/wp-json\/wp\/v2\/product_brand?post=213790"},{"taxonomy":"product_cat","embeddable":true,"href":"https:\/\/mnxsportswear.com\/it\/wp-json\/wp\/v2\/product_cat?post=213790"},{"taxonomy":"product_tag","embeddable":true,"href":"https:\/\/mnxsportswear.com\/it\/wp-json\/wp\/v2\/product_tag?post=213790"}],"curies":[{"name":"wp","href":"https:\/\/api.w.org\/{rel}","templated":true}]}}