{"id":319145,"date":"2023-01-20T13:06:08","date_gmt":"2023-01-20T12:06:08","guid":{"rendered":"https:\/\/mnxsportswear.com\/?post_type=product&#038;p=319145"},"modified":"2026-03-10T23:40:12","modified_gmt":"2026-03-10T22:40:12","slug":"mnx-felpa-con-cappuccio-oxygen-turquoise","status":"publish","type":"product","link":"https:\/\/mnxsportswear.com\/it\/product\/mnx-felpa-con-cappuccio-oxygen-turquoise\/","title":{"rendered":"MNX Felpa con cappuccio Oxygen, turchese"},"content":{"rendered":"<p>Felpa con cappuccio MNX in cotone OXYGEN dal design unico.<\/p>\n<ul>\n<li>Realizzato in morbido e caldo misto cotone per il massimo comfort,<\/li>\n<li>con tasche,<\/li>\n<li>cappuccio con coulisse per una vestibilit\u00e0 regolabile,<\/li>\n<li>design e dettagli unici.<\/li>\n<\/ul>\n<p><span class=\"\" title=\"\"><strong>Materiale:<\/strong> 80% cotone, 20% poliestere<\/span><br \/>\n<span title=\"\"><strong>Colore:<\/strong> come mostrato<\/span><br \/>\n<span title=\"\"><strong>Stile \/ modello:<\/strong> classico<\/span><br \/>\n<span title=\"\"><strong>Taglie:<\/strong> S\/M, L\/XL, XXL\/3XL<\/span><\/p>\n","protected":false},"excerpt":{"rendered":"<p><span class=\"tlid-translation translation\" lang=\"it\"><span title=\"\">Completa il tuo guardaroba con queste eleganti felpe con cappuccio in stile street <em>Oxygen<\/em>. Realizzata in <strong>caldo cotone super morbido<\/strong> con tasche laterali, cappuccio con coulisse per una vestibilit\u00e0 personalizzata e polsini e orlo a costine. Con una vestibilit\u00e0 comoda per tutti i giorni, diventer\u00e0 rapidamente il tuo punto di riferimento per l&#8217;abbigliamento casual per tutti gli usi. Combina questa felpa con cappuccio con i pantaloni Oxygen e crea un outfit perfetto.<\/span><\/span><\/p>\n","protected":false},"featured_media":329191,"comment_status":"open","ping_status":"closed","template":"","meta":[],"product_brand":[],"product_cat":[2374,3070,3170,2317],"product_tag":[],"class_list":{"0":"post-319145","1":"product","2":"type-product","3":"status-publish","4":"has-post-thumbnail","6":"product_cat-felpe","7":"product_cat-felpe-con-cappuccio","8":"product_cat-oxygen-it-2","9":"product_cat-per-uomo","10":"yith_product_brand-mnx-it","11":"yith_product_brand-oxygen-it","13":"first","14":"instock","15":"sale","16":"featured","17":"taxable","18":"shipping-taxable","19":"purchasable","20":"product-type-variable"},"exclude_global_add_ons":[],"addons":[],"_links":{"self":[{"href":"https:\/\/mnxsportswear.com\/it\/wp-json\/wp\/v2\/product\/319145","targetHints":{"allow":["GET"]}}],"collection":[{"href":"https:\/\/mnxsportswear.com\/it\/wp-json\/wp\/v2\/product"}],"about":[{"href":"https:\/\/mnxsportswear.com\/it\/wp-json\/wp\/v2\/types\/product"}],"replies":[{"embeddable":true,"href":"https:\/\/mnxsportswear.com\/it\/wp-json\/wp\/v2\/comments?post=319145"}],"version-history":[{"count":1,"href":"https:\/\/mnxsportswear.com\/it\/wp-json\/wp\/v2\/product\/319145\/revisions"}],"predecessor-version":[{"id":391684,"href":"https:\/\/mnxsportswear.com\/it\/wp-json\/wp\/v2\/product\/319145\/revisions\/391684"}],"wp:featuredmedia":[{"embeddable":true,"href":"https:\/\/mnxsportswear.com\/it\/wp-json\/wp\/v2\/media\/329191"}],"wp:attachment":[{"href":"https:\/\/mnxsportswear.com\/it\/wp-json\/wp\/v2\/media?parent=319145"}],"wp:term":[{"taxonomy":"product_brand","embeddable":true,"href":"https:\/\/mnxsportswear.com\/it\/wp-json\/wp\/v2\/product_brand?post=319145"},{"taxonomy":"product_cat","embeddable":true,"href":"https:\/\/mnxsportswear.com\/it\/wp-json\/wp\/v2\/product_cat?post=319145"},{"taxonomy":"product_tag","embeddable":true,"href":"https:\/\/mnxsportswear.com\/it\/wp-json\/wp\/v2\/product_tag?post=319145"}],"curies":[{"name":"wp","href":"https:\/\/api.w.org\/{rel}","templated":true}]}}