{"id":324539,"date":"2023-05-05T11:38:45","date_gmt":"2023-05-05T09:38:45","guid":{"rendered":"https:\/\/mnxsportswear.com\/?post_type=product&#038;p=324539"},"modified":"2026-03-01T18:39:10","modified_gmt":"2026-03-01T17:39:10","slug":"mnx-maglia-leggera-aesthetic-dove","status":"publish","type":"product","link":"https:\/\/mnxsportswear.com\/it\/product\/mnx-maglia-leggera-aesthetic-dove\/","title":{"rendered":"MNX maglia leggera Aesthetic, dove"},"content":{"rendered":"<p><strong>Felpa in cotone MNX Estetica.<\/strong><\/p>\n<ul>\n<li>tessuto leggermente elasticizzato,<\/li>\n<li>cotone leggero,<\/li>\n<li>comoda vestibilit\u00e0 regolare e tessuto di cotone traspirante,<\/li>\n<li>design minimalista con piccoli loghi in gomma 3D.<\/li>\n<\/ul>\n<p><strong>Materiale:<\/strong> 100% cotone (5% restringimento)<br \/>\n<strong>Colore:<\/strong> come mostrato<br \/>\n<strong>Peso:<\/strong> ca. 340 grammi<br \/>\n<strong>Stile\/modello:<\/strong> oversize<br \/>\n<strong>Taglie:<\/strong> S\/M, L\/XL, XXL\/3XL<\/p>\n","protected":false},"excerpt":{"rendered":"<p><span class=\"tlid-translation translation\" lang=\"it\"><span title=\"\">Questa felpa oversize \u00e8 la compagna perfetta nelle giornate pi\u00f9 calde. Caratterizzata da colletto pi\u00f9 ampio, <strong>tessuto in cotone leggero<\/strong>, <strong>vestibilit\u00e0 classica<\/strong> e <strong>marchio minimalista<\/strong>. Abbinalo ai jeans per un look casual o all&#8217;abbigliamento sportivo. Disponibile in diversi colori.<\/span><\/span><\/p>\n","protected":false},"featured_media":329039,"comment_status":"open","ping_status":"closed","template":"","meta":[],"product_brand":[],"product_cat":[3152,3073,2374,2317],"product_tag":[],"class_list":{"0":"post-324539","1":"product","2":"type-product","3":"status-publish","4":"has-post-thumbnail","6":"product_cat-aesthetic-it","7":"product_cat-felpe-it-2","8":"product_cat-felpe","9":"product_cat-per-uomo","10":"yith_product_brand-aesthetic-it","12":"first","13":"outofstock","14":"featured","15":"taxable","16":"shipping-taxable","17":"purchasable","18":"product-type-variable"},"exclude_global_add_ons":[],"addons":[],"_links":{"self":[{"href":"https:\/\/mnxsportswear.com\/it\/wp-json\/wp\/v2\/product\/324539","targetHints":{"allow":["GET"]}}],"collection":[{"href":"https:\/\/mnxsportswear.com\/it\/wp-json\/wp\/v2\/product"}],"about":[{"href":"https:\/\/mnxsportswear.com\/it\/wp-json\/wp\/v2\/types\/product"}],"replies":[{"embeddable":true,"href":"https:\/\/mnxsportswear.com\/it\/wp-json\/wp\/v2\/comments?post=324539"}],"version-history":[{"count":1,"href":"https:\/\/mnxsportswear.com\/it\/wp-json\/wp\/v2\/product\/324539\/revisions"}],"predecessor-version":[{"id":391656,"href":"https:\/\/mnxsportswear.com\/it\/wp-json\/wp\/v2\/product\/324539\/revisions\/391656"}],"wp:featuredmedia":[{"embeddable":true,"href":"https:\/\/mnxsportswear.com\/it\/wp-json\/wp\/v2\/media\/329039"}],"wp:attachment":[{"href":"https:\/\/mnxsportswear.com\/it\/wp-json\/wp\/v2\/media?parent=324539"}],"wp:term":[{"taxonomy":"product_brand","embeddable":true,"href":"https:\/\/mnxsportswear.com\/it\/wp-json\/wp\/v2\/product_brand?post=324539"},{"taxonomy":"product_cat","embeddable":true,"href":"https:\/\/mnxsportswear.com\/it\/wp-json\/wp\/v2\/product_cat?post=324539"},{"taxonomy":"product_tag","embeddable":true,"href":"https:\/\/mnxsportswear.com\/it\/wp-json\/wp\/v2\/product_tag?post=324539"}],"curies":[{"name":"wp","href":"https:\/\/api.w.org\/{rel}","templated":true}]}}