{"id":360065,"date":"2000-11-10T23:35:33","date_gmt":"2000-11-10T22:35:33","guid":{"rendered":"https:\/\/mnxsportswear.com\/product\/mnx-mesh-shorts-yellow\/"},"modified":"2026-03-01T17:59:10","modified_gmt":"2026-03-01T16:59:10","slug":"mnx-mesh-shorts","status":"publish","type":"product","link":"https:\/\/mnxsportswear.com\/it\/product\/mnx-mesh-shorts\/","title":{"rendered":"MNX Mesh pantaloncini gialla"},"content":{"rendered":"<p>MNX mesh pantaloncini in gialla.<\/p>\n<p><strong>Material:<\/strong> 100% <span data-sheets-root=\"1\" data-sheets-value=\"{&quot;1&quot;:2,&quot;2&quot;:&quot;poliestere&quot;}\" data-sheets-userformat=\"{&quot;2&quot;:30722,&quot;4&quot;:{&quot;1&quot;:2,&quot;2&quot;:16777215},&quot;14&quot;:{&quot;1&quot;:2,&quot;2&quot;:2236962},&quot;15&quot;:&quot;-apple-system, system-ui, BlinkMacSystemFont, \\&quot;Segoe UI\\&quot;, Helvetica, Arial, sans-serif, \\&quot;Apple Color Emoji\\&quot;, \\&quot;Segoe UI Emoji\\&quot;, \\&quot;Segoe UI Symbol\\&quot;&quot;,&quot;16&quot;:13,&quot;17&quot;:1}\" data-sheets-formula=\"= GoogleTranslate (R[-1]C[-1]; R[0]C[2];R[0]C[1])\">poliestere<\/span><br \/>\n<strong>Color: <\/strong>come mostrato<br \/>\n<strong>Taglie:<\/strong>\u00a0S, M, L, XL, XXL, 3XL<\/p>\n<p>La modella nella foto (185 cm, 110 kg) indossa la taglia XL.<\/p>\n","protected":false},"excerpt":{"rendered":"<p>Pantaloncini gialli MNX, realizzati in tessuto a rete traspirante per una sensazione super morbida. Vestibilit\u00e0 ampia per un&#8217;usura pi\u00f9 confortevole. Cintura elastica con cordino rosso interno per una vestibilit\u00e0 regolabile. Con tasche con cerniera su entrambi i lati. Disponibile nelle taglie S-3XL.<\/p>\n","protected":false},"featured_media":365049,"comment_status":"open","ping_status":"closed","template":"","meta":[],"product_brand":[],"product_cat":[558,2317],"product_tag":[],"class_list":{"0":"post-360065","1":"product","2":"type-product","3":"status-publish","4":"has-post-thumbnail","6":"product_cat-pantaloncini","7":"product_cat-per-uomo","9":"first","10":"outofstock","11":"sale","12":"taxable","13":"shipping-taxable","14":"purchasable","15":"product-type-variable"},"exclude_global_add_ons":[],"addons":[],"_links":{"self":[{"href":"https:\/\/mnxsportswear.com\/it\/wp-json\/wp\/v2\/product\/360065","targetHints":{"allow":["GET"]}}],"collection":[{"href":"https:\/\/mnxsportswear.com\/it\/wp-json\/wp\/v2\/product"}],"about":[{"href":"https:\/\/mnxsportswear.com\/it\/wp-json\/wp\/v2\/types\/product"}],"replies":[{"embeddable":true,"href":"https:\/\/mnxsportswear.com\/it\/wp-json\/wp\/v2\/comments?post=360065"}],"version-history":[{"count":1,"href":"https:\/\/mnxsportswear.com\/it\/wp-json\/wp\/v2\/product\/360065\/revisions"}],"predecessor-version":[{"id":391922,"href":"https:\/\/mnxsportswear.com\/it\/wp-json\/wp\/v2\/product\/360065\/revisions\/391922"}],"wp:featuredmedia":[{"embeddable":true,"href":"https:\/\/mnxsportswear.com\/it\/wp-json\/wp\/v2\/media\/365049"}],"wp:attachment":[{"href":"https:\/\/mnxsportswear.com\/it\/wp-json\/wp\/v2\/media?parent=360065"}],"wp:term":[{"taxonomy":"product_brand","embeddable":true,"href":"https:\/\/mnxsportswear.com\/it\/wp-json\/wp\/v2\/product_brand?post=360065"},{"taxonomy":"product_cat","embeddable":true,"href":"https:\/\/mnxsportswear.com\/it\/wp-json\/wp\/v2\/product_cat?post=360065"},{"taxonomy":"product_tag","embeddable":true,"href":"https:\/\/mnxsportswear.com\/it\/wp-json\/wp\/v2\/product_tag?post=360065"}],"curies":[{"name":"wp","href":"https:\/\/api.w.org\/{rel}","templated":true}]}}