{"id":382969,"date":"2020-09-06T01:17:59","date_gmt":"2020-09-05T23:17:59","guid":{"rendered":"https:\/\/new24.mnxsportswear.com\/?post_type=product&#038;p=382969"},"modified":"2026-03-01T19:28:30","modified_gmt":"2026-03-01T18:28:30","slug":"bos-felpa-senza-zip","status":"publish","type":"product","link":"https:\/\/mnxsportswear.com\/it\/product\/bos-felpa-senza-zip\/","title":{"rendered":"BOS felpa senza zip"},"content":{"rendered":"<p>Felpa con cappuccio da uomo BOS.<\/p>\n<ul>\n<li>design BOS unico,<\/li>\n<li>materiale di conforto.<\/li>\n<\/ul>\n<p>Materiale: 80% cotone, 20% poliestere (restringimento 5%)<br \/>\nColore: come mostrato<br \/>\nTaglie: S, M, L, XL, XXL, 3XL<br \/>\nStile: classico<\/p>\n","protected":false},"excerpt":{"rendered":"<p>Chi dice che lo sportivo non pu\u00f2 essere elegante? Questa felpa con cappuccio BOS \u00e8 la scelta perfetta per tutti gli amanti delle attivit\u00e0 sportive all&#8217;aria aperta.<\/p>\n<p><em>Il modello Classic Physique nella foto (184 cm, 85 kg) indossa la taglia XL.<\/em><\/p>\n<p><strong>TABELLA TAGLIE (misure in cm):<\/strong><\/p>\n<div class=\"yith-wcpsc-product-table-responsive-container-with-shadow\">\n<div class=\"yith-wcpsc-product-table-responsive-container\">\n<table class=\"yith-wcpsc-product-table yith-wcpsc-product-table-elegant\">\n<thead>\n<tr>\n<th>SIZE<\/th>\n<th>S<\/th>\n<th>M<\/th>\n<th>L<\/th>\n<th>XL<\/th>\n<th>XXL<\/th>\n<th>3XL<\/th>\n<\/tr>\n<\/thead>\n<tbody>\n<tr>\n<td>\n<div class=\"yith-wcpsc-product-table-td-content\">CHEST<\/div>\n<\/td>\n<td>\n<div class=\"yith-wcpsc-product-table-td-content\">50<\/div>\n<\/td>\n<td>\n<div class=\"yith-wcpsc-product-table-td-content\">52<\/div>\n<\/td>\n<td>\n<div class=\"yith-wcpsc-product-table-td-content\">55<\/div>\n<\/td>\n<td>\n<div class=\"yith-wcpsc-product-table-td-content\">57<\/div>\n<\/td>\n<td>\n<div class=\"yith-wcpsc-product-table-td-content\">59<\/div>\n<\/td>\n<td>\n<div class=\"yith-wcpsc-product-table-td-content\">61<\/div>\n<\/td>\n<\/tr>\n<tr>\n<td>\n<div class=\"yith-wcpsc-product-table-td-content\">LENGTH<\/div>\n<\/td>\n<td>\n<div class=\"yith-wcpsc-product-table-td-content\">70<\/div>\n<\/td>\n<td>\n<div class=\"yith-wcpsc-product-table-td-content\">72<\/div>\n<\/td>\n<td>\n<div class=\"yith-wcpsc-product-table-td-content\">74<\/div>\n<\/td>\n<td>\n<div class=\"yith-wcpsc-product-table-td-content\">76<\/div>\n<\/td>\n<td>\n<div class=\"yith-wcpsc-product-table-td-content\">78<\/div>\n<\/td>\n<td>\n<div class=\"yith-wcpsc-product-table-td-content\">80<\/div>\n<\/td>\n<\/tr>\n<tr>\n<td>\n<div class=\"yith-wcpsc-product-table-td-content\">SLEEVE LENGTH<\/div>\n<\/td>\n<td>\n<div class=\"yith-wcpsc-product-table-td-content\">81<\/div>\n<\/td>\n<td>\n<div class=\"yith-wcpsc-product-table-td-content\">82<\/div>\n<\/td>\n<td>\n<div class=\"yith-wcpsc-product-table-td-content\">83<\/div>\n<\/td>\n<td>\n<div class=\"yith-wcpsc-product-table-td-content\">84<\/div>\n<\/td>\n<td>\n<div class=\"yith-wcpsc-product-table-td-content\">85<\/div>\n<\/td>\n<td>\n<div class=\"yith-wcpsc-product-table-td-content\">86<\/div>\n<\/td>\n<\/tr>\n<\/tbody>\n<\/table>\n<\/div>\n<\/div>\n","protected":false},"featured_media":382766,"comment_status":"open","ping_status":"closed","template":"","meta":[],"product_brand":[],"product_cat":[3070],"product_tag":[],"class_list":{"0":"post-382969","1":"product","2":"type-product","3":"status-publish","4":"has-post-thumbnail","6":"product_cat-felpe-con-cappuccio","7":"yith_product_brand-bos-it","9":"first","10":"instock","11":"sale","12":"taxable","13":"shipping-taxable","14":"purchasable","15":"product-type-variable"},"exclude_global_add_ons":[],"addons":[],"_links":{"self":[{"href":"https:\/\/mnxsportswear.com\/it\/wp-json\/wp\/v2\/product\/382969","targetHints":{"allow":["GET"]}}],"collection":[{"href":"https:\/\/mnxsportswear.com\/it\/wp-json\/wp\/v2\/product"}],"about":[{"href":"https:\/\/mnxsportswear.com\/it\/wp-json\/wp\/v2\/types\/product"}],"replies":[{"embeddable":true,"href":"https:\/\/mnxsportswear.com\/it\/wp-json\/wp\/v2\/comments?post=382969"}],"version-history":[{"count":1,"href":"https:\/\/mnxsportswear.com\/it\/wp-json\/wp\/v2\/product\/382969\/revisions"}],"predecessor-version":[{"id":391473,"href":"https:\/\/mnxsportswear.com\/it\/wp-json\/wp\/v2\/product\/382969\/revisions\/391473"}],"wp:featuredmedia":[{"embeddable":true,"href":"https:\/\/mnxsportswear.com\/it\/wp-json\/wp\/v2\/media\/382766"}],"wp:attachment":[{"href":"https:\/\/mnxsportswear.com\/it\/wp-json\/wp\/v2\/media?parent=382969"}],"wp:term":[{"taxonomy":"product_brand","embeddable":true,"href":"https:\/\/mnxsportswear.com\/it\/wp-json\/wp\/v2\/product_brand?post=382969"},{"taxonomy":"product_cat","embeddable":true,"href":"https:\/\/mnxsportswear.com\/it\/wp-json\/wp\/v2\/product_cat?post=382969"},{"taxonomy":"product_tag","embeddable":true,"href":"https:\/\/mnxsportswear.com\/it\/wp-json\/wp\/v2\/product_tag?post=382969"}],"curies":[{"name":"wp","href":"https:\/\/api.w.org\/{rel}","templated":true}]}}