{"id":353765,"date":"2018-05-21T14:41:19","date_gmt":"2018-05-21T12:41:19","guid":{"rendered":"https:\/\/mnxsportswear.com\/privacy-policy-cookies\/"},"modified":"2025-12-03T22:11:50","modified_gmt":"2025-12-03T21:11:50","slug":"politika-zasebnosti","status":"publish","type":"page","link":"https:\/\/mnxsportswear.com\/sl\/politika-zasebnosti\/","title":{"rendered":"Politika zasebnosti"},"content":{"rendered":"<h2><strong>VAROVANJE OSEBNIH PODATKOV<\/strong><\/h2>\n<p>Pri poslovanju osebne podatke kupcev obdelujemo skladno z Zakonom o varstvu osebnih podatkov (ZVOP-2) in Uredbo (EU) 2016\/679 Evropskega parlamenta in sveta z dne 27. aprila 2016 o varstvu posameznikov pri obdelavi osebnih podatkov in o prostem pretoku takih podatkov ter o razveljavitvi Direktive 95\/46\/ES (Splo\u0161na uredba o varstvu podatkov).<\/p>\n<p>Celoten zakon in Uredbo si lahko preberete tukaj: <a href=\"http:\/\/www.pisrs.si\/Pis.web\/pregledPredpisa?id=ZAKO7959\" target=\"_blank\" rel=\"noopener noreferrer nofollow\">http:\/\/www.pisrs.si\/Pis.web\/pregledPredpisa?id=ZAKO7959<\/a><\/p>\n<p><a href=\"https:\/\/eur-lex.europa.eu\/legal-content\/SL\/TXT\/?uri=CELEX%3A32016R0679\" target=\"_blank\" rel=\"noopener noreferrer nofollow\">https:\/\/eur-lex.europa.eu\/legal-content\/SL\/TXT\/?uri=CELEX%3A32016R0679<\/a><\/p>\n<p>Upravljalec osebnih podatkov je MNX d.o.o., Batuje 1f, 5262 \u010crni\u010de, dav. \u0161t. SI73212130, mati\u010dna \u0161tevilka 9456139000<\/p>\n<h3><strong>1.\u00a0 ZBIRANJE IN OBDELAVA OSEBNIH PODATKOV<\/strong><\/h3>\n<p>Prodajalec osebne podatke kupca uporablja za potrebe obdelave naro\u010dila, kot so po\u0161iljanje povzetka naro\u010dila, informacije o dobavi naro\u010dila, izdelava ra\u010duna in ostala potrebna komunikacija. Prodajalec lahko elektronski naslov kupca uporabi tudi za obve\u0161\u010danje o ugodnostih, novostih in za ostale promocijske namene. Pri po\u0161iljanju promocijskih sporo\u010dil prodajalec ne uporablja avtomatskega profiliranja, temve\u010d samo splo\u0161na sporo\u010dila. \u010ce uporabnik spletne strani ne dokon\u010da nakupa, ga prodajalec lahko preko e-maila obvesti o nedokon\u010danem nakupu. Zbrani osebni podatki se lahko uporabljajo tudi za druge splo\u0161ne poslovne namene, kot je vzdr\u017eevanje uporabni\u0161kih ra\u010dunov, izvajanje notranjih in tr\u017enih raziskav in merjenje u\u010dinkovitosti ogla\u0161evalskih kampanj. Podatke, zbrane na socialnih omre\u017ejih, obdelujemo z namenom obve\u0161\u010danja potro\u0161nikov o aktualnih akcijah in ponudbah.<\/p>\n<p>Prodajalec ne zbira in ne obdeluje osebnih podatkov, razen kadar uporabnik spletne strani v to izrecno privoli \u2013 to je ob oddanem naro\u010dilu, ob vpisu e-mail naslova v okvir\u010dek za prejemanje e-novic, ob registraciji na spletni strani, ob sodelovanju v nagradni igri in ob strinjanju z uporabo pi\u0161kotkov na spletni strani.<\/p>\n<p>\u010ce se z zbiranjem in obdelavo osebnih podatkov ne strinjate, naro\u010dila na na\u0161i spletni strani ni mo\u017eno oddati.<\/p>\n<p>Osebni podatki, ki jih prodajalec zbira in obdeluje, so:<\/p>\n<ul>\n<li>kontaktni podatki kupca (e-mail naslov in telefonska \u0161tevilka),<\/li>\n<li>naslov za dostavo blaga,<\/li>\n<li>podjetje, v kolikor kupec vnese ta podatek,<\/li>\n<li>datum in ura oddanega naro\u010dila,<\/li>\n<li>vsebina ko\u0161arice,<\/li>\n<li>na\u010din pla\u010dila in dostave blaga,<\/li>\n<li>zgodovino uporabe promocijskih kod za popust,<\/li>\n<li>podatki o zgodovini opravljenih nakupov,<\/li>\n<li>podatki izdanih ra\u010dunov,<\/li>\n<li>podatki o komunikaciji med prodajalcem in kupcem (e-mail sporo\u010dila),<\/li>\n<li>podatki o uporabnikih spletne strani (IP naslov ali enoli\u010dni ID naprave, ogla\u0161evalski ID, datum, ura in trajanje obiskov spletnih strani, podatki o lokaciji oz. vstopni to\u010dki dostopa do interneta, vrsta operacijskega sistema ter vrsta brskalnika in razli\u010dice, podatki o obiskanih podstraneh, podatki o opravljenih nastavitvah),<\/li>\n<li>podatki o vnosih v spletne obrazce (npr. v okviru nagradnih iger in prijave na e-novice),<\/li>\n<li>drugi podatki, ki jih uporabniki prostovoljno podajo prodajalcu ob oddanem naro\u010dilu (npr. opombe, ocene, komentarji ipd.),<\/li>\n<li>komentarji, ocene in delitve na na\u0161ih socialnih omre\u017ejih.<\/li>\n<\/ul>\n<p>Uporabnikovi podatki v nobenem primeru ne bodo predani nepoobla\u0161\u010denim tretjim osebam.<\/p>\n<p>Naro\u010dniki e-novic lahko svojo naro\u010dnino kadarkoli prekli\u010dejo, \u010de sporo\u010dijo pro\u0161njo za preklic na info@mnxsportswear.com, ali pa v e-novici kliknejo na povezavo za odjavo, ki se nahaja na dnu sporo\u010dila.<\/p>\n<p>MNX d.o.o. in spletna trgovina Mnxsportswear.com ne uporabljata funkcije avtomatiziranega sprejemanja odlo\u010ditev, vklju\u010dno z oblikovanjem profilov.<\/p>\n<p>Zakonitost obdelave osebnih podatkov dolo\u010da 6. \u010dlen Uredbe (EU) 2016\/679, to\u010dke 1.(a) \u2013 privolitev posameznika v obdelavo osebnih podatkov, 1.(b) \u2013 obdelava podatkov za izvajanje pogodbe in 1.(f) \u2013 zakoniti interesi upravljavca osebnih podatkov.<\/p>\n<h3><strong>2.\u00a0 OBISK SPLETNE STRANI MNXSPORTSWEAR.COM<\/strong><\/h3>\n<p>Ob vsakem obisku spletne trgovine se na spletnem stre\u017eniku avtomatsko shranjuje dnevni\u0161ka datoteka spletnega stre\u017enika (npr. IP \u0161tevilka \u2013 \u0161tevilka, ki identificira posamezen ra\u010dunalnik oziroma drugo napravo na spletu). Spletna stran deluje tako, da se na spletnem stre\u017eniku, kjer gostuje spletna stran, bele\u017eijo dolo\u010deni podatki o obisku spletne strani. Ti podatki so IP \u0161tevilka, \u010das obiska, vsebina zahteve (konkretna stran), status dostopa\/statusna koda HTTP, vsakokrat prenesena koli\u010dina podatkov, spletna stran, s katere prihaja zahteva (referer URL), brskalnik in podobno. Tako zbrane osebne podatke zbiramo s pomo\u010djo pi\u0161kotkov, pri \u010demer vas bomo pred namestitvijo vpra\u0161ali za va\u0161o privolitev.<\/p>\n<p>Pravna podlaga za obdelavo zgoraj navedenih podatkov je na\u0161 zakoniti interes (6. \u010dlen (1f) to\u010dka Uredbe), in sicer za zagotavljanje varnosti omre\u017eja, prepre\u010ditev goljufij in za varovanje informacij v spletni trgovini.<\/p>\n<p>Zbrani podatki se hranijo 30 dni od obiska strani. Tako zbrane (osebne) podatke obdelujemo posebej in jih ne povezujemo z drugimi osebnimi podatki uporabnikov na\u0161ih spletnih strani, ter ne izvajamo nobenega profiliranja va\u0161ega nakupnega vedenja.<\/p>\n<h3><strong>3.\u00a0 RAZKRITJE ALI PRENOS OSEBNIH PODATKOV TRETJIM OSEBAM<\/strong><\/h3>\n<p>Osebne podatke kupcev in uporabnikov spletne strani Mnxsportswear.com lahko prodajalec razkrije tretjim osebam, kadar to od njega zahteva veljavna zakonodaja, kadar prodajalec prejme zahtevo od pristojnega organa in kot odziv na sodni ali drugi uradni postopek.<\/p>\n<p>Osebni podatki kupcev in uporabnikov spletne strani bodo obdelovani s strani zaposlenih na podjetju MNX d.o.o., ter zastopniki in pravne osebe, s katerimi ima podjetje MNX d.o.o. sklenjeno pogodbo (Po\u0161ta Slovenije, GLS kurirska slu\u017eba, PayPal pla\u010dilna platforma, Stripe pla\u010dilna platforma za vsa pla\u010dila s kreditnimi ali debetnimi karticami, NovaKBM in Addiko Bank, kjer ima podjetje MNX d.o.o. odprt transakcijski ra\u010dun).<\/p>\n<h3><strong>4.\u00a0 ROK ZA HRAMBO OSEBNIH PODATKOV<\/strong><\/h3>\n<p>Osebne podatke kupcev in uporabnikov spletne strani Mnxsportswear.com hranimo toliko \u010dasa, kolikor je potrebno, da se izpolni namen, zaradi katerega so bili podatki zbrani in nadalje uporabljeni. Po preteku obdobja hrambe bomo osebne podatke u\u010dinkovito in trajno zbrisali ali anonimizirali, da identifikacija z uporabnikom ne bo ve\u010d mogo\u010da.<\/p>\n<p>Podatke, ki jih obdelujemo zaradi izvedbe pogodbenega odnosa s kupcem (ime, priimek, naslov, elektronska po\u0161ta), hranimo za obdobje, ki je potrebno za izvr\u0161itev pogodbe in \u0161e nadaljnjih 10 let, kolikor zna\u0161a zakonski rok shranjevanja (npr. ra\u010dunovodski ali dav\u010dni podatki), dlje pa le v primeru spora v zvezi s pogodbenim razmerjem.<\/p>\n<h3><strong>5.\u00a0 VA\u0160E PRAVICE IN KAKO JIH LAHKO UVELJAVLJATE<\/strong><\/h3>\n<p>Kak\u0161ne so va\u0161e pravice in kako jih lahko uveljavljate, urejata Uredba (EU) 2016\/679 Evropskega parlamenta in sveta z dne 27. aprila 2016 o varstvu posameznikov pri obdelavi osebnih podatkov in o prostem pretoku takih podatkov ter o razveljavitvi Direktive 95\/46\/ES (Splo\u0161na uredba o varstvu podatkov) in Zakon o varstvu osebnih podatkov (ZVOP-2). Va\u0161e pravice smo v skladu z zgoraj navedeno Uredbo (\u010dleni \u0161t. 16, 17, 18, 19, 20, 21, 22) strnili spodaj.<\/p>\n<p>\u010ce ne \u017eelite ve\u010d, da MNX d.o.o. obdeluje va\u0161e osebne podatke, imate <strong>pravico do preklica<\/strong> <strong>privolitve<\/strong>. Preklic privolitve ne vpliva na zakonitost obdelave podatkov, ki se je izvajala do njenega preklica. Pro\u0161njo za preklic lahko sporo\u010dite na info@mnxsportswear.com<\/p>\n<p>Od MNX d.o.o. lahko zahtevate, da vam sporo\u010di, ali se va\u0161i podatki obdelujejo (<strong>pravica do dostopa do osebnih podatkov<\/strong>). V primeru, da se podatki obdelujejo, vam MNX d.o.o. omogo\u010di vpogled v seznam osebnih podatkov. MNX d.o.o. vam tudi posreduje informacije o namenu obdelave osebnih podatkov, predvideno obdobje hrambe osebnih podatkov, kako lahko posameznik popravi ali dopolni osebne podatke, kako se posameznik lahko prito\u017ei pri nadzornem organu, informacijo, ali se podatki zbirajo za avtomatizirano sprejemanje odlo\u010ditev, vklju\u010dno z oblikovanjem profilov in ali so bili osebni podatki zbrani pri posamezniku ali od tretje osebe. Posameznik lahko od upravljalca zahteva tudi kopijo osebnih podatkov, ki se obdelujejo.<\/p>\n<p><strong>Pravico imate do popravka ali dopolnitve <\/strong>neto\u010dnih osebnih podatkov. Vse popravke in dopolnitve nam lahko sporo\u010dite v dopolnilni izjavi na info@mnxsportswear.com<\/p>\n<p><strong>Pravico imate do<\/strong> <strong>izbrisa podatkov (\u00bbpravica do pozabe\u00ab)<\/strong>. MNX d.o.o. na va\u0161o pro\u0161njo izbri\u0161e va\u0161e osebne podatke, \u010de obstaja eden izmed razlogov iz 17. \u010dlena Uredbe (\u010de podatki niso ve\u010d potrebni v namene, za katere so bili zbrani ali kako druga\u010de obdelani, \u010de prekli\u010dete privolitev za obdelavo, za katero ne obstaja pravna podlaga, \u010de ugovarjate obdelavi, za katero ne obstajajo prevladujo\u010di zakoniti interesi, \u010de so bili osebni podatki obdelani nezakonito).<\/p>\n<p><strong>Pravico imate dose\u010di, da MNX d.o.o. omeji obdelavo va\u0161ih osebnih podatkov, \u010de obstaja eden od naslednjih primerov:<\/strong><\/p>\n<ul>\n<li>\u010de oporekate to\u010dnosti obdelave podatkov, za obdobje, ki upravljavcu omogo\u010da preveriti to\u010dnost podatkov;<\/li>\n<li>\u010de je obdelava nezakonita, vi pa namesto izbrisa zahtevate omejitev obdelave,<\/li>\n<li>\u010de upravljavec podatkov ne potrebuje ve\u010d, potrebujete pa jih vi za uveljavljanje, izvajanje ali obrambo pravnih zahtevkov;<\/li>\n<li>\u010de ste vlo\u017eili ugovor v zvezi z obdelavo, dokler se ne preveri, ali zakoniti razlogi upravljavca prevladajo nad va\u0161imi razlogi.<\/li>\n<\/ul>\n<p>Pravico imate, da ste <strong>obve\u0161\u010deni<\/strong> s strani MNX d.o.o. o vsakem popravku ali izbrisu va\u0161ih osebnih podatkov ali njihove omejitve obdelave.<\/p>\n<p>Kot posameznik imate pravico, da prejmete va\u0161e osebne podatke v splo\u0161no uporabljeni in strojno berljivi obliki, in pravico, da te podatke posredujete drugemu upravljalcu, ne da bi ga MNX d.o.o. pri tem oviral (<strong>pravica do prenosljivosti podatkov<\/strong>).<\/p>\n<p>\u010ce obdelava podatkov temelji na na\u0161ih zakonitih interesih, imate na podlagi razlogov, povezanih z va\u0161im posebnim polo\u017eajem, pravico, da kadarkoli <strong>ugovarjate obdelavi<\/strong> <strong>va\u0161ih osebnih podatkov<\/strong>. V takem primeru bomo nadaljevali z obdelavo va\u0161ih osebnih podatkov le v primeru, \u010de bomo dokazali nujne legitimne razloge za obdelavo, ki bodo prevladali nad va\u0161imi interesi, pravicami in svobo\u0161\u010dinami, ali za uveljavljanje, izvajanje ali obrambo pravnih zahtevkov. Obdelavi va\u0161ih osebnih podatkov za namene neposrednega tr\u017eenja, vklju\u010dno z oblikovanjem profilov, lahko kadarkoli ugovarjate brez navedbe razlogov, tako da nam po\u0161ljete sporo\u010dilo na elektronski naslov: info@mnxsportswear.com. \u010ce ugovarjate obdelavi va\u0161ih podatkov za namene neposrednega tr\u017eenja, bomo nemudoma prenehali obdelovati va\u0161e podatke za te namene. Prav tako vam bomo na va\u0161o zahtevo v skladu z veljavno zakonodajo podali tudi druge informacije v zvezi z va\u0161imi osebnimi podatki, ki jih obdelujemo.<\/p>\n<p>Posameznik, na katerega se nana\u0161ajo osebni podatki, ima na podlagi razlogov, povezanih z njegovim posebnim polo\u017eajem, pravico, da kadar koli ugovarja obdelavi osebnih podatkov v zvezi z njim, vklju\u010dno z oblikovanjem profilov na podlagi <strong>avtomatiziranega sprejemanja posameznih odlo\u010ditev<\/strong>. Obve\u0161\u010damo vas, da MNX d.o.o. in spletna trgovina Mnxsportswear.com ne uporabljata funkcije avtomatiziranega sprejemanja odlo\u010ditev, vklju\u010dno z oblikovanjem profilov.<\/p>\n<p>\u010ce sumite, da pri obdelavi va\u0161ih podatkov prihaja do kr\u0161itev zakonodaje s podro\u010dja varstva osebnih podatkov, imate pravico <strong>vlo\u017eiti prito\u017ebo<\/strong> pri Informacijskem poobla\u0161\u010dencu Republike Slovenije, na naslovu Dunajska cesta 22, 1000 Ljubljana, Slovenija, telefonska \u0161tevilka: 00 386 (0)1 230 97 30, elektronski naslov: <a href=\"mailto:gp.ip@ip-rs.si\">gp.ip@ip-rs.si<\/a>.<\/p>\n<p><strong>\u010ce \u017eelite uveljaviti zgoraj na\u0161tete pravice ali vlo\u017eiti ugovor glede na\u010dina obdelave va\u0161ih osebnih podatkov,<\/strong> nas kontaktirajte na info@mnxsportswear.com. Po\u0161ljite svojo zahtevo glede uporabe pravic v zvezi z va\u0161imi osebnimi podatki z jasnimi navedbami: do katerih osebnih podatkov \u017eelite dostopati in jih pregledati, katere osebne podatke \u017eelite dopolniti, popraviti ali izbrisati, prenesti ali obdelati, katerim va\u0161im osebnim podatkom ugovarjate in iz katerih razlogov. \u010ce zahtevo predlo\u017ei oseba v va\u0161em imenu in ne predlo\u017eiti pooblastila, da je bila zahteva zakonito vlo\u017eena v va\u0161em imenu, bo zahteva zavrnjena. \u010ce tak\u0161no zahtevo po\u0161ljete po po\u0161ti na naslov MNX d.o.o., Batuje 1f, 5262 \u010crni\u010de, mora biti zahteva podpisana in datirana. MNX d.o.o. bo va\u0161o zahtevo obravnaval v najkraj\u0161em mo\u017enem \u010dasu in v zakonskih rokih.<\/p>\n<h3><strong>6.\u00a0 VARNOST OSEBNIH PODATKOV<\/strong><\/h3>\n<p>Poskrbeli smo, da je nakup na na\u0161i spletni strani popolnoma varen, saj uporabljamo ustrezno kodiranje spletne strani in s tem onemogo\u010damo dostop do podatkov tretjim osebam. Ti sistemi in ukrepi se po potrebi redno preizku\u0161ajo in posodabljajo. Z nenehno uporabo ustreznih tehni\u010dnih, organizacijskih in kadrovskih ukrepov zagotavljamo, da se vedno obdelujejo samo tisti osebni podatki, ki so potrebni za uresni\u010ditev vsakega posameznega namena obdelave.<\/p>\n<h3><strong>7.\u00a0 PI\u0160KOTKI (ANGL. COOKIES)<\/strong><\/h3>\n<p>Za pravilno delovanje spletne strani so nujni tudi razni pi\u0161kotki (angl. cookies). Gre za majhne besedilne datoteke, ki se ob va\u0161i privolitvi shranijo na va\u0161o napravo (ra\u010dunalnik, mobilni telefon ali drugo napravo za spletno brskanje). Pomagajo vam pri samodejni prijavi na spletno stran in preverjajo va\u0161o avtenti\u010dnost. Omogo\u010dajo vam uspe\u0161en proces nakupovanja, zaklju\u010dka naro\u010dila, pomagajo pri pla\u010devanju s pomo\u010djo PayPala ali kartice itd. Uporabljajo se lahko tudi za statisti\u010dno analizo. Pi\u0161kotki obi\u010dajno ne vodijo do razkritja identitete dolo\u010denega uporabnika. Pi\u0161kotki niso \u0161kodljivi, saj ne vsebujejo virusov ali drugih zlonamernih kod. Pi\u0161kotke lahko vedno izbri\u0161ete, bodisi samodejno (\u010de imate to ozna\u010deno v nastavitvah) bodisi ro\u010dno v va\u0161em brskalniku. Namestitev pi\u0161kotkov lahko tudi zavrnete.<\/p>\n<p>Za ve\u010d informacij o pi\u0161kotkih, njihovem vplivu na vas in va\u0161e brskanje po spletu, priporo\u010damo ogled odgovorov na pogosta vpra\u0161anja Informacijskega poobla\u0161\u010denca na naslednji povezavi: <a href=\"https:\/\/www.ip-rs.si\/varstvo-osebnih-podatkov\/informacijske-tehnologije-in-osebni-podatki\/pi%C5%A1kotki-odgovori-na-pogosta-vpra%C5%A1anja\" target=\"_blank\" rel=\"noopener noreferrer nofollow\">https:\/\/www.ip-rs.si\/varstvo-osebnih-podatkov\/informacijske-tehnologije-in-osebni-podatki\/pi%C5%A1kotki-odgovori-na-pogosta-vpra%C5%A1anja<\/a><\/p>\n<h3><strong>8.\u00a0 FACEBOOK IN GOOGLE ANALYTICS<\/strong><\/h3>\n<p>Spletna stran Mnxsportswear.com pri ogla\u0161evanju uporablja Facebook Pixel, ki nam javi uspe\u0161nost posami\u010dne kampanije. Facebook bele\u017ei statistiko klikov na povezavo in splo\u0161no odzivnost na na\u0161e oglase, osebnih podatkov pa s to storitvijo ne posreduje. Enako velja za servis Google Analytics, ki nam omogo\u010da vpogled v statistiko obiskov na\u0161e spletne strani, demografske podatke in podobno. To\u010dni osebni podatki pa niso nikoli razvidni in so anonimni.<\/p>\n<p>&nbsp;<\/p>\n<p>Batuje, 5.12.2023<\/p>\n","protected":false},"excerpt":{"rendered":"<p>VAROVANJE OSEBNIH PODATKOV Pri poslovanju osebne podatke kupcev obdelujemo skladno z Zakonom o varstvu osebnih podatkov (ZVOP-2) in Uredbo (EU) 2016\/679 Evropskega parlamenta in sveta z dne 27. aprila 2016 o varstvu posameznikov pri obdelavi osebnih podatkov in o prostem pretoku takih podatkov ter o razveljavitvi Direktive 95\/46\/ES (Splo\u0161na uredba o varstvu podatkov). Celoten zakon [&hellip;]<\/p>\n","protected":false},"author":1,"featured_media":0,"parent":0,"menu_order":0,"comment_status":"closed","ping_status":"closed","template":"","meta":{"footnotes":""},"class_list":["post-353765","page","type-page","status-publish","hentry"],"_links":{"self":[{"href":"https:\/\/mnxsportswear.com\/sl\/wp-json\/wp\/v2\/pages\/353765","targetHints":{"allow":["GET"]}}],"collection":[{"href":"https:\/\/mnxsportswear.com\/sl\/wp-json\/wp\/v2\/pages"}],"about":[{"href":"https:\/\/mnxsportswear.com\/sl\/wp-json\/wp\/v2\/types\/page"}],"author":[{"embeddable":true,"href":"https:\/\/mnxsportswear.com\/sl\/wp-json\/wp\/v2\/users\/1"}],"replies":[{"embeddable":true,"href":"https:\/\/mnxsportswear.com\/sl\/wp-json\/wp\/v2\/comments?post=353765"}],"version-history":[{"count":1,"href":"https:\/\/mnxsportswear.com\/sl\/wp-json\/wp\/v2\/pages\/353765\/revisions"}],"predecessor-version":[{"id":404532,"href":"https:\/\/mnxsportswear.com\/sl\/wp-json\/wp\/v2\/pages\/353765\/revisions\/404532"}],"wp:attachment":[{"href":"https:\/\/mnxsportswear.com\/sl\/wp-json\/wp\/v2\/media?parent=353765"}],"curies":[{"name":"wp","href":"https:\/\/api.w.org\/{rel}","templated":true}]}}