{"id":353878,"date":"2023-07-19T10:25:57","date_gmt":"2023-07-19T08:25:57","guid":{"rendered":"https:\/\/mnxsportswear.com\/product\/mnx-womens-seamless-sport-bra-glam-beige\/"},"modified":"2026-03-02T04:45:17","modified_gmt":"2026-03-02T03:45:17","slug":"mnx-seamless-sportni-top-glam-beige","status":"publish","type":"product","link":"https:\/\/mnxsportswear.com\/sl\/product\/mnx-seamless-sportni-top-glam-beige\/","title":{"rendered":"MNX seamless \u0161portni top Glam, beige"},"content":{"rendered":"<p>MNX \u017denski brez\u0161ivni \u0161portni nedr\u010dek.<\/p>\n<ul>\n<li>tkanina, ki odvaja vlago,<\/li>\n<li>ozek kroj,<\/li>\n<li>odstranljivo oblazinjenje,<\/li>\n<li>brezhibno oblikovanje,<\/li>\n<li>pranje videza.<\/li>\n<\/ul>\n<p><strong>Material:<\/strong> 69% poliamid, 24% poliester, 7% elastan<br \/>\n<strong>Barva:<\/strong> kot na sliki<br \/>\n<strong>Velikosti:<\/strong> S, M, L<\/p>\n","protected":false},"excerpt":{"rendered":"<p>Pralni brez\u0161ivni \u0161portni nedr\u010dek MNX. Ostanite dlje sve\u017ei zahvaljujo\u010d tkanini, ki odvaja vlago. Ozko in brez\u0161ivno oblikovanje. Na voljo v ve\u010d barvah skupaj z pajkicami.<\/p>\n","protected":false},"featured_media":353661,"comment_status":"open","ping_status":"closed","template":"","meta":[],"product_brand":[],"product_cat":[3298,3294,3290,3286],"product_tag":[],"class_list":{"0":"post-353878","1":"product","2":"type-product","3":"status-publish","4":"has-post-thumbnail","6":"product_cat-seamless-sl","7":"product_cat-sportni-topi","8":"product_cat-topi","9":"product_cat-zensko","11":"first","12":"instock","13":"sale","14":"taxable","15":"shipping-taxable","16":"purchasable","17":"product-type-variable"},"exclude_global_add_ons":[],"addons":[],"_links":{"self":[{"href":"https:\/\/mnxsportswear.com\/sl\/wp-json\/wp\/v2\/product\/353878","targetHints":{"allow":["GET"]}}],"collection":[{"href":"https:\/\/mnxsportswear.com\/sl\/wp-json\/wp\/v2\/product"}],"about":[{"href":"https:\/\/mnxsportswear.com\/sl\/wp-json\/wp\/v2\/types\/product"}],"replies":[{"embeddable":true,"href":"https:\/\/mnxsportswear.com\/sl\/wp-json\/wp\/v2\/comments?post=353878"}],"version-history":[{"count":0,"href":"https:\/\/mnxsportswear.com\/sl\/wp-json\/wp\/v2\/product\/353878\/revisions"}],"wp:featuredmedia":[{"embeddable":true,"href":"https:\/\/mnxsportswear.com\/sl\/wp-json\/wp\/v2\/media\/353661"}],"wp:attachment":[{"href":"https:\/\/mnxsportswear.com\/sl\/wp-json\/wp\/v2\/media?parent=353878"}],"wp:term":[{"taxonomy":"product_brand","embeddable":true,"href":"https:\/\/mnxsportswear.com\/sl\/wp-json\/wp\/v2\/product_brand?post=353878"},{"taxonomy":"product_cat","embeddable":true,"href":"https:\/\/mnxsportswear.com\/sl\/wp-json\/wp\/v2\/product_cat?post=353878"},{"taxonomy":"product_tag","embeddable":true,"href":"https:\/\/mnxsportswear.com\/sl\/wp-json\/wp\/v2\/product_tag?post=353878"}],"curies":[{"name":"wp","href":"https:\/\/api.w.org\/{rel}","templated":true}]}}