{"id":353936,"date":"2023-07-19T08:37:12","date_gmt":"2023-07-19T06:37:12","guid":{"rendered":"https:\/\/mnxsportswear.com\/product\/mnx-womens-seamless-leggings-glam-black\/"},"modified":"2026-03-03T13:27:43","modified_gmt":"2026-03-03T12:27:43","slug":"mnx-zenske-seamless-legice-glam-black","status":"publish","type":"product","link":"https:\/\/mnxsportswear.com\/sl\/product\/mnx-zenske-seamless-legice-glam-black\/","title":{"rendered":"MNX \u017eenske seamless legice Glam, black"},"content":{"rendered":"<p>Elegantne in udobne legice za va\u0161o vadbo.<\/p>\n<ul>\n<li>brez\u0161ivni rebrasti vzorec,<\/li>\n<li>blago, ki odvaja znoj,<\/li>\n<li>prileganje z visokim pasom,<\/li>\n<li>push-up u\u010dinek,<\/li>\n<li>100% odporen na po\u010depe.<\/li>\n<\/ul>\n<p><strong>Material:<\/strong>\u00a0 69% poliamid, 24% poliester, 7% elastan<br \/>\n<strong>Barva:<\/strong> kot na sliki<br \/>\n<strong>Velikosti:<\/strong> S, M, L<\/p>\n","protected":false},"excerpt":{"rendered":"<p>Naj bo va\u0161a vadba nekoliko bolj udobna in veliko bolj elegantna s temi MNX brez\u0161ivnimi \u0161portnimi legicami Glam. Z visokim pasom, podpornim rebrastim pasom, tkanino, ki odvaja znoj, in brez\u0161ivnimi obrisi za podporo celotnega obsega gibanja. Na voljo v ve\u010d barvah.<\/p>\n","protected":false},"featured_media":353636,"comment_status":"open","ping_status":"closed","template":"","meta":[],"product_brand":[],"product_cat":[3298,3288,3286],"product_tag":[],"class_list":{"0":"post-353936","1":"product","2":"type-product","3":"status-publish","4":"has-post-thumbnail","6":"product_cat-seamless-sl","7":"product_cat-zenske-legice-sl","8":"product_cat-zensko","10":"first","11":"outofstock","12":"taxable","13":"shipping-taxable","14":"product-type-variable"},"exclude_global_add_ons":[],"addons":[],"_links":{"self":[{"href":"https:\/\/mnxsportswear.com\/sl\/wp-json\/wp\/v2\/product\/353936","targetHints":{"allow":["GET"]}}],"collection":[{"href":"https:\/\/mnxsportswear.com\/sl\/wp-json\/wp\/v2\/product"}],"about":[{"href":"https:\/\/mnxsportswear.com\/sl\/wp-json\/wp\/v2\/types\/product"}],"replies":[{"embeddable":true,"href":"https:\/\/mnxsportswear.com\/sl\/wp-json\/wp\/v2\/comments?post=353936"}],"version-history":[{"count":0,"href":"https:\/\/mnxsportswear.com\/sl\/wp-json\/wp\/v2\/product\/353936\/revisions"}],"wp:featuredmedia":[{"embeddable":true,"href":"https:\/\/mnxsportswear.com\/sl\/wp-json\/wp\/v2\/media\/353636"}],"wp:attachment":[{"href":"https:\/\/mnxsportswear.com\/sl\/wp-json\/wp\/v2\/media?parent=353936"}],"wp:term":[{"taxonomy":"product_brand","embeddable":true,"href":"https:\/\/mnxsportswear.com\/sl\/wp-json\/wp\/v2\/product_brand?post=353936"},{"taxonomy":"product_cat","embeddable":true,"href":"https:\/\/mnxsportswear.com\/sl\/wp-json\/wp\/v2\/product_cat?post=353936"},{"taxonomy":"product_tag","embeddable":true,"href":"https:\/\/mnxsportswear.com\/sl\/wp-json\/wp\/v2\/product_tag?post=353936"}],"curies":[{"name":"wp","href":"https:\/\/api.w.org\/{rel}","templated":true}]}}