{"id":353990,"date":"2023-05-05T11:14:53","date_gmt":"2023-05-05T09:14:53","guid":{"rendered":"https:\/\/mnxsportswear.com\/product\/mnx-mens-lightweight-joggers-aesthetic-dove\/"},"modified":"2026-03-01T18:05:36","modified_gmt":"2026-03-01T17:05:36","slug":"mnx-mens-lightweight-joggers-aesthetic-dove","status":"publish","type":"product","link":"https:\/\/mnxsportswear.com\/sl\/product\/mnx-mens-lightweight-joggers-aesthetic-dove\/","title":{"rendered":"MNX mo\u0161ke lightweight hla\u010de Aesthetic, dove"},"content":{"rendered":"<p>Elegantne hla\u010de MNX Aesthetic.<\/p>\n<ul>\n<li>Iz mehkega in lahkega bomba\u017ea,<\/li>\n<li>sprednji \u017eepi z zadrgo na obeh straneh,<\/li>\n<li>elasti\u010den pas z nastavljivo vrvico,<\/li>\n<li>edinstven dizajn in podrobnosti.<\/li>\n<\/ul>\n<p><strong>Material:<\/strong> 100% bomba\u017e (5% kr\u010denje)<br \/>\n<strong>Barva:<\/strong> kot na sliki<br \/>\n<strong>Te\u017ea:<\/strong> pribl. 330 gramov<br \/>\n<strong>Velikosti:<\/strong> S\/M, L\/XL, XXL\/3XL<\/p>\n","protected":false},"excerpt":{"rendered":"<p>Opremite se za vsakodnevno odli\u010dnost s temi jogging hla\u010dami Aesthetic, izdelanimi iz lahkega udobnega bomba\u017ea. Dva sprednja \u017eepa z zadrgo za shranjevanje va\u0161ih stvari, en \u017eep na zadnji strani, man\u0161ete na gle\u017enjih za popolno prileganje in minimalisti\u010dna blagovna znamka. Na voljo v ve\u010d barvah.<\/p>\n","protected":false},"featured_media":352266,"comment_status":"open","ping_status":"closed","template":"","meta":[],"product_brand":[],"product_cat":[3278,3272,3273,3260],"product_tag":[],"class_list":{"0":"post-353990","1":"product","2":"type-product","3":"status-publish","4":"has-post-thumbnail","6":"product_cat-aesthetic-sl","7":"product_cat-dolge-hlace","8":"product_cat-jogging-hlace","9":"product_cat-mosko","10":"yith_product_brand-aesthetic-sl","12":"first","13":"instock","14":"taxable","15":"shipping-taxable","16":"purchasable","17":"product-type-variable"},"exclude_global_add_ons":[],"addons":[],"_links":{"self":[{"href":"https:\/\/mnxsportswear.com\/sl\/wp-json\/wp\/v2\/product\/353990","targetHints":{"allow":["GET"]}}],"collection":[{"href":"https:\/\/mnxsportswear.com\/sl\/wp-json\/wp\/v2\/product"}],"about":[{"href":"https:\/\/mnxsportswear.com\/sl\/wp-json\/wp\/v2\/types\/product"}],"replies":[{"embeddable":true,"href":"https:\/\/mnxsportswear.com\/sl\/wp-json\/wp\/v2\/comments?post=353990"}],"version-history":[{"count":1,"href":"https:\/\/mnxsportswear.com\/sl\/wp-json\/wp\/v2\/product\/353990\/revisions"}],"predecessor-version":[{"id":406881,"href":"https:\/\/mnxsportswear.com\/sl\/wp-json\/wp\/v2\/product\/353990\/revisions\/406881"}],"wp:featuredmedia":[{"embeddable":true,"href":"https:\/\/mnxsportswear.com\/sl\/wp-json\/wp\/v2\/media\/352266"}],"wp:attachment":[{"href":"https:\/\/mnxsportswear.com\/sl\/wp-json\/wp\/v2\/media?parent=353990"}],"wp:term":[{"taxonomy":"product_brand","embeddable":true,"href":"https:\/\/mnxsportswear.com\/sl\/wp-json\/wp\/v2\/product_brand?post=353990"},{"taxonomy":"product_cat","embeddable":true,"href":"https:\/\/mnxsportswear.com\/sl\/wp-json\/wp\/v2\/product_cat?post=353990"},{"taxonomy":"product_tag","embeddable":true,"href":"https:\/\/mnxsportswear.com\/sl\/wp-json\/wp\/v2\/product_tag?post=353990"}],"curies":[{"name":"wp","href":"https:\/\/api.w.org\/{rel}","templated":true}]}}