{"id":354023,"date":"2023-05-04T11:44:50","date_gmt":"2023-05-04T09:44:50","guid":{"rendered":"https:\/\/mnxsportswear.com\/product\/mnx-mens-lightweight-hoodie-aesthetic-black\/"},"modified":"2026-03-01T18:05:49","modified_gmt":"2026-03-01T17:05:49","slug":"mnx-mens-lightweight-hoodie-aesthetic-black","status":"publish","type":"product","link":"https:\/\/mnxsportswear.com\/sl\/product\/mnx-mens-lightweight-hoodie-aesthetic-black\/","title":{"rendered":"MNX lightweight jopa s kapuco Aesthetic, black"},"content":{"rendered":"<p>MNX bomba\u017eni pulover s kapuco Aesthetic.<\/p>\n<ul>\n<li>Izdelan iz mehke in lahke me\u0161anice bomba\u017ea za maksimalno udobje,<\/li>\n<li>z \u017eepi,<\/li>\n<li>kapuca z vrvico za nastavljivo prileganje,<\/li>\n<li>kovinske zakovice,<\/li>\n<li>edinstven dizajn in podrobnosti.<\/li>\n<\/ul>\n<p><strong>Material:<\/strong> 100% bomba\u017e (5% kr\u010denje);<br \/>\n<strong>Barva:<\/strong> kot prikazano na sliki<br \/>\n<strong>Te\u017ea:<\/strong> pribl. 450 gramov<br \/>\n<strong>Velikosti<\/strong>: S\/M, L\/XL, XXL\/3XL<\/p>\n","protected":false},"excerpt":{"rendered":"<p>Opremite se s tem lahkim puloverjem s kapuco Aesthetic, izdelanim iz 100% bomba\u017ea. Odlikuje ga klasi\u010den kroj, kovinske zakovice v stilu MNX, minimalisti\u010den design in lahka tkanina. Na voljo v ve\u010d barvah.<\/p>\n","protected":false},"featured_media":352221,"comment_status":"open","ping_status":"closed","template":"","meta":[],"product_brand":[],"product_cat":[3278,3270,3269,3260],"product_tag":[],"class_list":{"0":"post-354023","1":"product","2":"type-product","3":"status-publish","4":"has-post-thumbnail","6":"product_cat-aesthetic-sl","7":"product_cat-jope","8":"product_cat-jope-in-dolge-majice","9":"product_cat-mosko","10":"yith_product_brand-aesthetic-sl","12":"first","13":"instock","14":"featured","15":"taxable","16":"shipping-taxable","17":"purchasable","18":"product-type-variable"},"exclude_global_add_ons":[],"addons":[],"_links":{"self":[{"href":"https:\/\/mnxsportswear.com\/sl\/wp-json\/wp\/v2\/product\/354023","targetHints":{"allow":["GET"]}}],"collection":[{"href":"https:\/\/mnxsportswear.com\/sl\/wp-json\/wp\/v2\/product"}],"about":[{"href":"https:\/\/mnxsportswear.com\/sl\/wp-json\/wp\/v2\/types\/product"}],"replies":[{"embeddable":true,"href":"https:\/\/mnxsportswear.com\/sl\/wp-json\/wp\/v2\/comments?post=354023"}],"version-history":[{"count":1,"href":"https:\/\/mnxsportswear.com\/sl\/wp-json\/wp\/v2\/product\/354023\/revisions"}],"predecessor-version":[{"id":406885,"href":"https:\/\/mnxsportswear.com\/sl\/wp-json\/wp\/v2\/product\/354023\/revisions\/406885"}],"wp:featuredmedia":[{"embeddable":true,"href":"https:\/\/mnxsportswear.com\/sl\/wp-json\/wp\/v2\/media\/352221"}],"wp:attachment":[{"href":"https:\/\/mnxsportswear.com\/sl\/wp-json\/wp\/v2\/media?parent=354023"}],"wp:term":[{"taxonomy":"product_brand","embeddable":true,"href":"https:\/\/mnxsportswear.com\/sl\/wp-json\/wp\/v2\/product_brand?post=354023"},{"taxonomy":"product_cat","embeddable":true,"href":"https:\/\/mnxsportswear.com\/sl\/wp-json\/wp\/v2\/product_cat?post=354023"},{"taxonomy":"product_tag","embeddable":true,"href":"https:\/\/mnxsportswear.com\/sl\/wp-json\/wp\/v2\/product_tag?post=354023"}],"curies":[{"name":"wp","href":"https:\/\/api.w.org\/{rel}","templated":true}]}}