{"id":354040,"date":"2023-06-30T10:49:57","date_gmt":"2023-06-30T08:49:57","guid":{"rendered":"https:\/\/mnxsportswear.com\/product\/mnx-extra-t-shirt-industrial-bronze\/"},"modified":"2026-03-01T21:06:10","modified_gmt":"2026-03-01T20:06:10","slug":"mnx-extra-t-shirt-industrial-bronze","status":"publish","type":"product","link":"https:\/\/mnxsportswear.com\/sl\/product\/mnx-extra-t-shirt-industrial-bronze\/","title":{"rendered":"MNX Extra majica Industrial, bronze"},"content":{"rendered":"<p>MNX mo\u0161ka oversized majica s kratkimi rokavi.<\/p>\n<ul>\n<li>mehka tkanina (bomba\u017e),<\/li>\n<li>unikaten dizajn<\/li>\n<\/ul>\n<p><strong>Material:<\/strong> 100% bomba\u017e<br \/>\n<strong>Barva:<\/strong> kot na sliki<br \/>\n<strong>Stil:<\/strong> oversized majica<br \/>\n<strong>Velikosti:<\/strong> S\/M, L\/XL, 2XL\/3XL<\/p>\n","protected":false},"excerpt":{"rendered":"<p>Izbira te MNX oversized majice je prava poteza. Izdelana je iz 100% bomba\u017ea in omogo\u010da enostavno in udobno prileganje. Na voljo v ve\u010d barvah.<\/p>\n","protected":false},"featured_media":352887,"comment_status":"open","ping_status":"closed","template":"","meta":[],"product_brand":[],"product_cat":[3275,3276,3259,3260,3261],"product_tag":[],"class_list":{"0":"post-354040","1":"product","2":"type-product","3":"status-publish","4":"has-post-thumbnail","6":"product_cat-extra-sl","7":"product_cat-industrial-2-0-sl","8":"product_cat-kratke-majice","9":"product_cat-mosko","10":"product_cat-oversized-majice","11":"yith_product_brand-industrial-2-0-sl","13":"first","14":"instock","15":"taxable","16":"shipping-taxable","17":"purchasable","18":"product-type-variable"},"exclude_global_add_ons":[],"addons":[],"_links":{"self":[{"href":"https:\/\/mnxsportswear.com\/sl\/wp-json\/wp\/v2\/product\/354040","targetHints":{"allow":["GET"]}}],"collection":[{"href":"https:\/\/mnxsportswear.com\/sl\/wp-json\/wp\/v2\/product"}],"about":[{"href":"https:\/\/mnxsportswear.com\/sl\/wp-json\/wp\/v2\/types\/product"}],"replies":[{"embeddable":true,"href":"https:\/\/mnxsportswear.com\/sl\/wp-json\/wp\/v2\/comments?post=354040"}],"version-history":[{"count":0,"href":"https:\/\/mnxsportswear.com\/sl\/wp-json\/wp\/v2\/product\/354040\/revisions"}],"wp:featuredmedia":[{"embeddable":true,"href":"https:\/\/mnxsportswear.com\/sl\/wp-json\/wp\/v2\/media\/352887"}],"wp:attachment":[{"href":"https:\/\/mnxsportswear.com\/sl\/wp-json\/wp\/v2\/media?parent=354040"}],"wp:term":[{"taxonomy":"product_brand","embeddable":true,"href":"https:\/\/mnxsportswear.com\/sl\/wp-json\/wp\/v2\/product_brand?post=354040"},{"taxonomy":"product_cat","embeddable":true,"href":"https:\/\/mnxsportswear.com\/sl\/wp-json\/wp\/v2\/product_cat?post=354040"},{"taxonomy":"product_tag","embeddable":true,"href":"https:\/\/mnxsportswear.com\/sl\/wp-json\/wp\/v2\/product_tag?post=354040"}],"curies":[{"name":"wp","href":"https:\/\/api.w.org\/{rel}","templated":true}]}}