{"id":354211,"date":"2023-06-30T15:24:54","date_gmt":"2023-06-30T13:24:54","guid":{"rendered":"https:\/\/mnxsportswear.com\/product\/mnx-classic-t-shirt-golden-era-black\/"},"modified":"2026-03-01T21:27:26","modified_gmt":"2026-03-01T20:27:26","slug":"mnx-classic-majica-golden-era-black","status":"publish","type":"product","link":"https:\/\/mnxsportswear.com\/sl\/product\/mnx-classic-majica-golden-era-black\/","title":{"rendered":"MNX classic majica Golden Era, black"},"content":{"rendered":"<p>MNX klasi\u010dna majica Golden Era<\/p>\n<ul>\n<li>izdelana iz mehke me\u0161anice bomba\u017ea za maksimalno udobje,<\/li>\n<li>MNX izvirna grafika in na\u0161itek,<\/li>\n<li>obi\u010dajno prileganje.<\/li>\n<\/ul>\n<p><strong>Material<\/strong>: 100% bomba\u017e (5% kr\u010denje)<br \/>\n<strong>Barva<\/strong>: kot na sliki<br \/>\n<strong>Stil<\/strong>: klasi\u010den<br \/>\n<strong>Te\u017ea<\/strong>: pribl. 250 gramov<br \/>\n<strong>Velikosti<\/strong>: S\/M, L\/XL, XXL\/3XL, 4XL\/5XL<\/p>\n","protected":false},"excerpt":{"rendered":"<p><span class=\"HwtZe\" lang=\"sl\"><span class=\"jCAhz ChMk0b\"><span class=\"ryNqvb\">Ta privla\u010dna old-school majica Golden Era je kot nala\u0161\u010d za tvoj vsakodnevni stil.<\/span><\/span> <span class=\"jCAhz ChMk0b\"><span class=\"ryNqvb\">Narejena je iz mehke me\u0161anice bomba\u017ea, z originalnim tiskom MNX in vezenim na\u0161itkom.<\/span><\/span> <span class=\"jCAhz ChMk0b\"><span class=\"ryNqvb\">Na voljo v ve\u010d barvah.<\/span><\/span><br \/>\n<\/span><\/p>\n","protected":false},"featured_media":353155,"comment_status":"open","ping_status":"closed","template":"","meta":[],"product_brand":[],"product_cat":[3283,3262,3259,3260],"product_tag":[],"class_list":{"0":"post-354211","1":"product","2":"type-product","3":"status-publish","4":"has-post-thumbnail","6":"product_cat-golden-era-sl","7":"product_cat-klasicne","8":"product_cat-kratke-majice","9":"product_cat-mosko","10":"yith_product_brand-golden-era-sl","12":"first","13":"instock","14":"taxable","15":"shipping-taxable","16":"purchasable","17":"product-type-variable"},"exclude_global_add_ons":[],"addons":[],"_links":{"self":[{"href":"https:\/\/mnxsportswear.com\/sl\/wp-json\/wp\/v2\/product\/354211","targetHints":{"allow":["GET"]}}],"collection":[{"href":"https:\/\/mnxsportswear.com\/sl\/wp-json\/wp\/v2\/product"}],"about":[{"href":"https:\/\/mnxsportswear.com\/sl\/wp-json\/wp\/v2\/types\/product"}],"replies":[{"embeddable":true,"href":"https:\/\/mnxsportswear.com\/sl\/wp-json\/wp\/v2\/comments?post=354211"}],"version-history":[{"count":1,"href":"https:\/\/mnxsportswear.com\/sl\/wp-json\/wp\/v2\/product\/354211\/revisions"}],"predecessor-version":[{"id":406891,"href":"https:\/\/mnxsportswear.com\/sl\/wp-json\/wp\/v2\/product\/354211\/revisions\/406891"}],"wp:featuredmedia":[{"embeddable":true,"href":"https:\/\/mnxsportswear.com\/sl\/wp-json\/wp\/v2\/media\/353155"}],"wp:attachment":[{"href":"https:\/\/mnxsportswear.com\/sl\/wp-json\/wp\/v2\/media?parent=354211"}],"wp:term":[{"taxonomy":"product_brand","embeddable":true,"href":"https:\/\/mnxsportswear.com\/sl\/wp-json\/wp\/v2\/product_brand?post=354211"},{"taxonomy":"product_cat","embeddable":true,"href":"https:\/\/mnxsportswear.com\/sl\/wp-json\/wp\/v2\/product_cat?post=354211"},{"taxonomy":"product_tag","embeddable":true,"href":"https:\/\/mnxsportswear.com\/sl\/wp-json\/wp\/v2\/product_tag?post=354211"}],"curies":[{"name":"wp","href":"https:\/\/api.w.org\/{rel}","templated":true}]}}