{"id":354305,"date":"2023-06-30T09:56:12","date_gmt":"2023-06-30T07:56:12","guid":{"rendered":"https:\/\/mnxsportswear.com\/product\/mnx-double-layer-shorts-cool-gray\/"},"modified":"2026-03-02T05:04:07","modified_gmt":"2026-03-02T04:04:07","slug":"mnx-double-layer-kratke-hlace-cool-gray","status":"publish","type":"product","link":"https:\/\/mnxsportswear.com\/sl\/product\/mnx-double-layer-kratke-hlace-cool-gray\/","title":{"rendered":"MNX Double layer kratke hla\u010de, cool gray"},"content":{"rendered":"<p>Dvoslojne kratke hla\u010de MNX.<\/p>\n<ul>\n<li>lahka udobna tkanina,<\/li>\n<li>obi\u010dajna velikost,<\/li>\n<li>popoln za trening,<\/li>\n<li>originalen MNX branding,<\/li>\n<li>\u017eepi z zadrgo in elasti\u010den pas z notranjo vrvico.<\/li>\n<\/ul>\n<p><strong>Material<\/strong>: 100% poliester (5% kr\u010denje)<br \/>\n<strong>Barva<\/strong>: kot na sliki<br \/>\n<strong>Te\u017ea<\/strong>: pribl. 300 gramov<br \/>\n<strong>Velikosti<\/strong>: S\/M, L\/XL, XXL\/3XL, 4XL\/5XL<br \/>\n<strong>Stil<\/strong>: obi\u010dajno prileganje<\/p>\n","protected":false},"excerpt":{"rendered":"<p><span class=\"HwtZe\" lang=\"sl\"><span class=\"jCAhz ChMk0b\"><span class=\"ryNqvb\">Dvoslojne kratke hla\u010de z vrvico v pasu in mre\u017easto tkanino za zra\u010dnost.<\/span><\/span> <span class=\"jCAhz ChMk0b\"><span class=\"ryNqvb\">Z \u017eepi z zadrgo in minimalisti\u010dnim MNX brandingom.<\/span><\/span> <span class=\"jCAhz ChMk0b\"><span class=\"ryNqvb\">Zgornji sloj je izdelan iz mehke in lahke mre\u017easte tkanine.<\/span><\/span> <span class=\"jCAhz ChMk0b\"><span class=\"ryNqvb\">Spodnji sloj so kolesarske hla\u010de, izdelane iz raztegljivega materiala, ki se popolnoma prilega telesu.<\/span><\/span> <span class=\"jCAhz ChMk0b\"><span class=\"ryNqvb\">Na voljo v ve\u010d barvah.<\/span><\/span><br \/>\n<\/span><\/p>\n","protected":false},"featured_media":353401,"comment_status":"open","ping_status":"closed","template":"","meta":[],"product_brand":[],"product_cat":[3257,3260],"product_tag":[],"class_list":{"0":"post-354305","1":"product","2":"type-product","3":"status-publish","4":"has-post-thumbnail","6":"product_cat-kratke-hlace","7":"product_cat-mosko","9":"first","10":"instock","11":"sale","12":"taxable","13":"shipping-taxable","14":"purchasable","15":"product-type-variable"},"exclude_global_add_ons":[],"addons":[],"_links":{"self":[{"href":"https:\/\/mnxsportswear.com\/sl\/wp-json\/wp\/v2\/product\/354305","targetHints":{"allow":["GET"]}}],"collection":[{"href":"https:\/\/mnxsportswear.com\/sl\/wp-json\/wp\/v2\/product"}],"about":[{"href":"https:\/\/mnxsportswear.com\/sl\/wp-json\/wp\/v2\/types\/product"}],"replies":[{"embeddable":true,"href":"https:\/\/mnxsportswear.com\/sl\/wp-json\/wp\/v2\/comments?post=354305"}],"version-history":[{"count":0,"href":"https:\/\/mnxsportswear.com\/sl\/wp-json\/wp\/v2\/product\/354305\/revisions"}],"wp:featuredmedia":[{"embeddable":true,"href":"https:\/\/mnxsportswear.com\/sl\/wp-json\/wp\/v2\/media\/353401"}],"wp:attachment":[{"href":"https:\/\/mnxsportswear.com\/sl\/wp-json\/wp\/v2\/media?parent=354305"}],"wp:term":[{"taxonomy":"product_brand","embeddable":true,"href":"https:\/\/mnxsportswear.com\/sl\/wp-json\/wp\/v2\/product_brand?post=354305"},{"taxonomy":"product_cat","embeddable":true,"href":"https:\/\/mnxsportswear.com\/sl\/wp-json\/wp\/v2\/product_cat?post=354305"},{"taxonomy":"product_tag","embeddable":true,"href":"https:\/\/mnxsportswear.com\/sl\/wp-json\/wp\/v2\/product_tag?post=354305"}],"curies":[{"name":"wp","href":"https:\/\/api.w.org\/{rel}","templated":true}]}}