{"id":354345,"date":"2023-06-30T09:47:17","date_gmt":"2023-06-30T07:47:17","guid":{"rendered":"https:\/\/mnxsportswear.com\/product\/mnx-raglan-top-golden-era-white\/"},"modified":"2026-03-01T21:27:26","modified_gmt":"2026-03-01T20:27:26","slug":"mnx-moski-raglan-top-golden-era-white","status":"publish","type":"product","link":"https:\/\/mnxsportswear.com\/sl\/product\/mnx-moski-raglan-top-golden-era-white\/","title":{"rendered":"MNX Mo\u0161ki Raglan Top Golden Era, white"},"content":{"rendered":"<p>MNX raglan majica Golden Era<\/p>\n<ul>\n<li>izdelana iz mehke me\u0161anice bomba\u017ea za maksimalno udobje,<\/li>\n<li>MNX izvirni tisk in na\u0161itek,<\/li>\n<li>obi\u010dajne velikosti.<\/li>\n<\/ul>\n<p><strong>Material<\/strong>: 100% bomba\u017e (5% kr\u010denje)<br \/>\n<strong>Barva<\/strong>: kot na sliki<br \/>\n<strong>Stil<\/strong>: klasi\u010den<br \/>\n<strong>Te\u017ea<\/strong>: pribl. 220 gramov<br \/>\n<strong>Velikosti<\/strong>: S\/M, L\/XL, XXL\/3XL, 4XL\/5XL<\/p>\n","protected":false},"excerpt":{"rendered":"<p><span class=\"HwtZe\" lang=\"sl\"><span class=\"jCAhz ChMk0b\"><span class=\"ryNqvb\">Oglejte si to popolno raglan majico za vsak dan iz kolekcije Golden Era.<\/span><\/span> <span class=\"jCAhz ChMk0b\"><span class=\"ryNqvb\">Narejena je iz mehke me\u0161anice bomba\u017ea, z originalnim potiskom MNX in vezenim na\u0161itkom.<\/span><\/span> <span class=\"jCAhz ChMk0b\"><span class=\"ryNqvb\">Na voljo v ve\u010d barvah.<\/span><\/span><br \/>\n<\/span><\/p>\n","protected":false},"featured_media":353189,"comment_status":"open","ping_status":"closed","template":"","meta":[],"product_brand":[],"product_cat":[3283,3262,3259,3260],"product_tag":[],"class_list":{"0":"post-354345","1":"product","2":"type-product","3":"status-publish","4":"has-post-thumbnail","6":"product_cat-golden-era-sl","7":"product_cat-klasicne","8":"product_cat-kratke-majice","9":"product_cat-mosko","10":"yith_product_brand-golden-era-sl","12":"first","13":"instock","14":"taxable","15":"shipping-taxable","16":"purchasable","17":"product-type-variable"},"exclude_global_add_ons":[],"addons":[],"_links":{"self":[{"href":"https:\/\/mnxsportswear.com\/sl\/wp-json\/wp\/v2\/product\/354345","targetHints":{"allow":["GET"]}}],"collection":[{"href":"https:\/\/mnxsportswear.com\/sl\/wp-json\/wp\/v2\/product"}],"about":[{"href":"https:\/\/mnxsportswear.com\/sl\/wp-json\/wp\/v2\/types\/product"}],"replies":[{"embeddable":true,"href":"https:\/\/mnxsportswear.com\/sl\/wp-json\/wp\/v2\/comments?post=354345"}],"version-history":[{"count":1,"href":"https:\/\/mnxsportswear.com\/sl\/wp-json\/wp\/v2\/product\/354345\/revisions"}],"predecessor-version":[{"id":406892,"href":"https:\/\/mnxsportswear.com\/sl\/wp-json\/wp\/v2\/product\/354345\/revisions\/406892"}],"wp:featuredmedia":[{"embeddable":true,"href":"https:\/\/mnxsportswear.com\/sl\/wp-json\/wp\/v2\/media\/353189"}],"wp:attachment":[{"href":"https:\/\/mnxsportswear.com\/sl\/wp-json\/wp\/v2\/media?parent=354345"}],"wp:term":[{"taxonomy":"product_brand","embeddable":true,"href":"https:\/\/mnxsportswear.com\/sl\/wp-json\/wp\/v2\/product_brand?post=354345"},{"taxonomy":"product_cat","embeddable":true,"href":"https:\/\/mnxsportswear.com\/sl\/wp-json\/wp\/v2\/product_cat?post=354345"},{"taxonomy":"product_tag","embeddable":true,"href":"https:\/\/mnxsportswear.com\/sl\/wp-json\/wp\/v2\/product_tag?post=354345"}],"curies":[{"name":"wp","href":"https:\/\/api.w.org\/{rel}","templated":true}]}}