{"id":354386,"date":"2023-06-30T09:26:57","date_gmt":"2023-06-30T07:26:57","guid":{"rendered":"https:\/\/mnxsportswear.com\/product\/mnx-mens-joggers-golden-era-red\/"},"modified":"2026-03-01T18:05:49","modified_gmt":"2026-03-01T17:05:49","slug":"mnx-moske-jogger-hlace-golden-era-red","status":"publish","type":"product","link":"https:\/\/mnxsportswear.com\/sl\/product\/mnx-moske-jogger-hlace-golden-era-red\/","title":{"rendered":"MNX Mo\u0161ke jogger hla\u010de Golden Era, red"},"content":{"rendered":"<p>Elegantne jogger hla\u010de MNX Golden Era<\/p>\n<ul>\n<li>Iz mehke me\u0161anice bomba\u017ea,<\/li>\n<li>klasi\u010dni \u017eepi na obeh straneh in na zadnji strani,<\/li>\n<li>elasti\u010den pas z nastavljivo vrvico,<\/li>\n<li>zadrge za gle\u017enje,<\/li>\n<li>edinstven dizajn in podrobnosti.<\/li>\n<\/ul>\n<p><strong>Material<\/strong>: 92% bomba\u017e, 8% elastan (5% kr\u010denje)<br \/>\n<strong>Barva<\/strong>: kot na sliki<br \/>\n<strong>Stil<\/strong>: ohlapen kroj<br \/>\n<strong>Te\u017ea<\/strong>: pribl. 450 gramov<br \/>\n<strong>Velikosti<\/strong>: S\/M, L\/XL, XXL\/3XL<\/p>\n","protected":false},"excerpt":{"rendered":"<p><span class=\"HwtZe\" lang=\"sl\"><span class=\"jCAhz ChMk0b\"><span class=\"ryNqvb\">Spremenite svoj stil iz preprostega v posebnega s temi jogger hla\u010dami Golden Era.<\/span><\/span> <span class=\"jCAhz ChMk0b\"><span class=\"ryNqvb\">Vsebuje mehko me\u0161anico bomba\u017ea, zadrge za gle\u017enje, elasti\u010den pas z notranjo vrvico in \u017eepi na obeh straneh in zadaj.<\/span><\/span> <span class=\"jCAhz ChMk0b\"><span class=\"ryNqvb\">Na voljo v ve\u010d barvah.<\/span><\/span><br \/>\n<\/span><\/p>\n","protected":false},"featured_media":353210,"comment_status":"open","ping_status":"closed","template":"","meta":[],"product_brand":[],"product_cat":[3272,3283,3273,3260],"product_tag":[],"class_list":{"0":"post-354386","1":"product","2":"type-product","3":"status-publish","4":"has-post-thumbnail","6":"product_cat-dolge-hlace","7":"product_cat-golden-era-sl","8":"product_cat-jogging-hlace","9":"product_cat-mosko","10":"yith_product_brand-golden-era-sl","12":"first","13":"instock","14":"taxable","15":"shipping-taxable","16":"purchasable","17":"product-type-variable"},"exclude_global_add_ons":[],"addons":[],"_links":{"self":[{"href":"https:\/\/mnxsportswear.com\/sl\/wp-json\/wp\/v2\/product\/354386","targetHints":{"allow":["GET"]}}],"collection":[{"href":"https:\/\/mnxsportswear.com\/sl\/wp-json\/wp\/v2\/product"}],"about":[{"href":"https:\/\/mnxsportswear.com\/sl\/wp-json\/wp\/v2\/types\/product"}],"replies":[{"embeddable":true,"href":"https:\/\/mnxsportswear.com\/sl\/wp-json\/wp\/v2\/comments?post=354386"}],"version-history":[{"count":1,"href":"https:\/\/mnxsportswear.com\/sl\/wp-json\/wp\/v2\/product\/354386\/revisions"}],"predecessor-version":[{"id":406901,"href":"https:\/\/mnxsportswear.com\/sl\/wp-json\/wp\/v2\/product\/354386\/revisions\/406901"}],"wp:featuredmedia":[{"embeddable":true,"href":"https:\/\/mnxsportswear.com\/sl\/wp-json\/wp\/v2\/media\/353210"}],"wp:attachment":[{"href":"https:\/\/mnxsportswear.com\/sl\/wp-json\/wp\/v2\/media?parent=354386"}],"wp:term":[{"taxonomy":"product_brand","embeddable":true,"href":"https:\/\/mnxsportswear.com\/sl\/wp-json\/wp\/v2\/product_brand?post=354386"},{"taxonomy":"product_cat","embeddable":true,"href":"https:\/\/mnxsportswear.com\/sl\/wp-json\/wp\/v2\/product_cat?post=354386"},{"taxonomy":"product_tag","embeddable":true,"href":"https:\/\/mnxsportswear.com\/sl\/wp-json\/wp\/v2\/product_tag?post=354386"}],"curies":[{"name":"wp","href":"https:\/\/api.w.org\/{rel}","templated":true}]}}