{"id":354417,"date":"2023-06-29T14:35:43","date_gmt":"2023-06-29T12:35:43","guid":{"rendered":"https:\/\/mnxsportswear.com\/product\/mnx-cotton-shorts-industrial-black\/"},"modified":"2026-03-01T19:11:22","modified_gmt":"2026-03-01T18:11:22","slug":"mnx-bombazne-kratke-hlace-industrial-black","status":"publish","type":"product","link":"https:\/\/mnxsportswear.com\/sl\/product\/mnx-bombazne-kratke-hlace-industrial-black\/","title":{"rendered":"MNX Bomba\u017ene kratke hla\u010de Industrial, black"},"content":{"rendered":"<p>MNX kratke hla\u010de Industrial.<\/p>\n<ul>\n<li>Bomba\u017ena tkanina,<\/li>\n<li>opran videz,<\/li>\n<li>obi\u010dajna velikost,<\/li>\n<li>kot nala\u0161\u010d za trening ali prosti \u010das,<\/li>\n<li>originalen MNX branding,<\/li>\n<li>elasti\u010den pas z notranjo vrvico.<\/li>\n<\/ul>\n<p><strong>Material<\/strong>: 100% bomba\u017e (5% kr\u010denje)<br \/>\n<strong>Barva<\/strong>: kot na sliki<br \/>\n<strong>Te\u017ea<\/strong>: pribl. 280 gramov<br \/>\n<strong>Velikosti<\/strong>: S\/M, L\/XL, XXL\/3XL<br \/>\n<strong>Stil<\/strong>: obi\u010dajno prileganje<\/p>\n","protected":false},"excerpt":{"rendered":"<p><span class=\"HwtZe\" lang=\"sl\"><span class=\"jCAhz ChMk0b\"><span class=\"ryNqvb\">Kratkimi hla\u010de z efektom spranega videza so odli\u010dna izbira za vse, ki ste naveli\u010dani vsakdanjih barv.<\/span><\/span> <span class=\"jCAhz ChMk0b\"><span class=\"ryNqvb\">Z obrabljenim videzom, \u017eepi na obeh straneh in na zadnji strani, elasti\u010den pas z vrvico in izvezeni logotipi.<\/span><\/span><br \/>\n<\/span><\/p>\n","protected":false},"featured_media":353685,"comment_status":"open","ping_status":"closed","template":"","meta":[],"product_brand":[],"product_cat":[3276,3257,3260],"product_tag":[],"class_list":{"0":"post-354417","1":"product","2":"type-product","3":"status-publish","4":"has-post-thumbnail","6":"product_cat-industrial-2-0-sl","7":"product_cat-kratke-hlace","8":"product_cat-mosko","9":"yith_product_brand-industrial-2-0-sl","11":"first","12":"instock","13":"taxable","14":"shipping-taxable","15":"purchasable","16":"product-type-variable"},"exclude_global_add_ons":[],"addons":[],"_links":{"self":[{"href":"https:\/\/mnxsportswear.com\/sl\/wp-json\/wp\/v2\/product\/354417","targetHints":{"allow":["GET"]}}],"collection":[{"href":"https:\/\/mnxsportswear.com\/sl\/wp-json\/wp\/v2\/product"}],"about":[{"href":"https:\/\/mnxsportswear.com\/sl\/wp-json\/wp\/v2\/types\/product"}],"replies":[{"embeddable":true,"href":"https:\/\/mnxsportswear.com\/sl\/wp-json\/wp\/v2\/comments?post=354417"}],"version-history":[{"count":1,"href":"https:\/\/mnxsportswear.com\/sl\/wp-json\/wp\/v2\/product\/354417\/revisions"}],"predecessor-version":[{"id":406868,"href":"https:\/\/mnxsportswear.com\/sl\/wp-json\/wp\/v2\/product\/354417\/revisions\/406868"}],"wp:featuredmedia":[{"embeddable":true,"href":"https:\/\/mnxsportswear.com\/sl\/wp-json\/wp\/v2\/media\/353685"}],"wp:attachment":[{"href":"https:\/\/mnxsportswear.com\/sl\/wp-json\/wp\/v2\/media?parent=354417"}],"wp:term":[{"taxonomy":"product_brand","embeddable":true,"href":"https:\/\/mnxsportswear.com\/sl\/wp-json\/wp\/v2\/product_brand?post=354417"},{"taxonomy":"product_cat","embeddable":true,"href":"https:\/\/mnxsportswear.com\/sl\/wp-json\/wp\/v2\/product_cat?post=354417"},{"taxonomy":"product_tag","embeddable":true,"href":"https:\/\/mnxsportswear.com\/sl\/wp-json\/wp\/v2\/product_tag?post=354417"}],"curies":[{"name":"wp","href":"https:\/\/api.w.org\/{rel}","templated":true}]}}