{"id":354426,"date":"2023-06-29T13:38:53","date_gmt":"2023-06-29T11:38:53","guid":{"rendered":"https:\/\/mnxsportswear.com\/product\/mnx-stringer-tank-top-skull-souls-red\/"},"modified":"2026-03-02T20:41:02","modified_gmt":"2026-03-02T19:41:02","slug":"mnx-moski-stringer-tank-top-skull-souls-red","status":"publish","type":"product","link":"https:\/\/mnxsportswear.com\/sl\/product\/mnx-moski-stringer-tank-top-skull-souls-red\/","title":{"rendered":"MNX Mo\u0161ki Stringer tank top Skull souls, red"},"content":{"rendered":"<p>MNX Stringer kanotera Skull souls<\/p>\n<ul>\n<li>iz mre\u017easte tkanine na sprednji strani in bomba\u017ene tkanine na zadnji strani,<\/li>\n<li>z originalnim grafi\u010dnim tiskom MNX,<\/li>\n<li>klasi\u010den in udoben kroj.<\/li>\n<\/ul>\n<p><strong>Material<\/strong>: sprednja stran 100% poliester, zadnja stran 100% bomba\u017e<br \/>\n<strong>Barva<\/strong>: kot na sliki<br \/>\n<strong>Stil<\/strong>: klasi\u010den<br \/>\n<strong>Te\u017ea<\/strong>: pribl. 150 gramov<br \/>\n<strong>Velikosti<\/strong>: S\/M, L\/XL, XXL\/3XL, 4XL\/5XL<\/p>\n","protected":false},"excerpt":{"rendered":"<p><span class=\"HwtZe\" lang=\"sl\"><span class=\"jCAhz ChMk0b\"><span class=\"ryNqvb\">Stringer top brez rokavov Skull souls za vse ljubitelje originalnih kosov obla\u010dil.<\/span><\/span> <span class=\"jCAhz ChMk0b\"><span class=\"ryNqvb\">Ta majica je potiskana z original grafiko MNX in predstavlja naslednja raven fitnes obla\u010dil.<\/span><\/span> <span class=\"jCAhz ChMk0b\"><span class=\"ryNqvb\">Izdelana je iz 2 razli\u010dnih tkanin &#8211; sprednja stran je iz zra\u010dne mre\u017easte tkanine, hrbtna stran pa iz 100 % bomba\u017ea.<\/span><\/span> <span class=\"jCAhz ChMk0b\"><span class=\"ryNqvb\">Z globokim izrezom za roke.<\/span><\/span> <span class=\"jCAhz ChMk0b\"><span class=\"ryNqvb\">Na voljo v ve\u010d barvnih kombinacijah.<\/span><\/span><\/span><\/p>\n","protected":false},"featured_media":353337,"comment_status":"open","ping_status":"closed","template":"","meta":[],"product_brand":[],"product_cat":[3264,3260,3265],"product_tag":[],"class_list":{"0":"post-354426","1":"product","2":"type-product","3":"status-publish","4":"has-post-thumbnail","6":"product_cat-kanotere","7":"product_cat-mosko","8":"product_cat-stringerji","10":"first","11":"instock","12":"sale","13":"taxable","14":"shipping-taxable","15":"purchasable","16":"product-type-variable"},"exclude_global_add_ons":[],"addons":[],"_links":{"self":[{"href":"https:\/\/mnxsportswear.com\/sl\/wp-json\/wp\/v2\/product\/354426","targetHints":{"allow":["GET"]}}],"collection":[{"href":"https:\/\/mnxsportswear.com\/sl\/wp-json\/wp\/v2\/product"}],"about":[{"href":"https:\/\/mnxsportswear.com\/sl\/wp-json\/wp\/v2\/types\/product"}],"replies":[{"embeddable":true,"href":"https:\/\/mnxsportswear.com\/sl\/wp-json\/wp\/v2\/comments?post=354426"}],"version-history":[{"count":0,"href":"https:\/\/mnxsportswear.com\/sl\/wp-json\/wp\/v2\/product\/354426\/revisions"}],"wp:featuredmedia":[{"embeddable":true,"href":"https:\/\/mnxsportswear.com\/sl\/wp-json\/wp\/v2\/media\/353337"}],"wp:attachment":[{"href":"https:\/\/mnxsportswear.com\/sl\/wp-json\/wp\/v2\/media?parent=354426"}],"wp:term":[{"taxonomy":"product_brand","embeddable":true,"href":"https:\/\/mnxsportswear.com\/sl\/wp-json\/wp\/v2\/product_brand?post=354426"},{"taxonomy":"product_cat","embeddable":true,"href":"https:\/\/mnxsportswear.com\/sl\/wp-json\/wp\/v2\/product_cat?post=354426"},{"taxonomy":"product_tag","embeddable":true,"href":"https:\/\/mnxsportswear.com\/sl\/wp-json\/wp\/v2\/product_tag?post=354426"}],"curies":[{"name":"wp","href":"https:\/\/api.w.org\/{rel}","templated":true}]}}