{"id":354431,"date":"2023-06-29T13:23:58","date_gmt":"2023-06-29T11:23:58","guid":{"rendered":"https:\/\/mnxsportswear.com\/product\/mnx-stringer-tank-top-miami\/"},"modified":"2026-03-04T04:17:25","modified_gmt":"2026-03-04T03:17:25","slug":"mnx-moski-stringer-tank-top-miami","status":"publish","type":"product","link":"https:\/\/mnxsportswear.com\/sl\/product\/mnx-moski-stringer-tank-top-miami\/","title":{"rendered":"MNX Mo\u0161ki Stringer tank top Miami"},"content":{"rendered":"<p>MNX Stringer majica Miami:<\/p>\n<ul>\n<li>na zadnji strani iz mre\u017easte tkanine,<\/li>\n<li>z originalnim potiskom MNX,<\/li>\n<li>udoben kroj.<\/li>\n<\/ul>\n<p><strong>Material<\/strong>: 100% poliester<br \/>\n<strong>Barva<\/strong>: kot na sliki<br \/>\n<strong>Stil<\/strong>: klasi\u010den<br \/>\n<strong>Te\u017ea<\/strong>: pribl. 160 gramov<br \/>\n<strong>Velikosti<\/strong>: S\/M, L\/XL, XXL\/3XL, 4XL\/5XL<\/p>\n","protected":false},"excerpt":{"rendered":"<p><span class=\"HwtZe\" lang=\"sl\"><span class=\"jCAhz ChMk0b\"><span class=\"ryNqvb\">Za\u017eenite poletje s polno hitrostjo s tem fantasti\u010dnim topom brez rokavov, ki ima vsestranski grafi\u010dni tisk po navdihu Miamija.<\/span><\/span> <span class=\"jCAhz ChMk0b\"><span class=\"ryNqvb\">Zadnja stran majice je izdelana iz zra\u010dne mre\u017easte tkanine.<\/span><\/span> <span class=\"jCAhz ChMk0b\"><span class=\"ryNqvb\">Z zaobljenim robom in globokim izrezom za roke.<\/span><\/span><\/span><\/p>\n","protected":false},"featured_media":353339,"comment_status":"open","ping_status":"closed","template":"","meta":[],"product_brand":[],"product_cat":[3264,3260,3265],"product_tag":[],"class_list":{"0":"post-354431","1":"product","2":"type-product","3":"status-publish","4":"has-post-thumbnail","6":"product_cat-kanotere","7":"product_cat-mosko","8":"product_cat-stringerji","10":"first","11":"instock","12":"sale","13":"taxable","14":"shipping-taxable","15":"purchasable","16":"product-type-variable"},"exclude_global_add_ons":[],"addons":[],"_links":{"self":[{"href":"https:\/\/mnxsportswear.com\/sl\/wp-json\/wp\/v2\/product\/354431","targetHints":{"allow":["GET"]}}],"collection":[{"href":"https:\/\/mnxsportswear.com\/sl\/wp-json\/wp\/v2\/product"}],"about":[{"href":"https:\/\/mnxsportswear.com\/sl\/wp-json\/wp\/v2\/types\/product"}],"replies":[{"embeddable":true,"href":"https:\/\/mnxsportswear.com\/sl\/wp-json\/wp\/v2\/comments?post=354431"}],"version-history":[{"count":0,"href":"https:\/\/mnxsportswear.com\/sl\/wp-json\/wp\/v2\/product\/354431\/revisions"}],"wp:featuredmedia":[{"embeddable":true,"href":"https:\/\/mnxsportswear.com\/sl\/wp-json\/wp\/v2\/media\/353339"}],"wp:attachment":[{"href":"https:\/\/mnxsportswear.com\/sl\/wp-json\/wp\/v2\/media?parent=354431"}],"wp:term":[{"taxonomy":"product_brand","embeddable":true,"href":"https:\/\/mnxsportswear.com\/sl\/wp-json\/wp\/v2\/product_brand?post=354431"},{"taxonomy":"product_cat","embeddable":true,"href":"https:\/\/mnxsportswear.com\/sl\/wp-json\/wp\/v2\/product_cat?post=354431"},{"taxonomy":"product_tag","embeddable":true,"href":"https:\/\/mnxsportswear.com\/sl\/wp-json\/wp\/v2\/product_tag?post=354431"}],"curies":[{"name":"wp","href":"https:\/\/api.w.org\/{rel}","templated":true}]}}