{"id":354472,"date":"2023-06-28T22:55:14","date_gmt":"2023-06-28T20:55:14","guid":{"rendered":"https:\/\/mnxsportswear.com\/product\/mnx-workout-top-golden-era-black\/"},"modified":"2026-03-02T04:48:00","modified_gmt":"2026-03-02T03:48:00","slug":"mnx-moski-workout-top-golden-era-black","status":"publish","type":"product","link":"https:\/\/mnxsportswear.com\/sl\/product\/mnx-moski-workout-top-golden-era-black\/","title":{"rendered":"MNX Mo\u0161ki Workout Top Golden Era, black"},"content":{"rendered":"<p>MNX Workout top Golden Era<\/p>\n<ul>\n<li>izdelan iz mehke in tople me\u0161anice bomba\u017ea za maksimalno udobje,<\/li>\n<li>MNX izvirni potisk in na\u0161itek,<\/li>\n<li>oversized prileganje.<\/li>\n<\/ul>\n<p>Material: 100% bomba\u017e (5% kr\u010denje)<br \/>\nBarva: kot na sliki<br \/>\nStil: oversized<br \/>\nTe\u017ea: pribl. 450 gramov<br \/>\nVelikosti: S\/M, L\/XL, XXL\/3XL, 4XL\/5XL<\/p>\n","protected":false},"excerpt":{"rendered":"<p>Pripravite se na obisk telovadnice s tem edinstvenim Workout topom Golden Era, izdelanim iz toplej\u0161ega mehkega bomba\u017ea. Z originalnim potiskom MNX, vezenim na\u0161itkom in u\u010dinkom obrabljenih robov. Na voljo v ve\u010d barvah.<\/p>\n","protected":false},"featured_media":353217,"comment_status":"open","ping_status":"closed","template":"","meta":[],"product_brand":[],"product_cat":[3283,3259,3260,3261],"product_tag":[],"class_list":{"0":"post-354472","1":"product","2":"type-product","3":"status-publish","4":"has-post-thumbnail","6":"product_cat-golden-era-sl","7":"product_cat-kratke-majice","8":"product_cat-mosko","9":"product_cat-oversized-majice","10":"yith_product_brand-golden-era-sl","12":"first","13":"onbackorder","14":"taxable","15":"shipping-taxable","16":"purchasable","17":"product-type-variable"},"exclude_global_add_ons":[],"addons":[],"_links":{"self":[{"href":"https:\/\/mnxsportswear.com\/sl\/wp-json\/wp\/v2\/product\/354472","targetHints":{"allow":["GET"]}}],"collection":[{"href":"https:\/\/mnxsportswear.com\/sl\/wp-json\/wp\/v2\/product"}],"about":[{"href":"https:\/\/mnxsportswear.com\/sl\/wp-json\/wp\/v2\/types\/product"}],"replies":[{"embeddable":true,"href":"https:\/\/mnxsportswear.com\/sl\/wp-json\/wp\/v2\/comments?post=354472"}],"version-history":[{"count":1,"href":"https:\/\/mnxsportswear.com\/sl\/wp-json\/wp\/v2\/product\/354472\/revisions"}],"predecessor-version":[{"id":406907,"href":"https:\/\/mnxsportswear.com\/sl\/wp-json\/wp\/v2\/product\/354472\/revisions\/406907"}],"wp:featuredmedia":[{"embeddable":true,"href":"https:\/\/mnxsportswear.com\/sl\/wp-json\/wp\/v2\/media\/353217"}],"wp:attachment":[{"href":"https:\/\/mnxsportswear.com\/sl\/wp-json\/wp\/v2\/media?parent=354472"}],"wp:term":[{"taxonomy":"product_brand","embeddable":true,"href":"https:\/\/mnxsportswear.com\/sl\/wp-json\/wp\/v2\/product_brand?post=354472"},{"taxonomy":"product_cat","embeddable":true,"href":"https:\/\/mnxsportswear.com\/sl\/wp-json\/wp\/v2\/product_cat?post=354472"},{"taxonomy":"product_tag","embeddable":true,"href":"https:\/\/mnxsportswear.com\/sl\/wp-json\/wp\/v2\/product_tag?post=354472"}],"curies":[{"name":"wp","href":"https:\/\/api.w.org\/{rel}","templated":true}]}}