{"id":354500,"date":"2000-05-05T11:53:21","date_gmt":"2000-05-05T09:53:21","guid":{"rendered":"https:\/\/mnxsportswear.com\/product\/mnx-mens-pants-golden-era-red\/"},"modified":"2026-03-01T18:26:46","modified_gmt":"2026-03-01T17:26:46","slug":"mnx-moske-hlace-golden-era-red","status":"publish","type":"product","link":"https:\/\/mnxsportswear.com\/sl\/product\/mnx-moske-hlace-golden-era-red\/","title":{"rendered":"MNX Mo\u0161ke hla\u010de Golden Era, red"},"content":{"rendered":"<p>Elegantne hla\u010de MNX Golden Era.<\/p>\n<ul>\n<li>Iz mehkega in lahkega bomba\u017ea,<\/li>\n<li>klasi\u010dni \u017eepi na obeh straneh,<\/li>\n<li>elasti\u010den pas z nastavljivo vrvico,<\/li>\n<li>edinstven dizajn in detajli.<\/li>\n<\/ul>\n<p><strong>Material<\/strong>: 100% bomba\u017e (5% kr\u010denje)<br \/>\n<strong>Barva<\/strong>: kot na sliki<br \/>\n<strong>Stil<\/strong>: <span style=\"color: #ff0000;\">oversized<\/span><br \/>\n<strong>Te\u017ea<\/strong>: pribl. 370 gramov<br \/>\n<strong>Velikosti<\/strong>: S\/M, L\/XL, XXL\/3XL<\/p>\n","protected":false},"excerpt":{"rendered":"<p><span class=\"HwtZe\" lang=\"sl\"><span class=\"jCAhz ChMk0b\"><span class=\"ryNqvb\">Popestrite svojo garderobo s temi hla\u010dami Golden Era Venice Beach v \u010dast zlate dobe bodybuildinga.<\/span><\/span> <span class=\"jCAhz ChMk0b\"><span class=\"ryNqvb\">Z elegantnim kvadratnim vzorcem, ohlapnim krojem, stranskimi \u017eepi, elasti\u010dnim pasom in lahkim bomba\u017enim blagom.<\/span><\/span> <span class=\"jCAhz ChMk0b\"><span class=\"ryNqvb\">Na voljo v ve\u010d barvah.<\/span><\/span><\/span><\/p>\n","protected":false},"featured_media":352297,"comment_status":"open","ping_status":"closed","template":"","meta":[],"product_brand":[],"product_cat":[3272,3283,3274,3260],"product_tag":[],"class_list":{"0":"post-354500","1":"product","2":"type-product","3":"status-publish","4":"has-post-thumbnail","6":"product_cat-dolge-hlace","7":"product_cat-golden-era-sl","8":"product_cat-loose-fit-hlace","9":"product_cat-mosko","10":"yith_product_brand-golden-era-sl","12":"first","13":"outofstock","14":"taxable","15":"shipping-taxable","16":"purchasable","17":"product-type-variable"},"exclude_global_add_ons":[],"addons":[],"_links":{"self":[{"href":"https:\/\/mnxsportswear.com\/sl\/wp-json\/wp\/v2\/product\/354500","targetHints":{"allow":["GET"]}}],"collection":[{"href":"https:\/\/mnxsportswear.com\/sl\/wp-json\/wp\/v2\/product"}],"about":[{"href":"https:\/\/mnxsportswear.com\/sl\/wp-json\/wp\/v2\/types\/product"}],"replies":[{"embeddable":true,"href":"https:\/\/mnxsportswear.com\/sl\/wp-json\/wp\/v2\/comments?post=354500"}],"version-history":[{"count":1,"href":"https:\/\/mnxsportswear.com\/sl\/wp-json\/wp\/v2\/product\/354500\/revisions"}],"predecessor-version":[{"id":406925,"href":"https:\/\/mnxsportswear.com\/sl\/wp-json\/wp\/v2\/product\/354500\/revisions\/406925"}],"wp:featuredmedia":[{"embeddable":true,"href":"https:\/\/mnxsportswear.com\/sl\/wp-json\/wp\/v2\/media\/352297"}],"wp:attachment":[{"href":"https:\/\/mnxsportswear.com\/sl\/wp-json\/wp\/v2\/media?parent=354500"}],"wp:term":[{"taxonomy":"product_brand","embeddable":true,"href":"https:\/\/mnxsportswear.com\/sl\/wp-json\/wp\/v2\/product_brand?post=354500"},{"taxonomy":"product_cat","embeddable":true,"href":"https:\/\/mnxsportswear.com\/sl\/wp-json\/wp\/v2\/product_cat?post=354500"},{"taxonomy":"product_tag","embeddable":true,"href":"https:\/\/mnxsportswear.com\/sl\/wp-json\/wp\/v2\/product_tag?post=354500"}],"curies":[{"name":"wp","href":"https:\/\/api.w.org\/{rel}","templated":true}]}}