{"id":354522,"date":"2023-01-20T13:06:08","date_gmt":"2023-01-20T12:06:08","guid":{"rendered":"https:\/\/mnxsportswear.com\/product\/mnx-mens-hoodie-oxygen-turquoise\/"},"modified":"2026-03-02T02:45:20","modified_gmt":"2026-03-02T01:45:20","slug":"mnx-moska-jopa-oxygen-turquoise","status":"publish","type":"product","link":"https:\/\/mnxsportswear.com\/sl\/product\/mnx-moska-jopa-oxygen-turquoise\/","title":{"rendered":"MNX Mo\u0161ka jopa Oxygen,turkizna"},"content":{"rendered":"<p>MNX bomba\u017eni pulover s kapuco OXYGEN z edinstvenim dizajnom.<\/p>\n<ul>\n<li>Iz mehke in tople me\u0161anice bomba\u017ea za maksimalno udobje,<\/li>\n<li>z \u017eepi,<\/li>\n<li>kapuca z vrvico za nastavljivo prileganje,<\/li>\n<li>edinstven dizajn in podrobnosti.<\/li>\n<\/ul>\n<p><strong>Material<\/strong>: 80% bomba\u017e, 20% poliester (5% kr\u010denje);<br \/>\n<strong>Barva<\/strong>: kot na sliki<br \/>\n<strong>Te\u017ea<\/strong>: pribl. 650 gramov<br \/>\n<strong>Velikosti<\/strong>: S\/M, L\/XL, XXL\/3XL<\/p>\n","protected":false},"excerpt":{"rendered":"<p><span class=\"HwtZe\" lang=\"sl\"><span class=\"jCAhz ChMk0b\"><span class=\"ryNqvb\">Dopolnite svojo garderobo s tem elegantnim puloverjem Oxygen v street slogu.<\/span><\/span> <span class=\"jCAhz ChMk0b\"><span class=\"ryNqvb\">Izdelan iz toplega mehkega bomba\u017ea s stranskimi \u017eepi, kapuco z vrvico za bolj\u0161e prileganje ter rebrastimi robovi.<\/span><\/span> <span class=\"jCAhz ChMk0b\"><span class=\"ryNqvb\">Z udobnim, vsakodnevnim prileganjem bo hitro postal va\u0161a izbira za vsakodnevni outfit.<\/span><\/span> <span class=\"jCAhz ChMk0b\"><span class=\"ryNqvb\">Kombinirajte to jopico s hla\u010dami Oxygen in ustvarite popoln outfit.<\/span><\/span><\/span><\/p>\n","protected":false},"featured_media":352242,"comment_status":"open","ping_status":"closed","template":"","meta":[],"product_brand":[],"product_cat":[3270,3269,3260,3285],"product_tag":[],"class_list":{"0":"post-354522","1":"product","2":"type-product","3":"status-publish","4":"has-post-thumbnail","6":"product_cat-jope","7":"product_cat-jope-in-dolge-majice","8":"product_cat-mosko","9":"product_cat-oxygen-sl","10":"yith_product_brand-mnx-sl","11":"yith_product_brand-oxygen-sl","13":"first","14":"instock","15":"sale","16":"featured","17":"taxable","18":"shipping-taxable","19":"purchasable","20":"product-type-variable"},"exclude_global_add_ons":[],"addons":[],"_links":{"self":[{"href":"https:\/\/mnxsportswear.com\/sl\/wp-json\/wp\/v2\/product\/354522","targetHints":{"allow":["GET"]}}],"collection":[{"href":"https:\/\/mnxsportswear.com\/sl\/wp-json\/wp\/v2\/product"}],"about":[{"href":"https:\/\/mnxsportswear.com\/sl\/wp-json\/wp\/v2\/types\/product"}],"replies":[{"embeddable":true,"href":"https:\/\/mnxsportswear.com\/sl\/wp-json\/wp\/v2\/comments?post=354522"}],"version-history":[{"count":1,"href":"https:\/\/mnxsportswear.com\/sl\/wp-json\/wp\/v2\/product\/354522\/revisions"}],"predecessor-version":[{"id":406930,"href":"https:\/\/mnxsportswear.com\/sl\/wp-json\/wp\/v2\/product\/354522\/revisions\/406930"}],"wp:featuredmedia":[{"embeddable":true,"href":"https:\/\/mnxsportswear.com\/sl\/wp-json\/wp\/v2\/media\/352242"}],"wp:attachment":[{"href":"https:\/\/mnxsportswear.com\/sl\/wp-json\/wp\/v2\/media?parent=354522"}],"wp:term":[{"taxonomy":"product_brand","embeddable":true,"href":"https:\/\/mnxsportswear.com\/sl\/wp-json\/wp\/v2\/product_brand?post=354522"},{"taxonomy":"product_cat","embeddable":true,"href":"https:\/\/mnxsportswear.com\/sl\/wp-json\/wp\/v2\/product_cat?post=354522"},{"taxonomy":"product_tag","embeddable":true,"href":"https:\/\/mnxsportswear.com\/sl\/wp-json\/wp\/v2\/product_tag?post=354522"}],"curies":[{"name":"wp","href":"https:\/\/api.w.org\/{rel}","templated":true}]}}