{"id":354531,"date":"2023-01-20T12:59:13","date_gmt":"2023-01-20T11:59:13","guid":{"rendered":"https:\/\/mnxsportswear.com\/product\/mnx-mens-pants-oxygen-turquoise\/"},"modified":"2026-03-01T20:46:57","modified_gmt":"2026-03-01T19:46:57","slug":"mnx-moske-hlace-oxygen-turquoise","status":"publish","type":"product","link":"https:\/\/mnxsportswear.com\/sl\/product\/mnx-moske-hlace-oxygen-turquoise\/","title":{"rendered":"MNX Mo\u0161ke hla\u010de Oxygen, turkizna"},"content":{"rendered":"<p>Elegantne hla\u010de MNX Oxygen.<\/p>\n<ul>\n<li>Iz mehkega in toplega bomba\u017ea,<\/li>\n<li>klasi\u010dni \u017eepi na obeh straneh,<\/li>\n<li>elasti\u010den pas z nastavljivo vrvico,<\/li>\n<li>edinstven dizajn in podrobnosti.<\/li>\n<\/ul>\n<p><strong>Material<\/strong>: 80% bomba\u017e, 20% poliester (5% kr\u010denje)<br \/>\n<strong>Barva<\/strong>: kot na sliki<br \/>\n<strong>Te\u017ea<\/strong>: pribl. 500 gramov<br \/>\n<strong>Velikosti<\/strong>: S\/M, L\/XL, XXL\/3XL<\/p>\n","protected":false},"excerpt":{"rendered":"<p><span class=\"HwtZe\" lang=\"sl\"><span class=\"jCAhz ChMk0b\"><span class=\"ryNqvb\">Dopolnite svojo garderobo s temi elegantnimi hla\u010dami Oxygen.<\/span><\/span> <span class=\"jCAhz ChMk0b\"><span class=\"ryNqvb\">Izdelana iz toplega in mehkega bomba\u017ea za maksimalno udobje.<\/span><\/span> <span class=\"jCAhz ChMk0b\"><span class=\"ryNqvb\">S stranskimi \u017eepi in elasti\u010dnim pasom.<\/span><\/span> <span class=\"jCAhz ChMk0b\"><span class=\"ryNqvb\">Na voljo v ve\u010d barvah.<\/span><\/span> <span class=\"jCAhz ChMk0b\"><span class=\"ryNqvb\">Kombinirajte te hla\u010de z jopo s kapuco Oxygen in ustvarite popoln outfit.<\/span><\/span><\/span><\/p>\n","protected":false},"featured_media":352280,"comment_status":"open","ping_status":"closed","template":"","meta":[],"product_brand":[],"product_cat":[3272,3274,3260,3285],"product_tag":[],"class_list":{"0":"post-354531","1":"product","2":"type-product","3":"status-publish","4":"has-post-thumbnail","6":"product_cat-dolge-hlace","7":"product_cat-loose-fit-hlace","8":"product_cat-mosko","9":"product_cat-oxygen-sl","10":"yith_product_brand-mnx-sl","11":"yith_product_brand-oxygen-sl","13":"first","14":"instock","15":"sale","16":"taxable","17":"shipping-taxable","18":"purchasable","19":"product-type-variable"},"exclude_global_add_ons":[],"addons":[],"_links":{"self":[{"href":"https:\/\/mnxsportswear.com\/sl\/wp-json\/wp\/v2\/product\/354531","targetHints":{"allow":["GET"]}}],"collection":[{"href":"https:\/\/mnxsportswear.com\/sl\/wp-json\/wp\/v2\/product"}],"about":[{"href":"https:\/\/mnxsportswear.com\/sl\/wp-json\/wp\/v2\/types\/product"}],"replies":[{"embeddable":true,"href":"https:\/\/mnxsportswear.com\/sl\/wp-json\/wp\/v2\/comments?post=354531"}],"version-history":[{"count":1,"href":"https:\/\/mnxsportswear.com\/sl\/wp-json\/wp\/v2\/product\/354531\/revisions"}],"predecessor-version":[{"id":406934,"href":"https:\/\/mnxsportswear.com\/sl\/wp-json\/wp\/v2\/product\/354531\/revisions\/406934"}],"wp:featuredmedia":[{"embeddable":true,"href":"https:\/\/mnxsportswear.com\/sl\/wp-json\/wp\/v2\/media\/352280"}],"wp:attachment":[{"href":"https:\/\/mnxsportswear.com\/sl\/wp-json\/wp\/v2\/media?parent=354531"}],"wp:term":[{"taxonomy":"product_brand","embeddable":true,"href":"https:\/\/mnxsportswear.com\/sl\/wp-json\/wp\/v2\/product_brand?post=354531"},{"taxonomy":"product_cat","embeddable":true,"href":"https:\/\/mnxsportswear.com\/sl\/wp-json\/wp\/v2\/product_cat?post=354531"},{"taxonomy":"product_tag","embeddable":true,"href":"https:\/\/mnxsportswear.com\/sl\/wp-json\/wp\/v2\/product_tag?post=354531"}],"curies":[{"name":"wp","href":"https:\/\/api.w.org\/{rel}","templated":true}]}}