{"id":354556,"date":"2023-01-19T14:25:16","date_gmt":"2023-01-19T13:25:16","guid":{"rendered":"https:\/\/mnxsportswear.com\/product\/mnx-stringer-tank-top-maniax-limited\/"},"modified":"2026-03-02T06:29:48","modified_gmt":"2026-03-02T05:29:48","slug":"mnx-moski-stringer-tank-top-maniax-limited","status":"publish","type":"product","link":"https:\/\/mnxsportswear.com\/sl\/product\/mnx-moski-stringer-tank-top-maniax-limited\/","title":{"rendered":"MNX Mo\u0161ki Stringer tank top ManiaX *LIMITED*"},"content":{"rendered":"<p>MNX Majica brez rokavov ManiaX.<\/p>\n<ul>\n<li>izdelana iz 100% me\u0161anice bomba\u017ea za maksimalno udobje,<\/li>\n<li>MNX izvirno grafi\u010dno oblikovanje,<\/li>\n<li>udoben kroj.<\/li>\n<\/ul>\n<p><strong>Material<\/strong>: 92% bomba\u017e, 8% poliester (5% kr\u010denje)<br \/>\n<strong>Barva<\/strong>: kot na sliki<br \/>\n<strong>Stil<\/strong>: klasi\u010den<br \/>\n<strong>Te\u017ea<\/strong>: pribl. 150 gramov<br \/>\n<strong>Velikosti<\/strong>: XS\/S, S\/M, L\/XL, 2XL\/3XL<\/p>\n","protected":false},"excerpt":{"rendered":"<p>Ikoni\u010dna kolekcija ManiaX se vra\u010da. Ta majica brez rokavov zdru\u017euje svet \u0161portnih obla\u010dil in mode ter daje videz, ki ni podoben nobenemu drugemu v liniji bodybuildinga. V celoti potiskana z originalno grafiko MNX in izdelana iz udobne me\u0161anice bomba\u017ea. Omejena izdaja \u2013 zagotovite si svojo, dokler \u0161e lahko.<\/p>\n","protected":false},"featured_media":352132,"comment_status":"open","ping_status":"closed","template":"","meta":[],"product_brand":[],"product_cat":[3264,3326,3260,3265],"product_tag":[],"class_list":{"0":"post-354556","1":"product","2":"type-product","3":"status-publish","4":"has-post-thumbnail","6":"product_cat-kanotere","7":"product_cat-maniax-sl","8":"product_cat-mosko","9":"product_cat-stringerji","10":"yith_product_brand-mnx-sl","12":"first","13":"instock","14":"sale","15":"taxable","16":"shipping-taxable","17":"purchasable","18":"product-type-variable"},"exclude_global_add_ons":[],"addons":[],"_links":{"self":[{"href":"https:\/\/mnxsportswear.com\/sl\/wp-json\/wp\/v2\/product\/354556","targetHints":{"allow":["GET"]}}],"collection":[{"href":"https:\/\/mnxsportswear.com\/sl\/wp-json\/wp\/v2\/product"}],"about":[{"href":"https:\/\/mnxsportswear.com\/sl\/wp-json\/wp\/v2\/types\/product"}],"replies":[{"embeddable":true,"href":"https:\/\/mnxsportswear.com\/sl\/wp-json\/wp\/v2\/comments?post=354556"}],"version-history":[{"count":0,"href":"https:\/\/mnxsportswear.com\/sl\/wp-json\/wp\/v2\/product\/354556\/revisions"}],"wp:featuredmedia":[{"embeddable":true,"href":"https:\/\/mnxsportswear.com\/sl\/wp-json\/wp\/v2\/media\/352132"}],"wp:attachment":[{"href":"https:\/\/mnxsportswear.com\/sl\/wp-json\/wp\/v2\/media?parent=354556"}],"wp:term":[{"taxonomy":"product_brand","embeddable":true,"href":"https:\/\/mnxsportswear.com\/sl\/wp-json\/wp\/v2\/product_brand?post=354556"},{"taxonomy":"product_cat","embeddable":true,"href":"https:\/\/mnxsportswear.com\/sl\/wp-json\/wp\/v2\/product_cat?post=354556"},{"taxonomy":"product_tag","embeddable":true,"href":"https:\/\/mnxsportswear.com\/sl\/wp-json\/wp\/v2\/product_tag?post=354556"}],"curies":[{"name":"wp","href":"https:\/\/api.w.org\/{rel}","templated":true}]}}