{"id":354562,"date":"2023-01-19T13:35:59","date_gmt":"2023-01-19T12:35:59","guid":{"rendered":"https:\/\/mnxsportswear.com\/product\/mnx-hoodie-maniax-limited\/"},"modified":"2026-03-02T04:48:20","modified_gmt":"2026-03-02T03:48:20","slug":"mnx-moska-jopa-maniax-limited","status":"publish","type":"product","link":"https:\/\/mnxsportswear.com\/sl\/product\/mnx-moska-jopa-maniax-limited\/","title":{"rendered":"MNX Mo\u0161ka jopa ManiaX *LIMITED*"},"content":{"rendered":"<p>MNX bomba\u017eni pulover s kapuco MANIAX z edinstvenim dizajnom.<\/p>\n<ul>\n<li>Iz mehke in tople me\u0161anice bomba\u017ea za maksimalno udobje,<\/li>\n<li>z \u017eepi,<\/li>\n<li>kapuca z vrvico za nastavljivo prileganje,<\/li>\n<li>edinstven dizajn in detajli.<\/li>\n<\/ul>\n<p>Material: 80% bomba\u017e, 20% poliester (5% kr\u010denje);<br \/>\nBarva: kot na sliki<br \/>\nTe\u017ea: pribl. 700 gramov<br \/>\nVelikosti: S, M, L, XL, 2XL, 3XL<\/p>\n","protected":false},"excerpt":{"rendered":"<p>Ikoni\u010dna kolekcija ManiaX se vra\u010da. Ta pulover s kapuco zdru\u017euje svet \u0161portnih obla\u010dil in mode ter daje videz, ki ni podoben nobenemu drugemu v liniji bodybuildinga. Z udobnim, vsakodnevnim krojem bo hitro postal va\u0161a izbira za vse namene. Popolnoma potiskan in izdelan iz mehke in tople me\u0161anice bomba\u017ea s stranskimi \u017eepi, kapuco z vrvico za prileganje po meri ter rebrastimi man\u0161etami in robom. Omejena izdaja \u2013 zagotovite si svojega, dokler \u0161e lahko.<\/p>\n","protected":false},"featured_media":353504,"comment_status":"open","ping_status":"closed","template":"","meta":[],"product_brand":[],"product_cat":[3270,3269,3326,3260],"product_tag":[],"class_list":{"0":"post-354562","1":"product","2":"type-product","3":"status-publish","4":"has-post-thumbnail","6":"product_cat-jope","7":"product_cat-jope-in-dolge-majice","8":"product_cat-maniax-sl","9":"product_cat-mosko","10":"yith_product_brand-mnx-sl","12":"first","13":"instock","14":"sale","15":"featured","16":"taxable","17":"shipping-taxable","18":"purchasable","19":"product-type-variable"},"exclude_global_add_ons":[],"addons":[],"_links":{"self":[{"href":"https:\/\/mnxsportswear.com\/sl\/wp-json\/wp\/v2\/product\/354562","targetHints":{"allow":["GET"]}}],"collection":[{"href":"https:\/\/mnxsportswear.com\/sl\/wp-json\/wp\/v2\/product"}],"about":[{"href":"https:\/\/mnxsportswear.com\/sl\/wp-json\/wp\/v2\/types\/product"}],"replies":[{"embeddable":true,"href":"https:\/\/mnxsportswear.com\/sl\/wp-json\/wp\/v2\/comments?post=354562"}],"version-history":[{"count":0,"href":"https:\/\/mnxsportswear.com\/sl\/wp-json\/wp\/v2\/product\/354562\/revisions"}],"wp:featuredmedia":[{"embeddable":true,"href":"https:\/\/mnxsportswear.com\/sl\/wp-json\/wp\/v2\/media\/353504"}],"wp:attachment":[{"href":"https:\/\/mnxsportswear.com\/sl\/wp-json\/wp\/v2\/media?parent=354562"}],"wp:term":[{"taxonomy":"product_brand","embeddable":true,"href":"https:\/\/mnxsportswear.com\/sl\/wp-json\/wp\/v2\/product_brand?post=354562"},{"taxonomy":"product_cat","embeddable":true,"href":"https:\/\/mnxsportswear.com\/sl\/wp-json\/wp\/v2\/product_cat?post=354562"},{"taxonomy":"product_tag","embeddable":true,"href":"https:\/\/mnxsportswear.com\/sl\/wp-json\/wp\/v2\/product_tag?post=354562"}],"curies":[{"name":"wp","href":"https:\/\/api.w.org\/{rel}","templated":true}]}}