{"id":354575,"date":"2023-01-18T13:14:41","date_gmt":"2023-01-18T12:14:41","guid":{"rendered":"https:\/\/mnxsportswear.com\/product\/mnx-mens-pants-oxygen-black\/"},"modified":"2026-03-01T18:43:51","modified_gmt":"2026-03-01T17:43:51","slug":"mnx-moske-hlace-oxygen-black","status":"publish","type":"product","link":"https:\/\/mnxsportswear.com\/sl\/product\/mnx-moske-hlace-oxygen-black\/","title":{"rendered":"MNX Mo\u0161ke hla\u010de Oxygen, black"},"content":{"rendered":"<p>Elegantne hla\u010de MNX Oxygen.<\/p>\n<ul>\n<li>Iz mehkega in toplega bomba\u017ea,<\/li>\n<li>klasi\u010dni \u017eepi na obeh straneh,<\/li>\n<li>elasti\u010den pas z nastavljivo vrvico,<\/li>\n<li>edinstven dizajn in podrobnosti.<\/li>\n<\/ul>\n<p><strong>Material<\/strong>: 80% bomba\u017e, 20% poliester (5% kr\u010denje)<br \/>\n<strong>Barva<\/strong>: kot na sliki<br \/>\n<strong>Te\u017ea<\/strong>: pribl. 500 gramov<br \/>\n<strong>Velikosti<\/strong>: S\/M, L\/XL, XXL\/3XL<\/p>\n","protected":false},"excerpt":{"rendered":"<p><span class=\"HwtZe\" lang=\"sl\"><span class=\"jCAhz ChMk0b\"><span class=\"ryNqvb\">Dopolnite svojo garderobo s temi elegantnimi hla\u010dami Oxygen.<\/span><\/span> <span class=\"jCAhz ChMk0b\"><span class=\"ryNqvb\">Izdelana iz toplega in mehkega bomba\u017ea za maksimalno udobje.<\/span><\/span> <span class=\"jCAhz ChMk0b\"><span class=\"ryNqvb\">S stranskimi \u017eepi in elasti\u010dnim pasom.<\/span><\/span> <span class=\"jCAhz ChMk0b\"><span class=\"ryNqvb\">Na voljo v ve\u010d barvah.<\/span><\/span> <span class=\"jCAhz ChMk0b\"><span class=\"ryNqvb\">Kombinirajte te hla\u010de z jopo s kapuco Oxygen in ustvarite popoln outfit.<\/span><\/span><br \/>\n<\/span><\/p>\n","protected":false},"featured_media":353050,"comment_status":"open","ping_status":"closed","template":"","meta":[],"product_brand":[],"product_cat":[3587,3285],"product_tag":[],"class_list":{"0":"post-354575","1":"product","2":"type-product","3":"status-publish","4":"has-post-thumbnail","6":"product_cat-obnovite-zaloge","7":"product_cat-oxygen-sl","8":"yith_product_brand-mnx-sl","9":"yith_product_brand-oxygen-sl","11":"first","12":"instock","13":"taxable","14":"shipping-taxable","15":"purchasable","16":"product-type-variable"},"exclude_global_add_ons":[],"addons":[],"_links":{"self":[{"href":"https:\/\/mnxsportswear.com\/sl\/wp-json\/wp\/v2\/product\/354575","targetHints":{"allow":["GET"]}}],"collection":[{"href":"https:\/\/mnxsportswear.com\/sl\/wp-json\/wp\/v2\/product"}],"about":[{"href":"https:\/\/mnxsportswear.com\/sl\/wp-json\/wp\/v2\/types\/product"}],"replies":[{"embeddable":true,"href":"https:\/\/mnxsportswear.com\/sl\/wp-json\/wp\/v2\/comments?post=354575"}],"version-history":[{"count":0,"href":"https:\/\/mnxsportswear.com\/sl\/wp-json\/wp\/v2\/product\/354575\/revisions"}],"wp:featuredmedia":[{"embeddable":true,"href":"https:\/\/mnxsportswear.com\/sl\/wp-json\/wp\/v2\/media\/353050"}],"wp:attachment":[{"href":"https:\/\/mnxsportswear.com\/sl\/wp-json\/wp\/v2\/media?parent=354575"}],"wp:term":[{"taxonomy":"product_brand","embeddable":true,"href":"https:\/\/mnxsportswear.com\/sl\/wp-json\/wp\/v2\/product_brand?post=354575"},{"taxonomy":"product_cat","embeddable":true,"href":"https:\/\/mnxsportswear.com\/sl\/wp-json\/wp\/v2\/product_cat?post=354575"},{"taxonomy":"product_tag","embeddable":true,"href":"https:\/\/mnxsportswear.com\/sl\/wp-json\/wp\/v2\/product_tag?post=354575"}],"curies":[{"name":"wp","href":"https:\/\/api.w.org\/{rel}","templated":true}]}}