{"id":354579,"date":"2022-12-05T14:49:22","date_gmt":"2022-12-05T13:49:22","guid":{"rendered":"https:\/\/mnxsportswear.com\/product\/mnx-hoodie-xforce-2-0-grey\/"},"modified":"2026-03-02T04:48:20","modified_gmt":"2026-03-02T03:48:20","slug":"mnx-moska-jopa-xforce-2-0-grey","status":"publish","type":"product","link":"https:\/\/mnxsportswear.com\/sl\/product\/mnx-moska-jopa-xforce-2-0-grey\/","title":{"rendered":"MNX Mo\u0161ka jopa Xforce 2.0, grey"},"content":{"rendered":"<p>MNX bomba\u017eni pulover s kapuco XFORCE 2.0 z edinstvenim dizajnom.<\/p>\n<ul>\n<li>Izdelan iz mehke me\u0161anice bomba\u017ea za maksimalno udobje,<\/li>\n<li>stranski \u017eepi,<\/li>\n<li>kapuca z vrvico za nastavljivo prileganje,<\/li>\n<li>edinstven dizajn in detajli,<\/li>\n<li>iz kolekcije Special Edition.<\/li>\n<\/ul>\n<p><strong>Material<\/strong>: 100% bomba\u017e;<br \/>\n<strong>Barva<\/strong>: kot na sliki<br \/>\n<strong>Stil\/model<\/strong>: klasi\u010den<br \/>\n<strong>Velikosti<\/strong>: S, M, L, XL, 2XL, 3XL<\/p>\n","protected":false},"excerpt":{"rendered":"<p><span class=\"HwtZe\" lang=\"sl\"><span class=\"jCAhz ChMk0b\"><span class=\"ryNqvb\">Ta pulover s kapuco Xforce zdru\u017euje svet \u0161portnih obla\u010dil in mode ter daje videz, ki ni podoben nobenemu drugemu v liniji bodybuildinga.<\/span><\/span> <span class=\"jCAhz ChMk0b\"><span class=\"ryNqvb\">Z udobnim, vsakodnevnim prileganjem bo hitro postal va\u0161a izbira za vsakodnevni outfit za vse namene.<\/span><\/span> <span class=\"jCAhz ChMk0b\"><span class=\"ryNqvb\">Iz mehke in tople me\u0161anice bomba\u017ea s stranskimi \u017eepi, kapuco z vrvico za prilagajanje kroja ter rebrastimi man\u0161etami in robom.<\/span><\/span> <span class=\"jCAhz ChMk0b\"><span class=\"ryNqvb\">Kombinirajte ta pulover s hla\u010dami Xforce in ustvarite popoln outfit.<\/span><\/span><\/span><\/p>\n","protected":false},"featured_media":353510,"comment_status":"open","ping_status":"closed","template":"","meta":[],"product_brand":[],"product_cat":[3270,3269,3260,3281],"product_tag":[],"class_list":{"0":"post-354579","1":"product","2":"type-product","3":"status-publish","4":"has-post-thumbnail","6":"product_cat-jope","7":"product_cat-jope-in-dolge-majice","8":"product_cat-mosko","9":"product_cat-x-force-sl","10":"yith_product_brand-mnx-sl","12":"first","13":"instock","14":"sale","15":"featured","16":"taxable","17":"shipping-taxable","18":"purchasable","19":"product-type-variable"},"exclude_global_add_ons":[],"addons":[],"_links":{"self":[{"href":"https:\/\/mnxsportswear.com\/sl\/wp-json\/wp\/v2\/product\/354579","targetHints":{"allow":["GET"]}}],"collection":[{"href":"https:\/\/mnxsportswear.com\/sl\/wp-json\/wp\/v2\/product"}],"about":[{"href":"https:\/\/mnxsportswear.com\/sl\/wp-json\/wp\/v2\/types\/product"}],"replies":[{"embeddable":true,"href":"https:\/\/mnxsportswear.com\/sl\/wp-json\/wp\/v2\/comments?post=354579"}],"version-history":[{"count":1,"href":"https:\/\/mnxsportswear.com\/sl\/wp-json\/wp\/v2\/product\/354579\/revisions"}],"predecessor-version":[{"id":406935,"href":"https:\/\/mnxsportswear.com\/sl\/wp-json\/wp\/v2\/product\/354579\/revisions\/406935"}],"wp:featuredmedia":[{"embeddable":true,"href":"https:\/\/mnxsportswear.com\/sl\/wp-json\/wp\/v2\/media\/353510"}],"wp:attachment":[{"href":"https:\/\/mnxsportswear.com\/sl\/wp-json\/wp\/v2\/media?parent=354579"}],"wp:term":[{"taxonomy":"product_brand","embeddable":true,"href":"https:\/\/mnxsportswear.com\/sl\/wp-json\/wp\/v2\/product_brand?post=354579"},{"taxonomy":"product_cat","embeddable":true,"href":"https:\/\/mnxsportswear.com\/sl\/wp-json\/wp\/v2\/product_cat?post=354579"},{"taxonomy":"product_tag","embeddable":true,"href":"https:\/\/mnxsportswear.com\/sl\/wp-json\/wp\/v2\/product_tag?post=354579"}],"curies":[{"name":"wp","href":"https:\/\/api.w.org\/{rel}","templated":true}]}}