{"id":354595,"date":"2022-12-05T14:08:25","date_gmt":"2022-12-05T13:08:25","guid":{"rendered":"https:\/\/mnxsportswear.com\/product\/mnx-ribbed-pants-hammer-2-0-grey\/"},"modified":"2026-03-01T18:05:36","modified_gmt":"2026-03-01T17:05:36","slug":"mnx-moske-ribbed-hlace-hammer-2-0-grey","status":"publish","type":"product","link":"https:\/\/mnxsportswear.com\/sl\/product\/mnx-moske-ribbed-hlace-hammer-2-0-grey\/","title":{"rendered":"MNX Mo\u0161ke Ribbed hla\u010de Hammer 2.0, grey"},"content":{"rendered":"<p>MNX hla\u010de Hammer 2.0.<\/p>\n<ul>\n<li>mehak rebrast material,<\/li>\n<li>detajli iz mre\u017eastega blaga,<\/li>\n<li>stranski \u017eepi z zadrgo,<\/li>\n<li>reliefni gumijasti tisk,<\/li>\n<li>Hammer 2.0 na\u0161itek.<\/li>\n<\/ul>\n<p><strong>Material<\/strong>: 65% bomba\u017e, 35% poliester<br \/>\n<strong>Barva<\/strong>: kot na sliki<br \/>\n<strong>Stil<\/strong>: oversized<br \/>\n<strong>Te\u017ea<\/strong>: pribl. 550 gramov<br \/>\n<strong>Velikosti<\/strong>:\u00a0S, M, L, XL, 2XL, 3XL<\/p>\n","protected":false},"excerpt":{"rendered":"<p><span class=\"HwtZe\" lang=\"sl\"><span class=\"jCAhz ChMk0b\"><span class=\"ryNqvb\">Vsakdo potrebuje odli\u010dne hla\u010de za trening ali prosti \u010das.<\/span><\/span> <span class=\"jCAhz ChMk0b\"><span class=\"ryNqvb\">Hla\u010de Hammer so narejene iz mehkega rebrastega blaga za hladnej\u0161e dni.<\/span><\/span> <span class=\"jCAhz ChMk0b\"><span class=\"ryNqvb\">S stranskimi \u017eepi na zadrgo, elasti\u010dnim pasom z nastavljivo notranjo vrvico in MNX logotipi.<\/span><\/span> <span class=\"jCAhz ChMk0b\"><span class=\"ryNqvb\">Na voljo v ve\u010d barvah.<\/span><\/span> <span class=\"jCAhz ChMk0b\"><span class=\"ryNqvb\">Kombinirajte te hla\u010de s topi za trening Hammer in ustvarite popoln outfit.<\/span><\/span><br \/>\n<\/span><\/p>\n","protected":false},"featured_media":353004,"comment_status":"open","ping_status":"closed","template":"","meta":[],"product_brand":[],"product_cat":[3272,3277,3274,3260,3587],"product_tag":[],"class_list":{"0":"post-354595","1":"product","2":"type-product","3":"status-publish","4":"has-post-thumbnail","6":"product_cat-dolge-hlace","7":"product_cat-hammer-sl","8":"product_cat-loose-fit-hlace","9":"product_cat-mosko","10":"product_cat-obnovite-zaloge","11":"yith_product_brand-hammer-sl","12":"yith_product_brand-mnx-sl","14":"first","15":"instock","16":"featured","17":"taxable","18":"shipping-taxable","19":"purchasable","20":"product-type-variable"},"exclude_global_add_ons":[],"addons":[],"_links":{"self":[{"href":"https:\/\/mnxsportswear.com\/sl\/wp-json\/wp\/v2\/product\/354595","targetHints":{"allow":["GET"]}}],"collection":[{"href":"https:\/\/mnxsportswear.com\/sl\/wp-json\/wp\/v2\/product"}],"about":[{"href":"https:\/\/mnxsportswear.com\/sl\/wp-json\/wp\/v2\/types\/product"}],"replies":[{"embeddable":true,"href":"https:\/\/mnxsportswear.com\/sl\/wp-json\/wp\/v2\/comments?post=354595"}],"version-history":[{"count":1,"href":"https:\/\/mnxsportswear.com\/sl\/wp-json\/wp\/v2\/product\/354595\/revisions"}],"predecessor-version":[{"id":406818,"href":"https:\/\/mnxsportswear.com\/sl\/wp-json\/wp\/v2\/product\/354595\/revisions\/406818"}],"wp:featuredmedia":[{"embeddable":true,"href":"https:\/\/mnxsportswear.com\/sl\/wp-json\/wp\/v2\/media\/353004"}],"wp:attachment":[{"href":"https:\/\/mnxsportswear.com\/sl\/wp-json\/wp\/v2\/media?parent=354595"}],"wp:term":[{"taxonomy":"product_brand","embeddable":true,"href":"https:\/\/mnxsportswear.com\/sl\/wp-json\/wp\/v2\/product_brand?post=354595"},{"taxonomy":"product_cat","embeddable":true,"href":"https:\/\/mnxsportswear.com\/sl\/wp-json\/wp\/v2\/product_cat?post=354595"},{"taxonomy":"product_tag","embeddable":true,"href":"https:\/\/mnxsportswear.com\/sl\/wp-json\/wp\/v2\/product_tag?post=354595"}],"curies":[{"name":"wp","href":"https:\/\/api.w.org\/{rel}","templated":true}]}}