{"id":354624,"date":"2022-12-02T09:23:07","date_gmt":"2022-12-02T08:23:07","guid":{"rendered":"https:\/\/mnxsportswear.com\/product\/mnx-bodybuilding-cotton-pants-xforce-2-0\/"},"modified":"2026-03-03T11:55:56","modified_gmt":"2026-03-03T10:55:56","slug":"mnx-bodybuilding-bombazne-hlace-xforce-2-0","status":"publish","type":"product","link":"https:\/\/mnxsportswear.com\/sl\/product\/mnx-bodybuilding-bombazne-hlace-xforce-2-0\/","title":{"rendered":"MNX Bodybuilding bomba\u017ene hla\u010de Xforce 2.0"},"content":{"rendered":"<p>Bomba\u017ene hla\u010de MNX Bodybuilding.<\/p>\n<ul>\n<li>Iz lahkega bomba\u017ea,<\/li>\n<li>klasi\u010dni \u017eepi na obeh straneh,<\/li>\n<li>elasti\u010den pas z nastavljivo vrvico,<\/li>\n<li>edinstven dizajn in detajli,<\/li>\n<li>iz kolekcije Special Edition.<\/li>\n<\/ul>\n<p><strong>Material<\/strong>: 100% bomba\u017e<br \/>\n<strong>Barva<\/strong>: kot na sliki<br \/>\n<strong>Te\u017ea<\/strong>: 250 gramov<br \/>\n<strong>Velikosti<\/strong>: S, M, L, XL, XXL, 3XL<\/p>\n","protected":false},"excerpt":{"rendered":"<p><span class=\"HwtZe\" lang=\"sl\"><span class=\"jCAhz ChMk0b\"><span class=\"ryNqvb\">Hla\u010de Xforce zdru\u017eujejo svet \u0161portnih obla\u010dil in mode ter dajejo videz, ki mu ni para v liniji bodybuildinga.<\/span><\/span> <span class=\"jCAhz ChMk0b\"><span class=\"ryNqvb\">Izdelane iz 100% bomba\u017ea z originalnim potiskom MNX.<\/span><\/span> <span class=\"jCAhz ChMk0b\"><span class=\"ryNqvb\">Klasi\u010dni \u017eepi na obeh straneh in elasti\u010den pas z nastavljivo vrvico.<\/span><\/span> <span class=\"jCAhz ChMk0b\"><span class=\"ryNqvb\">Te hla\u010de nudijo maksimalno udobje zahvaljujo\u010d mehki tkanini.<\/span><\/span> <span class=\"jCAhz ChMk0b\"><span class=\"ryNqvb\">Kombinirajte te hla\u010de s hudijem Xforce in ustvarite popoln outfit.<\/span><\/span><\/span><\/p>\n","protected":false},"featured_media":353515,"comment_status":"open","ping_status":"closed","template":"","meta":[],"product_brand":[],"product_cat":[3272,3274],"product_tag":[],"class_list":{"0":"post-354624","1":"product","2":"type-product","3":"status-publish","4":"has-post-thumbnail","6":"product_cat-dolge-hlace","7":"product_cat-loose-fit-hlace","9":"first","10":"instock","11":"sale","12":"taxable","13":"shipping-taxable","14":"purchasable","15":"product-type-variable"},"exclude_global_add_ons":[],"addons":[],"_links":{"self":[{"href":"https:\/\/mnxsportswear.com\/sl\/wp-json\/wp\/v2\/product\/354624","targetHints":{"allow":["GET"]}}],"collection":[{"href":"https:\/\/mnxsportswear.com\/sl\/wp-json\/wp\/v2\/product"}],"about":[{"href":"https:\/\/mnxsportswear.com\/sl\/wp-json\/wp\/v2\/types\/product"}],"replies":[{"embeddable":true,"href":"https:\/\/mnxsportswear.com\/sl\/wp-json\/wp\/v2\/comments?post=354624"}],"version-history":[{"count":1,"href":"https:\/\/mnxsportswear.com\/sl\/wp-json\/wp\/v2\/product\/354624\/revisions"}],"predecessor-version":[{"id":406869,"href":"https:\/\/mnxsportswear.com\/sl\/wp-json\/wp\/v2\/product\/354624\/revisions\/406869"}],"wp:featuredmedia":[{"embeddable":true,"href":"https:\/\/mnxsportswear.com\/sl\/wp-json\/wp\/v2\/media\/353515"}],"wp:attachment":[{"href":"https:\/\/mnxsportswear.com\/sl\/wp-json\/wp\/v2\/media?parent=354624"}],"wp:term":[{"taxonomy":"product_brand","embeddable":true,"href":"https:\/\/mnxsportswear.com\/sl\/wp-json\/wp\/v2\/product_brand?post=354624"},{"taxonomy":"product_cat","embeddable":true,"href":"https:\/\/mnxsportswear.com\/sl\/wp-json\/wp\/v2\/product_cat?post=354624"},{"taxonomy":"product_tag","embeddable":true,"href":"https:\/\/mnxsportswear.com\/sl\/wp-json\/wp\/v2\/product_tag?post=354624"}],"curies":[{"name":"wp","href":"https:\/\/api.w.org\/{rel}","templated":true}]}}